{"id":1234,"date":"2023-04-06T17:49:22","date_gmt":"2023-04-06T16:49:22","guid":{"rendered":"https:\/\/exelfil.com\/startseite\/"},"modified":"2025-12-22T15:58:29","modified_gmt":"2025-12-22T14:58:29","slug":"startseite","status":"publish","type":"page","link":"https:\/\/exelfil.com\/de\/","title":{"rendered":"Startseite"},"content":{"rendered":"    \n<div id=\"hero-block_71373439be6b6e1056eda8564a22cec4\" class=\"hero-block relative z-1\">\n\n    <div class=\"relative h-screen\">\n        \n        <div class=\"carousel h-full hero-carousel\">\n        \n            \n                <div class=\"slide h-full\">\n\n                    <div class=\"relative h-full\">\n\n                        <img decoding=\"async\" class=\"w-full h-full object-cover opacity-[30%]\" src=\"https:\/\/exelfil.com\/wp-content\/uploads\/2025\/06\/CULTURA-2-1920x1281.jpg\" alt=\"\">\n\n                        <div class=\"absolute z-0 top-[30vh] lg:top-28 left-5 right-5 lg:left-11 lg:right-11 flex lg:block flex-col justify-center\">\n\n                            <h1 class=\"mb-6 font-sans title text-center lg:text-left max-w-5xl px-4 lg:px-0\">BLANKDRAHT UND WEICHGEGL\u00dcHTER DRAHT SEIT 1994<\/h1>\n\n                                                            \n                                <a class=\"hero-button self-center\" href=\"https:\/\/exelfil.com\/equipo\/\" target=\"_self\">Mehr \u00fcber uns<\/a>\n                            \n                                                        \n                        <\/div>\n\n                    <\/div>\n\n                <\/div>\n\n            \n                <div class=\"slide h-full\">\n\n                    <div class=\"relative h-full\">\n\n                        <img decoding=\"async\" class=\"w-full h-full object-cover opacity-[30%]\" src=\"https:\/\/exelfil.com\/wp-content\/uploads\/2025\/06\/HISTORIA-2-1920x1280.jpg\" alt=\"\">\n\n                        <div class=\"absolute z-0 top-[30vh] lg:top-28 left-5 right-5 lg:left-11 lg:right-11 flex lg:block flex-col justify-center\">\n\n                            <h1 class=\"mb-6 font-sans title text-center lg:text-left max-w-5xl px-4 lg:px-0\">Ein brillantes Engagement f\u00fcr die Zukunft.<\/h1>\n\n                                                            \n                                <a class=\"hero-button self-center\" href=\"https:\/\/exelfil.com\/ecosystem\/sostenibilidad\/\" target=\"_self\">Mehr \u00fcber Nachhaltigkeit<\/a>\n                            \n                                                        \n                        <\/div>\n\n                    <\/div>\n\n                <\/div>\n\n            \n                <div class=\"slide h-full\">\n\n                    <div class=\"relative h-full\">\n\n                        <img decoding=\"async\" class=\"w-full h-full object-cover opacity-[30%]\" src=\"https:\/\/exelfil.com\/wp-content\/uploads\/2025\/06\/DETALLE-PRODUCTO.png\" alt=\"\">\n\n                        <div class=\"absolute z-0 top-[30vh] lg:top-28 left-5 right-5 lg:left-11 lg:right-11 flex lg:block flex-col justify-center\">\n\n                            <h1 class=\"mb-6 font-sans title text-center lg:text-left max-w-5xl px-4 lg:px-0\">Nachhaltige Verpackung, die zur Kreislaufwirtschaft beitr\u00e4gt.<\/h1>\n\n                                                            \n                                <a class=\"hero-button self-center\" href=\"https:\/\/exelfil.com\/ecosystem\/logistica\/\" target=\"_self\">Mehr \u00fcber Logistik<\/a>\n                            \n                                                        \n                        <\/div>\n\n                    <\/div>\n\n                <\/div>\n\n            \n        <\/div>\n\n        \n            <div class=\"lg:hidden absolute bottom-14 left-0 right-0 flex justify-center \">\n                <img decoding=\"async\" class=\"block h-20 w-auto\" src=\"https:\/\/exelfil.com\/wp-content\/uploads\/2025\/12\/ALAMBRE-DE-ACERO-doble-1280x394.png\" alt=\"\"> \n            <\/div>\n\n        \n    <\/div>\n\n    \n    <div class=\"js-home-hero-bottom lg:absolute lg:z-0 bottom-0 left-0 w-full overflow-hidden lg:border-t border-light-gray pt-6 pb-10\">\n\n        <div class=\"bg-linear hidden lg:block absolute inset-0 pointer-events-none z-0\"><\/div>\n        \n        <div class=\"px-2 5 lg:px-10\">\n\n            <div class=\"lg:flex justify-between\">\n\n                                \n                    <ul class=\"hero-text-carousel font-sans lg:w-3\/4\">\n\n                        \n                            <li class=\"lg:px-4 mb-10 lg:mb-0\">\n\n                                <h2 class=\"text-2xl mb-4 leading-tighter text-white\">Ma\u00dfgeschneiderter Blank- und Gl\u00fchdraht<\/h2>\n                                \n                                <p class=\"text-sm leading-tight text-mid-gray\"><p><b>Ma\u00dfgeschneiderter Blank- und Gl\u00fchdraht<\/b><\/p>\n<p><b><\/b><b>Pers\u00f6nlicher Service f\u00fcr jeden Kunden<\/b><span style=\"font-weight: 400;\"><br \/>\n<\/span><span style=\"font-weight: 400;\">Wir <\/span><b>von Exel Fil<\/b><span style=\"font-weight: 400;\"> sind Spezialisten f\u00fcr die <\/span><b>Herstellung von Blank- und Gl\u00fchstahldraht<\/b><span style=\"font-weight: 400;\">, der auf die spezifischen Bed\u00fcrfnisse der einzelnen Branchen zugeschnitten ist.<\/span><span style=\"font-weight: 400;\"><br \/>\n<\/span><span style=\"font-weight: 400;\">Wir passen <\/span><b>Durchmesser, Festigkeit, Dehnung, Gewicht, Ausf\u00fchrung und Spulentyp<\/b><span style=\"font-weight: 400;\"> an und gew\u00e4hrleisten so, dass jedes Produkt die <\/span><b>h\u00f6chsten technischen und Qualit\u00e4tsanforderungen<\/b><span style=\"font-weight: 400;\"> erf\u00fcllt.<\/span><span style=\"font-weight: 400;\"><br \/>\n<\/span><span style=\"font-weight: 400;\">Unser flexibler Prozess erm\u00f6glicht es uns, einen <\/span><b>ma\u00dfgeschneiderten Draht<\/b><span style=\"font-weight: 400;\"> anzubieten, der f\u00fcr Leistung und Haltbarkeit in jeder Anwendung optimiert ist.<\/span><\/p>\n<\/p>\n\n                            <\/li>\n\n                        \n                            <li class=\"lg:px-4 mb-10 lg:mb-0\">\n\n                                <h2 class=\"text-2xl mb-4 leading-tighter text-white\">Schnelle und effiziente Produktion<\/h2>\n                                \n                                <p class=\"text-sm leading-tight text-mid-gray\"><p><b>Schnelle und kontinuierliche Lieferung<\/b><\/p>\n<p><span style=\"font-weight: 400;\">Dank <\/span><b>fortschrittlicher Technologie<\/b><span style=\"font-weight: 400;\"> und eines <\/span><b>24\/7-Produktionssystems<\/b><span style=\"font-weight: 400;\"> gew\u00e4hrleisten wir bei Exel Fil die <\/span><b>wettbewerbsf\u00e4higsten Lieferzeiten<\/b><span style=\"font-weight: 400;\"> der Branche.<\/span><span style=\"font-weight: 400;\"><br \/>\n<\/span><span style=\"font-weight: 400;\">Unsere Erfahrung und die umfassende Kontrolle \u00fcber die Fertigung erm\u00f6glichen es uns, <\/span><b>schnell auf jede Lieferungsnotlage zu reagieren<\/b><span style=\"font-weight: 400;\"> und uns als <\/span><b>f\u00fchrendes Unternehmen in der Stahldrahtherstellung in Europa<\/b><span style=\"font-weight: 400;\"> zu positionieren.<\/span><\/p>\n<\/p>\n\n                            <\/li>\n\n                        \n                            <li class=\"lg:px-4 mb-10 lg:mb-0\">\n\n                                <h2 class=\"text-2xl mb-4 leading-tighter text-white\">Qualit\u00e4tsgarantie<\/h2>\n                                \n                                <p class=\"text-sm leading-tight text-mid-gray\"><p><b>Zertifizierte Tests und vollst\u00e4ndige Kontrolle<\/b><\/p>\n<p><span style=\"font-weight: 400;\">Wir verf\u00fcgen \u00fcber ein <\/span><b>eigenes Labor f\u00fcr mechanische Pr\u00fcfungen<\/b><span style=\"font-weight: 400;\">, das <\/span><b>Zug- und Festigkeitspr\u00fcfungen bei Raumtemperatur<\/b><span style=\"font-weight: 400;\"> an jeder Produktionscharge durchf\u00fchrt.<\/span><span style=\"font-weight: 400;\"><br \/>\n<\/span><span style=\"font-weight: 400;\">Unser Labor ist dabei, von <\/span><b>ENAC<\/b><span style=\"font-weight: 400;\"> gem\u00e4\u00df der Norm <\/span><b>UNE-EN ISO\/IEC 17025<\/b><span style=\"font-weight: 400;\"> akkreditiert zu werden, um die <\/span><b>h\u00f6chste Pr\u00e4zision und R\u00fcckverfolgbarkeit<\/b><span style=\"font-weight: 400;\"> der Ergebnisse zu gew\u00e4hrleisten.<\/span><span style=\"font-weight: 400;\"><br \/>\n<\/span><span style=\"font-weight: 400;\">Diese Methodik erm\u00f6glicht es uns, einen <\/span><b>Stahldraht mit zertifizierter Qualit\u00e4t<\/b><span style=\"font-weight: 400;\"> anzubieten, der die <\/span><b>internationalen mechanischen Eigenschaften und technischen Anforderungen<\/b><span style=\"font-weight: 400;\"> in allen unseren Lieferungen erf\u00fcllt.<\/span><\/p>\n<\/p>\n\n                            <\/li>\n\n                        \n                            <li class=\"lg:px-4 mb-10 lg:mb-0\">\n\n                                <h2 class=\"text-2xl mb-4 leading-tighter text-white\">Zertifizierungen und Engagement f\u00fcr Nachhaltigkeit<\/h2>\n                                \n                                <p class=\"text-sm leading-tight text-mid-gray\"><p><span style=\"font-weight: 400;\">Bei Exel Fil arbeiten wir mit einem zertifizierten, umfassenden Managementsystem, das unser Engagement f\u00fcr Qualit\u00e4t, Sicherheit und Umwelt widerspiegelt.<\/span><span style=\"font-weight: 400;\"><br \/>\n<\/span><span style=\"font-weight: 400;\">Wir verf\u00fcgen \u00fcber die folgenden ISO-Zertifizierungen:<br \/>\n<\/span><span style=\"font-weight: 400;\">ISO 9001 \u2013 Qualit\u00e4tsmanagement<br \/>\n<\/span><span style=\"font-weight: 400;\">ISO 14001 \u2013 Umweltmanagement<br \/>\n<\/span><span style=\"font-weight: 400;\">ISO 14064-1 \u2013 CO2-Fu\u00dfabdruck und Emissionsmanagement<br \/>\n<\/span><span style=\"font-weight: 400;\">ISO 45001 \u2013 Sicherheit und Gesundheitsschutz am Arbeitsplatz<br \/>\n<\/span><span style=\"font-weight: 400;\">ISO 50001 \u2013 Energieeffizienz<br \/>\n<\/span><span style=\"font-weight: 400;\">Diese Zertifizierungen best\u00e4tigen unsere operative Exzellenz und industrielle Nachhaltigkeit und garantieren unseren Kunden zuverl\u00e4ssige Produkte, sichere Prozesse und eine umweltbewusste Produktion.<\/span><\/p>\n<\/p>\n\n                            <\/li>\n\n                        \n                    <\/ul>\n\n                \n                \n                    <div class=\"w-1\/4 hidden lg:flex justify-end \">\n                        <img decoding=\"async\" class=\"block h-20 lg:h-28 w-auto object-contain object-top\" src=\"https:\/\/exelfil.com\/wp-content\/uploads\/2025\/12\/ALAMBRE-DE-ACERO-doble-1280x394.png\" alt=\"\"> \n                    <\/div>\n\n                \n\n\n            <\/div>\n\n                            \n                <a class=\"hero-button hidden lg:inline-block mt-3 relative z-1\" href=\"#nf-form-1-cont\" target=\"_self\">Ich m\u00f6chte Kontakt aufnehmen<\/a>\n            \n            \n\n        <\/div>\n\n    <\/div>\n\n<\/div>\n\n\n    <div id=\"products-block_39079f53c3844a0d3b6fd0871fcd9765\" class=\"products-block lg:border-t border-gray lg:pt-4 mb-24 lg:mb-44\">\n\n            <h3 class=\"mb-10 lg:mb-16 container block-title font-sans text-white text-base lg:text-2xl\">Produkte<\/h3>\n\n        <ul class=\"products-carousel\">\n                    \n            \n<li class=\"product-list-item px-2 transition-opacity duration-300 cursor-pointer js-product-list-item\">\n\n    <div class=\"p-4 bg-dark-gray w-full lg:w-[39.5vw]\" >\n\n        <div class=\"top bg-off-black p-4 mb-16\">\n\n            <h3 class=\"text-3xl text-gray mb-6 font-sans-2 leading-tighter\">\n                \n                <span class=\"block text-white uppercase text-4xl font-sans\">Alambre de acero<\/span>\n\n                (Brillante)        \n            <\/h3>\n\n            <div class=\"flex justify-center -mb-16\">\n\n                <img decoding=\"async\" src=\"https:\/\/exelfil.com\/wp-content\/uploads\/2025\/06\/ALAMBRE-DE-ACERO-BRILLANTE-EN-BOBINA.png\" alt=\"\" class=\"h-[224px] lg:h-[310px]\">\n\n            <\/div>\n\n        <\/div>\n\n        <div class=\"px-6 lg:px-10 min-h-[160px] lg:min-h-[190px]\">\n\n            <div class=\"mb0 text-white opacity-50 font-sans-2 text-base lg:text-xl text-center leading-tight max-w-md mx-auto\"><p>Fabricado a trav\u00e9s de procesos de trefilado de precisi\u00f3n, este producto no solo destaca por su acabado luminoso y est\u00e9ticamente agradable, sino tambi\u00e9n por su durabilidad y resistencia.<\/p>\n<\/div>\n\n        <\/div>\n\n        <div class=\"flex justify-center mb-6 lg:mb-20\">\n\n            <a class=\"button red block z-0 small\" href=\"https:\/\/exelfil.com\/product_cat\/alambre-de-acero-brillante\/\">+<\/a>\n\n        <\/div>\n\n    <\/div>\n\n<\/li>\n\n\n            \n<li class=\"product-list-item px-1 transition-opacity duration-300 cursor-pointer js-product-list-item\">\n\n    <div class=\"p-4 bg-dark-gray w-full lg:w-[39.5vw]\" >\n\n        <div class=\"top bg-off-black p-4 mb-16\">\n\n            <h3 class=\"text-3xl text-gray mb-6 font-sans-2 leading-tighter\">\n                \n                <span class=\"block text-white uppercase text-4xl font-sans\">Stahldraht<\/span>\n\n                (Gegl\u00fcht)        \n            <\/h3>\n\n            <div class=\"flex justify-center -mb-16\">\n\n                <img decoding=\"async\" src=\"https:\/\/exelfil.com\/wp-content\/uploads\/2025\/06\/Home_producte2-des.png\" alt=\"\" class=\"h-[224px] lg:h-[310px]\">\n\n            <\/div>\n\n        <\/div>\n\n        <div class=\"px-6 lg:px-10 min-h-[160px] lg:min-h-[190px]\">\n\n            <p class=\"mb0 text-white opacity-50 font-sans-2 text-base lg:text-xl text-center leading-tight max-w-md mx-auto\">Der gegl\u00fchte Draht f\u00fcr Pressen von Exelfil ist die optimale L\u00f6sung f\u00fcr Press- und Verpackungsanwendungen und bietet un\u00fcbertroffene Festigkeit, Flexibilit\u00e4t und Haltbarkeit.<\/p>\n\n        <\/div>\n\n        <div class=\"flex justify-center mb-6 lg:mb-20\">\n\n            <a class=\"button red block z-0 small\" href=\"https:\/\/exelfil.com\/de\/product\/gegluehtes-stahl-rolle\/\">+<\/a>\n\n        <\/div>\n\n    <\/div>\n\n<\/li>\n<li class=\"product-list-item px-1 transition-opacity duration-300 cursor-pointer js-product-list-item\">\n\n    <div class=\"p-4 bg-dark-gray w-full lg:w-[39.5vw]\" >\n\n        <div class=\"top bg-off-black p-4 mb-16\">\n\n            <h3 class=\"text-3xl text-gray mb-6 font-sans-2 leading-tighter\">\n                \n                <span class=\"block text-white uppercase text-4xl font-sans\">Stahldraht<\/span>\n\n                (Abholung)        \n            <\/h3>\n\n            <div class=\"flex justify-center -mb-16\">\n\n                <img decoding=\"async\" src=\"https:\/\/exelfil.com\/wp-content\/uploads\/2025\/07\/PICK-UP-TRIMMED.png\" alt=\"Abholung\" class=\"h-[224px] lg:h-[310px]\">\n\n            <\/div>\n\n        <\/div>\n\n        <div class=\"px-6 lg:px-10 min-h-[160px] lg:min-h-[190px]\">\n\n            <p class=\"mb0 text-white opacity-50 font-sans-2 text-base lg:text-xl text-center leading-tight max-w-md mx-auto\">Gegl\u00fchter Draht f\u00fcr automatische Pressen, zum Verpacken von Papier, Karton, Kunststoff und Siedlungsabf\u00e4llen mit automatischer Bindung. Draht gezogen nach EN-16120\/2. <\/p>\n\n        <\/div>\n\n        <div class=\"flex justify-center mb-6 lg:mb-20\">\n\n            <a class=\"button red block z-0 small\" href=\"https:\/\/exelfil.com\/de\/product\/gegluehter-stahl-aufnahme\/\">+<\/a>\n\n        <\/div>\n\n    <\/div>\n\n<\/li>\n        <\/ul>\n\n    <\/div>\n\n\n<div id=\"applications-block_731bf26986cdc2eae345c96b2428fa04\" class=\"applications-block overflowed\">\n\n        <h3 class=\"mb-10 lg:mb-16 container block-title font-sans text-white text-base lg:text-2xl\">Anwendungen<\/h3>\n        \n    <div class=\"applications-carousel\">\n    \n        \n            <div class=\"slide h-full\">\n\n                <div class=\"px-1\">\n                \n                    <img decoding=\"async\" class=\"aspect-[3\/4] object-cover w-full h-full block mb-1 transition-opacity opacity-75 hover:opacity-100 duration-100\" src=\"https:\/\/exelfil.com\/wp-content\/uploads\/2025\/06\/WhatsApp-Image-2024-06-07-at-13.28.26.png\" alt=\"\">\n                    <div class=\"text-gray font-sans-2 text-base lg:text-xl\">Industrie<\/div>\n                    <div class=\"text-white text-2\"><\/div>\n                \n                <\/div>\n\n            <\/div>\n\n        \n            <div class=\"slide h-full\">\n\n                <div class=\"px-1\">\n                \n                    <img decoding=\"async\" class=\"aspect-[3\/4] object-cover w-full h-full block mb-1 transition-opacity opacity-75 hover:opacity-100 duration-100\" src=\"https:\/\/exelfil.com\/wp-content\/uploads\/2025\/06\/pexels-igor-starkov-233202-1117452.png\" alt=\"\">\n                    <div class=\"text-gray font-sans-2 text-base lg:text-xl\">Konstruktion<\/div>\n                    <div class=\"text-white text-2\"><\/div>\n                \n                <\/div>\n\n            <\/div>\n\n        \n            <div class=\"slide h-full\">\n\n                <div class=\"px-1\">\n                \n                    <img decoding=\"async\" class=\"aspect-[3\/4] object-cover w-full h-full block mb-1 transition-opacity opacity-75 hover:opacity-100 duration-100\" src=\"https:\/\/exelfil.com\/wp-content\/uploads\/2025\/06\/pexels-nc-farm-bureau-mark-8428969.png\" alt=\"\">\n                    <div class=\"text-gray font-sans-2 text-base lg:text-xl\">Landwirtschaft<\/div>\n                    <div class=\"text-white text-2\"><\/div>\n                \n                <\/div>\n\n            <\/div>\n\n        \n            <div class=\"slide h-full\">\n\n                <div class=\"px-1\">\n                \n                    <img decoding=\"async\" class=\"aspect-[3\/4] object-cover w-full h-full block mb-1 transition-opacity opacity-75 hover:opacity-100 duration-100\" src=\"https:\/\/exelfil.com\/wp-content\/uploads\/2025\/06\/pexels-apasaric-356286.png\" alt=\"\">\n                    <div class=\"text-gray font-sans-2 text-base lg:text-xl\">Architektur<\/div>\n                    <div class=\"text-white text-2\"><\/div>\n                \n                <\/div>\n\n            <\/div>\n\n        \n    <\/div>   \n\n<\/div>\n\n\n<div id=\"ecosistema-block_191f830804d0ec520c49782c7c69dd85\" class=\"ecosistema-block js-home-ecosistema-block lg:border-t border-gray lg:pt-4 px-1 lg:px-11\">\n\n        <h3 class=\"mb-10 lg:mb-16 container block-title font-sans text-white text-base lg:text-2xl\">\u00d6kosystem<\/h3>\n\n    <ul class=\"ecosystem-carousel lg-accordion lg:flex w-full\">\n\t\t\t\t\n\t\t\n<li class=\"ecosystem-item px-1 flex-basis-[10%] flex-grow-0 accordion-item h-[70vh] lg:h-[520px] transition-width duration-500  expanded\">\n\n    <div class=\"h-full accordion-content\" >\n\n        <div class=\"inner h-full\">\n\n\t\t\t<div class=\"h-full relative\">\n\n                <a class=\"absolute inset-0 h-full z-0 accordion-title flex flex-col justify-between h-full lg:p-8\" href=\"https:\/\/exelfil.com\/de\/ecosystem\/nachhaltigkeit\/\">\n\n                    <img decoding=\"async\" src=\"https:\/\/exelfil.com\/wp-content\/uploads\/2025\/06\/pexels-freestockpro-1227513-1280x852.jpg\" alt=\"\" class=\"absolute z-0 h-full w-full inset-0 object-cover \">\n\n                    <div class=\"black-overlay\"><\/div>\n\n                    <div class=\"relative z-1 flex flex-col h-full justify-between py-5 px-6 lg:pt-20 lg:pl-20 overflow-hidden transition-opacity duration-300 lg:opacity-0 inner-content\">\n\n                        <div class=\"top text-white mb-8\">\n\n                            <h3 class=\"mb-4 block uppercase text-4xl font-sans leading-tighter\">Nachhaltigkeit <\/h3>\n\n                            <p class=\"mb0 text-white opacity-75 max-w-md font-sans-2 text-base lg:text-xl leading-tight\">Wir sind uns bewusst, dass sich Exzellenz nicht nur an der Qualit\u00e4t unserer Produkte misst, sondern auch an unserem Einfluss auf die Welt. Daher ist Nachhaltigkeit ein zentraler Bestandteil unseres unternehmerischen Handelns. <\/p>\n\n                        <\/div>\n\n                        <div class=\"flex justify-center bottom\">\n\n                            <span class=\"button red block z-0 small\">+<\/span>\n\n                        <\/div>\n\n                    <\/div> \n\n                <\/a>\n\n            <\/div>\n\n        <\/div>\n\n    <\/div>\n\n<\/li>\n<li class=\"ecosystem-item px-1 flex-basis-[10%] flex-grow-0 accordion-item h-[70vh] lg:h-[520px] transition-width duration-500 \">\n\n    <div class=\"h-full accordion-content\" >\n\n        <div class=\"inner h-full\">\n\n\t\t\t<div class=\"h-full relative\">\n\n                <a class=\"absolute inset-0 h-full z-0 accordion-title flex flex-col justify-between h-full lg:p-8\" href=\"https:\/\/exelfil.com\/de\/ecosystem\/logistik\/\">\n\n                    <img decoding=\"async\" src=\"https:\/\/exelfil.com\/wp-content\/uploads\/2025\/06\/pexels-maksgelatin-9871879-1280x959.jpg\" alt=\"\" class=\"absolute z-0 h-full w-full inset-0 object-cover \">\n\n                    <div class=\"black-overlay\"><\/div>\n\n                    <div class=\"relative z-1 flex flex-col h-full justify-between py-5 px-6 lg:pt-20 lg:pl-20 overflow-hidden transition-opacity duration-300 lg:opacity-0 inner-content\">\n\n                        <div class=\"top text-white mb-8\">\n\n                            <h3 class=\"mb-4 block uppercase text-4xl font-sans leading-tighter\">Logistik <\/h3>\n\n                            <p class=\"mb0 text-white opacity-75 max-w-md font-sans-2 text-base lg:text-xl leading-tight\">Bei Exelfil vereinen sich Effizienz und Exzellenz, um Draht von hoher Qualit\u00e4t auf die effizienteste und nachhaltigste Weise zu liefern. So verbessern unsere Bem\u00fchungen zur Prozessoptimierung sowohl den Kundenservice als auch unser Engagement f\u00fcr eine nachhaltigere Zukunft. <\/p>\n\n                        <\/div>\n\n                        <div class=\"flex justify-center bottom\">\n\n                            <span class=\"button red block z-0 small\">+<\/span>\n\n                        <\/div>\n\n                    <\/div> \n\n                <\/a>\n\n            <\/div>\n\n        <\/div>\n\n    <\/div>\n\n<\/li>\n<li class=\"ecosystem-item px-1 flex-basis-[10%] flex-grow-0 accordion-item h-[70vh] lg:h-[520px] transition-width duration-500 \">\n\n    <div class=\"h-full accordion-content\" >\n\n        <div class=\"inner h-full\">\n\n\t\t\t<div class=\"h-full relative\">\n\n                <a class=\"absolute inset-0 h-full z-0 accordion-title flex flex-col justify-between h-full lg:p-8\" href=\"https:\/\/exelfil.com\/de\/ecosystem\/qualitaet\/\">\n\n                    <img decoding=\"async\" src=\"https:\/\/exelfil.com\/wp-content\/uploads\/2025\/06\/CALIDAD-1280x720.jpg\" alt=\"\" class=\"absolute z-0 h-full w-full inset-0 object-cover \">\n\n                    <div class=\"black-overlay\"><\/div>\n\n                    <div class=\"relative z-1 flex flex-col h-full justify-between py-5 px-6 lg:pt-20 lg:pl-20 overflow-hidden transition-opacity duration-300 lg:opacity-0 inner-content\">\n\n                        <div class=\"top text-white mb-8\">\n\n                            <h3 class=\"mb-4 block uppercase text-4xl font-sans leading-tighter\">Qualit\u00e4t <\/h3>\n\n                            <p class=\"mb0 text-white opacity-75 max-w-md font-sans-2 text-base lg:text-xl leading-tight\">Wir gew\u00e4hrleisten die Qualit\u00e4t und Spezifikationen unserer Kunden, sowohl f\u00fcr das Rohmaterial als auch f\u00fcr unseren gezogenen Draht. <\/p>\n\n                        <\/div>\n\n                        <div class=\"flex justify-center bottom\">\n\n                            <span class=\"button red block z-0 small\">+<\/span>\n\n                        <\/div>\n\n                    <\/div> \n\n                <\/a>\n\n            <\/div>\n\n        <\/div>\n\n    <\/div>\n\n<\/li>\n    <\/ul>\n\n<\/div>\n\n","protected":false},"excerpt":{"rendered":"","protected":false},"author":1,"featured_media":0,"parent":0,"menu_order":0,"comment_status":"closed","ping_status":"closed","template":"","meta":{"_acf_changed":false,"footnotes":""},"class_list":["post-1234","page","type-page","status-publish","hentry"],"acf":[],"_links":{"self":[{"href":"https:\/\/exelfil.com\/de\/wp-json\/wp\/v2\/pages\/1234","targetHints":{"allow":["GET"]}}],"collection":[{"href":"https:\/\/exelfil.com\/de\/wp-json\/wp\/v2\/pages"}],"about":[{"href":"https:\/\/exelfil.com\/de\/wp-json\/wp\/v2\/types\/page"}],"author":[{"embeddable":true,"href":"https:\/\/exelfil.com\/de\/wp-json\/wp\/v2\/users\/1"}],"replies":[{"embeddable":true,"href":"https:\/\/exelfil.com\/de\/wp-json\/wp\/v2\/comments?post=1234"}],"version-history":[{"count":5,"href":"https:\/\/exelfil.com\/de\/wp-json\/wp\/v2\/pages\/1234\/revisions"}],"predecessor-version":[{"id":1789,"href":"https:\/\/exelfil.com\/de\/wp-json\/wp\/v2\/pages\/1234\/revisions\/1789"}],"wp:attachment":[{"href":"https:\/\/exelfil.com\/de\/wp-json\/wp\/v2\/media?parent=1234"}],"curies":[{"name":"wp","href":"https:\/\/api.w.org\/{rel}","templated":true}]}}