{"id":1257,"date":"2025-11-14T10:30:00","date_gmt":"2025-11-14T09:30:00","guid":{"rendered":"https:\/\/exelfil.com\/kultur\/"},"modified":"2025-12-22T12:21:32","modified_gmt":"2025-12-22T11:21:32","slug":"kultur","status":"publish","type":"page","link":"https:\/\/exelfil.com\/de\/kultur\/","title":{"rendered":"Kultur"},"content":{"rendered":"\n<div class=\"wp-block-group is-layout-constrained wp-block-group-is-layout-constrained\">\n<div class=\"wp-block-cover\" style=\"min-height:100vh;aspect-ratio:unset;\"><img loading=\"lazy\" decoding=\"async\" width=\"6000\" height=\"4004\" class=\"wp-block-cover__image-background wp-image-258 size-full\" alt=\"\" src=\"https:\/\/exelfil.com\/wp-content\/uploads\/2025\/07\/CULTURA-2.jpg\" data-object-fit=\"cover\" srcset=\"https:\/\/exelfil.com\/wp-content\/uploads\/2025\/07\/CULTURA-2.jpg 6000w, https:\/\/exelfil.com\/wp-content\/uploads\/2025\/07\/CULTURA-2-1280x854.jpg 1280w, https:\/\/exelfil.com\/wp-content\/uploads\/2025\/07\/CULTURA-2-1920x1281.jpg 1920w\" sizes=\"auto, (max-width: 6000px) 100vw, 6000px\" \/><span aria-hidden=\"true\" class=\"wp-block-cover__background has-black-background-color has-background-dim-70 has-background-dim\"><\/span><div class=\"wp-block-cover__inner-container is-layout-constrained wp-block-cover-is-layout-constrained\">\n<h2 class=\"wp-block-heading has-text-align-center has-white-color has-text-color has-link-color has-large-font-size wp-elements-ebf6332d068c254902aedcbc9a40c421\">Kultur<\/h2>\n\n\n\n<p class=\"has-text-align-center has-white-color has-text-color has-link-color has-medium-font-size wp-elements-a0625bb491ce2a71a1c7e6e848085873\">Wir arbeiten daran, dass Kunden, <br\/>Lieferanten und Team in jedem Schritt Vertrauen, <br\/>Respekt und Professionalit\u00e4t sp\u00fcren.<\/p>\n<\/div><\/div>\n<\/div>\n\n<div style=\"height:200px\" aria-hidden=\"true\" class=\"wp-block-spacer\"><\/div>\n\n<div class=\"wp-block-columns is-layout-flex wp-container-core-columns-is-layout-28f84493 wp-block-columns-is-layout-flex\">\n<div class=\"wp-block-column is-vertically-aligned-center is-layout-flow wp-block-column-is-layout-flow\">\n<figure class=\"wp-block-image alignright size-full is-resized\"><img loading=\"lazy\" decoding=\"async\" width=\"3266\" height=\"2177\" src=\"https:\/\/exelfil.com\/wp-content\/uploads\/2025\/07\/REA8970-color.jpg\" alt=\"\" class=\"wp-image-527\" style=\"aspect-ratio:3\/2;object-fit:cover;width:500px\" srcset=\"https:\/\/exelfil.com\/wp-content\/uploads\/2025\/07\/REA8970-color.jpg 3266w, https:\/\/exelfil.com\/wp-content\/uploads\/2025\/07\/REA8970-color-1280x853.jpg 1280w, https:\/\/exelfil.com\/wp-content\/uploads\/2025\/07\/REA8970-color-1920x1280.jpg 1920w\" sizes=\"auto, (max-width: 3266px) 100vw, 3266px\" \/><\/figure>\n<\/div>\n\n\n\n<div class=\"wp-block-column is-vertically-aligned-center is-layout-flow wp-block-column-is-layout-flow\">\n<div class=\"wp-block-group is-layout-constrained wp-block-group-is-layout-constrained\">\n<p class=\"has-white-color has-text-color has-link-color has-large-font-size wp-elements-99c822caeaa3d3cb431f61912b406534\">Authentizit\u00e4t, Innovation und Exzellenz<\/p>\n\n\n\n<p class=\"has-gray-color has-text-color has-link-color has-large-font-size wp-elements-96ea623c28460b7acf9bf3b5439625ed\">Bei Exel Fil glauben wir daran, die Dinge ehrlich, einfach und gut zu machen. Wir setzen auf st\u00e4ndige Innovation, um unsere Prozesse, Produkte und Dienstleistungen zu verbessern. Exzellenz ist kein Endziel, sondern eine Art, jeden Tag zu arbeiten: mit Strenge, Verantwortung und Respekt f\u00fcr die Menschen und f\u00fcr das, was wir tun.  <br\/><\/p>\n<\/div>\n<\/div>\n<\/div>\n\n<div style=\"height:200px\" aria-hidden=\"true\" class=\"wp-block-spacer\"><\/div>\n\n<div class=\"wp-block-columns is-layout-flex wp-container-core-columns-is-layout-28f84493 wp-block-columns-is-layout-flex\">\n<div class=\"wp-block-column is-vertically-aligned-center is-layout-flow wp-block-column-is-layout-flow\">\n<div class=\"wp-block-group is-layout-constrained wp-block-group-is-layout-constrained\">\n<p class=\"has-white-color has-text-color has-link-color has-large-font-size wp-elements-8cb430d4ff86984d5b5d404d23e0a09c\"><strong>Zweck<\/strong><\/p>\n\n\n\n<p class=\"has-gray-color has-text-color has-link-color has-large-font-size wp-elements-d5ef17ea7f3d356204b59892e880311f\">Wir alle verdienen das Beste: gut gemachte Produkte, einen menschlichen Umgang und M\u00f6glichkeiten zum Wachsen.<br\/>Unser Ziel ist es, mit ehrlichen, effizienten und verantwortungsvollen Drahtl\u00f6sungen einen echten Mehrwert zu schaffen.<br\/>Wir arbeiten daran, dass Kunden, Lieferanten und Team in jedem Schritt Vertrauen, Respekt und Professionalit\u00e4t sp\u00fcren.<br\/><\/p>\n<\/div>\n<\/div>\n\n\n\n<div class=\"wp-block-column is-vertically-aligned-center is-layout-flow wp-block-column-is-layout-flow\">\n<figure class=\"wp-block-image aligncenter size-full\"><img loading=\"lazy\" decoding=\"async\" width=\"651\" height=\"526\" src=\"https:\/\/exelfil.com\/wp-content\/uploads\/2025\/11\/Imagen2.jpg\" alt=\"\" class=\"wp-image-452\"\/><\/figure>\n<\/div>\n<\/div>\n\n<div style=\"height:200px\" aria-hidden=\"true\" class=\"wp-block-spacer\"><\/div>\n\n<div class=\"wp-block-columns is-layout-flex wp-container-core-columns-is-layout-28f84493 wp-block-columns-is-layout-flex\">\n<div class=\"wp-block-column is-vertically-aligned-center is-layout-flow wp-block-column-is-layout-flow\">\n<figure class=\"wp-block-image aligncenter size-full\"><img loading=\"lazy\" decoding=\"async\" width=\"759\" height=\"421\" src=\"https:\/\/exelfil.com\/wp-content\/uploads\/2025\/11\/Imagen3.png\" alt=\"\" class=\"wp-image-453\"\/><\/figure>\n<\/div>\n\n\n\n<div class=\"wp-block-column is-vertically-aligned-center is-layout-flow wp-block-column-is-layout-flow\">\n<div class=\"wp-block-group is-layout-constrained wp-block-group-is-layout-constrained\">\n<p class=\"has-white-color has-text-color has-link-color has-large-font-size wp-elements-ae3f2efc6fc592e22d1bad41038d2af4\"><strong><strong>Lernen, wachsen und beitragen<\/strong><br\/><\/strong><\/p>\n\n\n\n<p class=\"has-gray-color has-text-color has-link-color has-large-font-size wp-elements-6eb00733ad7c67e62597aaa2d97d2d78\">Bei Exel Fil sch\u00e4tzen wir Menschen, die den Wunsch haben, sich zu verbessern.<br\/>Jeden Tag zu lernen, als Fachkr\u00e4fte zu wachsen und zum Team beizutragen, erm\u00f6glicht es uns, als Unternehmen voranzukommen.<br\/>Wir teilen Wissen, geben Chancen und erwarten, dass jeder seine Spuren hinterl\u00e4sst, indem er sein Bestes gibt.<\/p>\n\n\n\n<p class=\"has-gray-color has-text-color has-link-color has-large-font-size wp-elements-23c272bd2ffdc82f5061f676c712f3f0\"><br\/><\/p>\n<\/div>\n<\/div>\n<\/div>\n\n<div style=\"height:200px\" aria-hidden=\"true\" class=\"wp-block-spacer\"><\/div>\n\n<div class=\"wp-block-columns is-layout-flex wp-container-core-columns-is-layout-28f84493 wp-block-columns-is-layout-flex\">\n<div class=\"wp-block-column is-vertically-aligned-center is-layout-flow wp-block-column-is-layout-flow\">\n<div class=\"wp-block-group is-layout-constrained wp-block-group-is-layout-constrained\">\n<p class=\"has-white-color has-text-color has-link-color has-large-font-size wp-elements-0a9f3d72484839b5a39970d54b0c4d8a\"><strong><strong><strong>Inspirieren<\/strong><\/strong><\/strong><\/p>\n\n\n\n<p class=\"has-gray-color has-text-color has-link-color has-large-font-size wp-elements-8c13f5d34ebe26ba40f865987e21be93\">Inspirieren bedeutet nicht nur motivieren, sondern auch ein Vorbild sein.<br\/>Wir m\u00f6chten, dass sich jeder bei Exel Fil in der Lage f\u00fchlt, Ideen einzubringen, Ver\u00e4nderungen anzusto\u00dfen und eine positive Einstellung zu verbreiten.<br\/>Wenn jemand es wagt, etwas zu verbessern, inspiriert er andere, dasselbe zu tun.<\/p>\n\n\n\n<p class=\"has-gray-color has-text-color has-link-color has-large-font-size wp-elements-b6fec442a5dce3e25448029965333878\"><\/p>\n\n\n\n<p class=\"has-gray-color has-text-color has-link-color has-large-font-size wp-elements-23c272bd2ffdc82f5061f676c712f3f0\"><br\/><\/p>\n<\/div>\n<\/div>\n\n\n\n<div class=\"wp-block-column is-vertically-aligned-center is-layout-flow wp-block-column-is-layout-flow\">\n<figure class=\"wp-block-image aligncenter size-full\"><img loading=\"lazy\" decoding=\"async\" width=\"351\" height=\"197\" src=\"https:\/\/exelfil.com\/wp-content\/uploads\/2025\/11\/Imagen4.png\" alt=\"\" class=\"wp-image-454\"\/><\/figure>\n<\/div>\n<\/div>\n\n<div style=\"height:200px\" aria-hidden=\"true\" class=\"wp-block-spacer\"><\/div>\n\n<div class=\"wp-block-columns is-layout-flex wp-container-core-columns-is-layout-28f84493 wp-block-columns-is-layout-flex\">\n<div class=\"wp-block-column is-vertically-aligned-top is-layout-flow wp-block-column-is-layout-flow\">\n<div class=\"wp-block-group is-layout-constrained wp-block-group-is-layout-constrained\">\n<p class=\"has-white-color has-text-color has-link-color wp-elements-e5ab90f21e43dd71dce26ce036782c8c\"><strong>Mission<\/strong><\/p>\n\n\n\n<p class=\"has-white-color has-text-color has-link-color has-large-font-size wp-elements-e64e82215d3e1a2eb50e996fda200761\"><strong><strong><strong><strong>Wie erreichen wir unser Ziel?<\/strong><\/strong><\/strong><\/strong><\/p>\n\n\n\n<ul class=\"wp-block-list\">\n<li class=\"has-gray-color has-text-color has-link-color has-large-font-size wp-elements-8a805ee936be1232c5aad715f231d304\">Indem wir unseren Kollegen und Kolleginnen vertrauen.<\/li>\n\n\n\n<li class=\"has-gray-color has-text-color has-link-color has-large-font-size wp-elements-056f6bb453a8e319d594d8bf746fc756\">Indem wir immer die ehrlichste Entscheidung treffen, auch wenn sie die schwierigste ist.<\/li>\n\n\n\n<li class=\"has-gray-color has-text-color has-link-color has-large-font-size wp-elements-a225c64de3f960cfef33c639e7aa5561\">Indem wir mit Demut und offenem Geist aus jeder Erfahrung lernen.<\/li>\n\n\n\n<li class=\"has-gray-color has-text-color has-link-color has-large-font-size wp-elements-7ed9fd47082efcfa4faa7f028d8b1897\">Indem wir sagen, was wir denken, ohne Angst vor Fehlern zu haben, und unsere Fehler eingestehen.<\/li>\n\n\n\n<li class=\"has-gray-color has-text-color has-link-color has-large-font-size wp-elements-b83843122be6bc93942d05eb5e03a6bf\">Indem wir uns motivieren, Freude haben und uns f\u00fcr jede Aufgabe in unserer Arbeit begeistern.<\/li>\n<\/ul>\n\n\n\n<p class=\"has-gray-color has-text-color has-link-color has-large-font-size wp-elements-23c272bd2ffdc82f5061f676c712f3f0\"><br\/><\/p>\n<\/div>\n<\/div>\n\n\n\n<div class=\"wp-block-column is-layout-flow wp-block-column-is-layout-flow\">\n<div class=\"wp-block-group is-layout-constrained wp-block-group-is-layout-constrained\">\n<p class=\"has-white-color has-text-color has-link-color wp-elements-851a2541ec84abf22dcf65512afd871e\"><strong>Vision<\/strong><\/p>\n\n\n\n<p class=\"has-gray-color has-text-color has-link-color has-large-font-size wp-elements-3d6571c18db386d5ba980b4546d1d851\">Exel Fil existiert, um der Welt zu zeigen, dass wir den besten gezogenen Stahldraht produzieren, dank unseres Teams, das sich jeden Tag anstrengt, lernt und sich begeistert, um die beste Version seiner selbst zu sein.<\/p>\n\n\n\n<div style=\"height:100px\" aria-hidden=\"true\" class=\"wp-block-spacer\"><\/div>\n\n\n\n<figure class=\"wp-block-image size-large\"><img loading=\"lazy\" decoding=\"async\" width=\"1920\" height=\"1281\" src=\"https:\/\/exelfil.com\/wp-content\/uploads\/2025\/06\/CULTURA-2-1920x1281.jpg\" alt=\"\" class=\"wp-image-140\" srcset=\"https:\/\/exelfil.com\/wp-content\/uploads\/2025\/06\/CULTURA-2-1920x1281.jpg 1920w, https:\/\/exelfil.com\/wp-content\/uploads\/2025\/06\/CULTURA-2-1280x854.jpg 1280w\" sizes=\"auto, (max-width: 1920px) 100vw, 1920px\" \/><\/figure>\n<\/div>\n<\/div>\n<\/div>\n\n<div class=\"wp-block-group is-layout-constrained wp-container-core-group-is-layout-19e250f3 wp-block-group-is-layout-constrained\"\/>\n","protected":false},"excerpt":{"rendered":"<p>Authentizit\u00e4t, Innovation und Exzellenz Bei Exel Fil glauben wir daran, die Dinge ehrlich, einfach und gut zu machen. Wir setzen auf st\u00e4ndige Innovation, um unsere Prozesse, Produkte und Dienstleistungen zu verbessern. Exzellenz ist kein Endziel, sondern eine Art, jeden Tag zu arbeiten: mit Strenge, Verantwortung und Respekt f\u00fcr die Menschen und f\u00fcr das, was wir&nbsp; <a href=\"https:\/\/exelfil.com\/de\/kultur\/\">&hellip; Read more <i class=\"glyphicon glyphicon-arrow-right\"><\/i><\/a><\/p>\n","protected":false},"author":1,"featured_media":0,"parent":0,"menu_order":2,"comment_status":"closed","ping_status":"closed","template":"","meta":{"_acf_changed":false,"footnotes":""},"class_list":["post-1257","page","type-page","status-publish","hentry"],"acf":[],"_links":{"self":[{"href":"https:\/\/exelfil.com\/de\/wp-json\/wp\/v2\/pages\/1257","targetHints":{"allow":["GET"]}}],"collection":[{"href":"https:\/\/exelfil.com\/de\/wp-json\/wp\/v2\/pages"}],"about":[{"href":"https:\/\/exelfil.com\/de\/wp-json\/wp\/v2\/types\/page"}],"author":[{"embeddable":true,"href":"https:\/\/exelfil.com\/de\/wp-json\/wp\/v2\/users\/1"}],"replies":[{"embeddable":true,"href":"https:\/\/exelfil.com\/de\/wp-json\/wp\/v2\/comments?post=1257"}],"version-history":[{"count":3,"href":"https:\/\/exelfil.com\/de\/wp-json\/wp\/v2\/pages\/1257\/revisions"}],"predecessor-version":[{"id":1757,"href":"https:\/\/exelfil.com\/de\/wp-json\/wp\/v2\/pages\/1257\/revisions\/1757"}],"wp:attachment":[{"href":"https:\/\/exelfil.com\/de\/wp-json\/wp\/v2\/media?parent=1257"}],"curies":[{"name":"wp","href":"https:\/\/api.w.org\/{rel}","templated":true}]}}