{"id":1263,"date":"2025-06-19T16:49:29","date_gmt":"2025-06-19T15:49:29","guid":{"rendered":"https:\/\/exelfil.com\/impressum\/"},"modified":"2025-12-17T10:27:46","modified_gmt":"2025-12-17T09:27:46","slug":"impressum","status":"publish","type":"page","link":"https:\/\/exelfil.com\/de\/impressum\/","title":{"rendered":"Impressum"},"content":{"rendered":"\n<h2 class=\"wp-block-heading\">Impressum<\/h2>\n\n<h2 class=\"wp-block-heading\"><strong>GESETZ \u00dcBER DIE DIENSTE DER INFORMATIONSGESELLSCHAFT (LSSI)<\/strong><\/h2>\n\n<p>EXEL FIL, S.A., verantwortlich f\u00fcr die Website, im Folgenden VERANTWORTLICHER, stellt den Nutzern das vorliegende Dokument zur Verf\u00fcgung, mit dem die Verpflichtungen aus dem Gesetz 34\/2002 vom 11. Juli \u00fcber die Dienste der Informationsgesellschaft und den elektronischen Handel (LSSICE), BOE Nr. 166, erf\u00fcllt werden sollen, sowie alle Nutzer der Website \u00fcber die Nutzungsbedingungen informiert werden sollen.<\/p>\n\n<p>Jede Person, die auf diese Website zugreift, \u00fcbernimmt die Rolle des Nutzers und verpflichtet sich zur strikten Einhaltung der hierin enthaltenen Bestimmungen sowie aller anderen anwendbaren gesetzlichen Bestimmungen. EXEL FIL, S.A. beh\u00e4lt sich das Recht vor, jede Art von Information, die auf der Website erscheinen k\u00f6nnte, zu \u00e4ndern, ohne dass eine Verpflichtung besteht, die Nutzer \u00fcber diese \u00c4nderungen zu informieren oder in Kenntnis zu setzen, wobei die Ver\u00f6ffentlichung auf der Website von EXEL FIL, S.A. als ausreichend erachtet wird. <\/p>\n\n<h2 class=\"wp-block-heading\"><strong>1. IDENTIFIZIERUNGSDATEN<\/strong><\/h2>\n\n<p>Domainname: <strong>www.exelfil.com<\/strong><a href=\"http:\/\/www.bonamind.com\/\"><br\/><\/a>Handelsname: <strong>EXEL FIL<br\/><\/strong>Firmenname: <strong>EXEL FIL, S.A.<br\/><\/strong>Steuernummer: <strong>A-25324690<br\/><\/strong>Firmensitz: <strong>Apt. Correos (P.O. Box) 129, Pol\u00edgono Industrial s\/n \u00b7 25200 Cervera (Lleida \u00b7 Spain)<br\/><\/strong>Telefon: <strong>+34 932 531 722<br\/><\/strong>E-Mail: <strong>exelfil@exelfil.com<\/strong><\/p>\n\n<p>Eingetragen im Register (Handelsregister \/ \u00d6ffentliches Register):<\/p>\n\n<h2 class=\"wp-block-heading\"><strong>2. RECHTE AN GEISTIGEM UND GEWERBLICHEM EIGENTUM<\/strong><\/h2>\n\n<p>Die Website, einschlie\u00dflich, aber nicht beschr\u00e4nkt auf ihre Programmierung, Bearbeitung, Zusammenstellung und andere f\u00fcr ihren Betrieb notwendige Elemente, Designs, Logos, Texte und\/oder Grafiken, sind Eigentum des VERANTWORTLICHEN oder, falls zutreffend, verf\u00fcgt \u00fcber eine Lizenz oder ausdr\u00fcckliche Genehmigung der Autoren. Alle Inhalte der Website sind durch die Bestimmungen des geistigen und gewerblichen Eigentums gesch\u00fctzt und in den entsprechenden \u00f6ffentlichen Registern eingetragen. <\/p>\n\n<p>Unabh\u00e4ngig von dem Zweck, f\u00fcr den sie bestimmt sind, erfordert die vollst\u00e4ndige oder teilweise Vervielf\u00e4ltigung, Nutzung, Verwertung, Verbreitung und Vermarktung in jedem Fall die vorherige schriftliche Genehmigung des VERANTWORTLICHEN. Jede nicht zuvor genehmigte Nutzung gilt als schwerwiegende Verletzung der Rechte an geistigem oder gewerblichem Eigentum des Autors. <\/p>\n\n<p>Die Designs, Logos, Texte und\/oder Grafiken, die nicht dem VERANTWORTLICHEN geh\u00f6ren und auf der Website erscheinen k\u00f6nnen, geh\u00f6ren ihren jeweiligen Eigent\u00fcmern, die selbst f\u00fcr alle m\u00f6glichen Streitigkeiten verantwortlich sind, die in Bezug auf diese entstehen k\u00f6nnen. Der VERANTWORTLICHE gestattet ausdr\u00fccklich, dass Dritte direkt zu den konkreten Inhalten der Website weiterleiten d\u00fcrfen, und in jedem Fall zur Hauptwebsite von www.exelfil.com weiterleiten d\u00fcrfen.<\/p>\n\n<p>Der VERANTWORTLICHE erkennt zugunsten seiner Inhaber die entsprechenden Rechte an geistigem und gewerblichem Eigentum an, was nicht bedeutet, dass allein die Erw\u00e4hnung oder das Erscheinen auf der Website das Bestehen von Rechten oder irgendeiner Verantwortung f\u00fcr diese impliziert, noch eine Unterst\u00fctzung, ein Sponsoring oder eine Empfehlung durch denselben.<\/p>\n\n<p>Um jegliche Art von Bemerkungen bez\u00fcglich m\u00f6glicher Verst\u00f6\u00dfe gegen die Rechte des geistigen oder gewerblichen Eigentums sowie bez\u00fcglich jeglicher Inhalte der Website zu machen, k\u00f6nnen Sie dies per E-Mail an exelfil@exelfil.com tun.<\/p>\n\n<h2 class=\"wp-block-heading\"><strong>3. HAFTUNGSAUSSCHLUSS<\/strong><\/h2>\n\n<p>Der VERANTWORTLICHE \u00fcbernimmt keine Verantwortung f\u00fcr die auf seiner Website ver\u00f6ffentlichten Informationen, sofern diese Informationen von einem Dritten manipuliert oder eingef\u00fcgt wurden.<\/p>\n\n<h3 class=\"wp-block-heading\"><strong>Verwendung von Cookies<\/strong><\/h3>\n\n<p>Diese Website kann technische Cookies verwenden (kleine Informationsdateien, die der Server an den Computer desjenigen sendet, der auf die Seite zugreift), um bestimmte Funktionen auszuf\u00fchren, die f\u00fcr das korrekte Funktionieren und die Anzeige der Website als unerl\u00e4sslich erachtet werden. Die verwendeten Cookies sind in jedem Fall tempor\u00e4r und dienen ausschlie\u00dflich dem Zweck, die Navigation effizienter zu gestalten, und verschwinden am Ende der Sitzung des Nutzers. In keinem Fall liefern diese Cookies von sich aus personenbezogene Daten und werden nicht f\u00fcr deren Erfassung verwendet.  <\/p>\n\n<p>Durch die Verwendung von Cookies ist es auch m\u00f6glich, dass der Server, auf dem sich die Website befindet, den vom Nutzer verwendeten Browser erkennt, damit die Navigation einfacher ist, indem er beispielsweise den Zugriff von Nutzern erm\u00f6glicht, die sich zuvor in den Bereichen, Diensten, Werbeaktionen oder Wettbewerben registriert haben, die ausschlie\u00dflich ihnen vorbehalten sind, ohne sich bei jedem Besuch registrieren zu m\u00fcssen.<\/p>\n\n<p>Sie k\u00f6nnen auch verwendet werden, um die Zielgruppe, Verkehrsparameter, den Fortschritt und die Anzahl der Eintr\u00e4ge usw. zu messen, wobei es sich in diesen F\u00e4llen um technisch entbehrliche, aber f\u00fcr den Nutzer vorteilhafte Cookies handelt. Diese Website wird keine entbehrlichen Cookies ohne die vorherige Zustimmung des Nutzers installieren. <\/p>\n\n<p>Der Nutzer hat die M\u00f6glichkeit, seinen Browser so einzustellen, dass er \u00fcber den Empfang von Cookies informiert wird und deren Installation auf seinem Computer verhindert. Bitte konsultieren Sie die Anweisungen Ihres Browsers, um diese Informationen zu erweitern. <\/p>\n\n<h3 class=\"wp-block-heading\"><strong>Link-Politik<\/strong><\/h3>\n\n<p>Von der Website aus ist es m\u00f6glich, zu Inhalten von Websites Dritter weitergeleitet zu werden. Da der VERANTWORTLICHE die von Dritten in ihre jeweiligen Websites eingef\u00fcgten Inhalte nicht immer kontrollieren kann, \u00fcbernimmt er keinerlei Verantwortung f\u00fcr diese Inhalte. In jedem Fall wird er unverz\u00fcglich alle Inhalte entfernen, die gegen nationale oder internationale Gesetze, die Moral oder die \u00f6ffentliche Ordnung versto\u00dfen k\u00f6nnten, und unverz\u00fcglich die Weiterleitung zu dieser Website entfernen und die zust\u00e4ndigen Beh\u00f6rden \u00fcber den betreffenden Inhalt informieren.  <\/p>\n\n<p>Der VERANTWORTLICHE \u00fcbernimmt keine Verantwortung f\u00fcr die gespeicherten Informationen und Inhalte, einschlie\u00dflich, aber nicht beschr\u00e4nkt auf Foren, Chats, Blog-Generatoren, Kommentare, soziale Netzwerke oder andere Medien, die es Dritten erm\u00f6glichen, Inhalte unabh\u00e4ngig auf der Webseite des VERANTWORTLICHEN zu ver\u00f6ffentlichen. In \u00dcbereinstimmung mit den Artikeln 11 und 16 der LSSICE werden jedoch alle Nutzer, Beh\u00f6rden und Sicherheitskr\u00e4fte zur Verf\u00fcgung gestellt, um aktiv an der Entfernung oder gegebenenfalls Sperrung aller Inhalte mitzuwirken, die die nationalen oder internationalen Gesetze, die Rechte Dritter oder die Moral und die \u00f6ffentliche Ordnung beeintr\u00e4chtigen oder gegen sie versto\u00dfen k\u00f6nnten. Falls der Nutzer der Ansicht ist, dass es auf der Website Inhalte gibt, die f\u00fcr diese Einstufung in Frage kommen k\u00f6nnten, wird er gebeten, dies unverz\u00fcglich dem Administrator der Website mitzuteilen.<\/p>\n\n<p>Diese Website wurde \u00fcberpr\u00fcft und getestet, um sicherzustellen, dass sie ordnungsgem\u00e4\u00df funktioniert. Grunds\u00e4tzlich kann das korrekte Funktionieren an 365 Tagen im Jahr, 24 Stunden am Tag, garantiert werden. Der VERANTWORTLICHE schlie\u00dft jedoch nicht aus, dass bestimmte Programmierfehler auftreten oder dass h\u00f6here Gewalt, Naturkatastrophen, Streiks oder \u00e4hnliche Umst\u00e4nde den Zugriff auf die Website unm\u00f6glich machen.  <\/p>\n\n<h3 class=\"wp-block-heading\"><strong>IP-Adressen<\/strong><\/h3>\n\n<p>Die Server der Website k\u00f6nnen automatisch die IP-Adresse und den Domainnamen erkennen, die vom Nutzer verwendet werden. Eine IP-Adresse ist eine Nummer, die einem Computer automatisch zugewiesen wird, wenn er sich mit dem Internet verbindet. Alle diese Informationen werden in einer ordnungsgem\u00e4\u00df registrierten Aktivit\u00e4tsdatei des Servers gespeichert, die die sp\u00e4tere Verarbeitung der Daten erm\u00f6glicht, um ausschlie\u00dflich statistische Messungen zu erhalten, die es erm\u00f6glichen, die Anzahl der Seitenaufrufe, die Anzahl der Besuche auf den Webservern, die Reihenfolge der Besuche, den Zugangspunkt usw. zu ermitteln.  <\/p>\n\n<h2 class=\"wp-block-heading\"><strong>4. ANWENDBARES RECHT UND GERICHTSSTAND<\/strong><\/h2>\n\n<p>F\u00fcr die L\u00f6sung aller Streitigkeiten oder Fragen im Zusammenhang mit dieser Website oder den auf ihr durchgef\u00fchrten Aktivit\u00e4ten gilt spanisches Recht, dem sich die Parteien ausdr\u00fccklich unterwerfen, wobei f\u00fcr die L\u00f6sung aller Streitigkeiten, die sich aus ihrer Nutzung ergeben oder mit ihr in Zusammenhang stehen, die Gerichte zust\u00e4ndig sind, die Barcelona am n\u00e4chsten liegen.<\/p>\n","protected":false},"excerpt":{"rendered":"<p>Impressum GESETZ \u00dcBER DIE DIENSTE DER INFORMATIONSGESELLSCHAFT (LSSI) EXEL FIL, S.A., verantwortlich f\u00fcr die Website, im Folgenden VERANTWORTLICHER, stellt den Nutzern das vorliegende Dokument zur Verf\u00fcgung, mit dem die Verpflichtungen aus dem Gesetz 34\/2002 vom 11. Juli \u00fcber die Dienste der Informationsgesellschaft und den elektronischen Handel (LSSICE), BOE Nr. 166, erf\u00fcllt werden sollen, sowie alle&nbsp; <a href=\"https:\/\/exelfil.com\/de\/impressum\/\">&hellip; Read more <i class=\"glyphicon glyphicon-arrow-right\"><\/i><\/a><\/p>\n","protected":false},"author":1,"featured_media":0,"parent":0,"menu_order":99,"comment_status":"closed","ping_status":"closed","template":"","meta":{"_acf_changed":false,"footnotes":""},"class_list":["post-1263","page","type-page","status-publish","hentry"],"acf":[],"_links":{"self":[{"href":"https:\/\/exelfil.com\/de\/wp-json\/wp\/v2\/pages\/1263","targetHints":{"allow":["GET"]}}],"collection":[{"href":"https:\/\/exelfil.com\/de\/wp-json\/wp\/v2\/pages"}],"about":[{"href":"https:\/\/exelfil.com\/de\/wp-json\/wp\/v2\/types\/page"}],"author":[{"embeddable":true,"href":"https:\/\/exelfil.com\/de\/wp-json\/wp\/v2\/users\/1"}],"replies":[{"embeddable":true,"href":"https:\/\/exelfil.com\/de\/wp-json\/wp\/v2\/comments?post=1263"}],"version-history":[{"count":2,"href":"https:\/\/exelfil.com\/de\/wp-json\/wp\/v2\/pages\/1263\/revisions"}],"predecessor-version":[{"id":1531,"href":"https:\/\/exelfil.com\/de\/wp-json\/wp\/v2\/pages\/1263\/revisions\/1531"}],"wp:attachment":[{"href":"https:\/\/exelfil.com\/de\/wp-json\/wp\/v2\/media?parent=1263"}],"curies":[{"name":"wp","href":"https:\/\/api.w.org\/{rel}","templated":true}]}}