{"id":1265,"date":"2025-06-19T16:50:53","date_gmt":"2025-06-19T15:50:53","guid":{"rendered":"https:\/\/exelfil.com\/cookie-richtlinie\/"},"modified":"2025-12-17T10:29:59","modified_gmt":"2025-12-17T09:29:59","slug":"cookie-richtlinie","status":"publish","type":"page","link":"https:\/\/exelfil.com\/de\/cookie-richtlinie\/","title":{"rendered":"Cookie-Richtlinie"},"content":{"rendered":"\n<h2 class=\"wp-block-heading\">Cookie-Richtlinie<\/h2>\n\n<p>In \u00dcbereinstimmung mit dem Gesetz 34\/2002 \u00fcber die Dienste der Informationsgesellschaft und den elektronischen Handel (LSSICE) werden die folgenden rechtlichen Aspekte des Webs mitgeteilt:<br\/> <br\/>Web: www.exelfil.com<br\/>Inhaber: EXEL FIL, S.A.<br\/>Sitz: AVINGUDA POLIGON INDUSTRIAL S\/N \/ Postfach 129. 25200-CERVERA<br\/>C.I.F.: A25324690<br\/>Telefon: 973 532 212<br\/>E-Mail: exelfil@exelfil.com<br\/>Registerdaten: Eingetragen im Handelsregister von Barcelona<br\/> <br\/>EXEL FIL, S.A. kann Informationen \u00fcber die Suchgewohnheiten der Nutzer der Website mittels Cookies oder Protokolldateien sammeln. Die Cookies werden nicht verwendet, um Informationen pers\u00f6nlicher Natur zu sammeln. Sie werden nur installiert, wenn der Nutzer auf unserer Webseite verbleibt und weiter navigiert, wobei davon ausgegangen wird, dass er der Nutzung und Installation zustimmt. Im Folgenden stellen wir detaillierte Informationen zur Verf\u00fcgung \u00fcber: was \u00abCookies\u00bb sind, welche Art von Cookies diese Website verwendet, wie sie im Browser deaktiviert werden k\u00f6nnen und wie die Installation von Cookies Dritter spezifisch blockiert werden kann.    <\/p>\n\n<h2 class=\"wp-block-heading\">1) Was sind Cookies?<\/h2>\n\n<p>Cookies sind kleine Textdateien, die von den Webseiten, die der Nutzer besucht, generiert werden und die Sitzungsdaten enthalten, die sp\u00e4ter auf der Webseite n\u00fctzlich sein k\u00f6nnen. Die Daten erm\u00f6glichen es der Webseite, ihre Informationen zwischen den Seiten zu speichern und auch die Art und Weise der Interaktion mit der Seite zu analysieren.<br\/>Cookies sind sicher, da sie nur die Informationen speichern k\u00f6nnen, die vom Browser an ihren Platz gebracht wurden, die Informationen, die der Nutzer in den Browser eingegeben hat, oder die in der Seitenanforderung enthalten sind. Sie k\u00f6nnen keinen Code ausf\u00fchren und nicht verwendet werden, um auf das Ger\u00e4t des Nutzers zuzugreifen.<br\/>Cookies sind f\u00fcr das Funktionieren des Internets unerl\u00e4sslich und bieten unz\u00e4hlige Vorteile bei der Bereitstellung interaktiver Dienste, die die Navigation und Benutzerfreundlichkeit von Webseiten erleichtern. Cookies k\u00f6nnen Ger\u00e4te nicht besch\u00e4digen, und ihre Aktivierung hilft, Fehler zu identifizieren und zu beheben.<br\/>Die \u00fcber Cookies gesammelten Informationen k\u00f6nnen das Datum und die Uhrzeit der Besuche auf der Webseite, die aufgerufenen Seiten, die Zeit, die auf der Webseite verbracht wurde, und die Seiten, die unmittelbar vor und nach der Webseite besucht wurden, umfassen. Keine Cookie erm\u00f6glicht es jedoch, mit der Telefonnummer des Nutzers oder einem anderen pers\u00f6nlichen Kontaktmittel in Kontakt zu treten. Keine Cookie kann Informationen von der Festplatte des Nutzers extrahieren oder pers\u00f6nliche Informationen stehlen. Die einzige M\u00f6glichkeit, wie die privaten Informationen des Nutzers Teil der Cookie-Datei werden k\u00f6nnen, ist, dass der Nutzer diese Informationen dem Server pers\u00f6nlich gibt.<br\/>Cookies, die die Identifizierung einer Person erm\u00f6glichen, gelten als personenbezogene Daten. Daher findet auf sie die oben beschriebene Datenschutzerkl\u00e4rung Anwendung. In diesem Sinne ist f\u00fcr die Nutzung derselben die Einwilligung des Nutzers erforderlich. Diese Einwilligung wird auf der Grundlage einer echten Wahl, die durch eine bejahende und positive Entscheidung angeboten wird, vor der ersten Verarbeitung mitgeteilt, widerrufbar und dokumentiert.         <\/p>\n\n<h2 class=\"wp-block-heading\">2) Was sind Skripte?<\/h2>\n\n<p>Ein Skript ist ein St\u00fcck Programmcode, das verwendet wird, um unsere Webseite korrekt und interaktiv funktionieren zu lassen. Dieser Code wird auf unserem Server oder auf Ihrem Ger\u00e4t ausgef\u00fchrt. <\/p>\n\n<h2 class=\"wp-block-heading\">3) Arten von Cookies<\/h2>\n\n<p>Im Folgenden stellen wir weitere Informationen bereit, damit die verschiedenen Arten von Cookies, die verwendet werden k\u00f6nnen, besser verstanden werden:<br\/><strong>Je nach Inhaber<\/strong><br\/>Eigene Cookies: sind solche, die an das Endger\u00e4t des Nutzers von einem Ger\u00e4t oder einer Dom\u00e4ne gesendet werden, die vom Herausgeber selbst verwaltet wird und von der aus der vom Nutzer angeforderte Dienst bereitgestellt wird.<br\/>Cookies von Dritten: sind solche, die an das Endger\u00e4t des Nutzers von einem Ger\u00e4t oder einer Dom\u00e4ne gesendet werden, die nicht vom Herausgeber verwaltet wird, sondern von einer anderen Stelle, die die \u00fcber die Cookies erhaltenen Daten verarbeitet.<br\/><strong>Je nach Zweck<\/strong><br\/>Technische Cookies (notwendig): Technische Cookies sind solche, die f\u00fcr das ordnungsgem\u00e4\u00dfe Funktionieren eines Webportals und die Nutzung der verschiedenen Optionen und Dienste, die es bietet, unerl\u00e4sslich und unbedingt erforderlich sind.<br\/>Zum Beispiel solche, die f\u00fcr die Aufrechterhaltung der Sitzung, die Verwaltung der Reaktionszeit, die Leistung usw. dienen.<br\/>Cookies f\u00fcr Pr\u00e4ferenzen oder Personalisierung: sind solche, die es erm\u00f6glichen, Informationen zu speichern, damit der Nutzer mit bestimmten Merkmalen auf den Dienst zugreifen kann, die seine Erfahrung von der anderer Nutzer unterscheiden k\u00f6nnen, wie z. B. die Sprache, die Anzahl der anzuzeigenden Ergebnisse, wenn der Nutzer eine Suche durchf\u00fchrt, das Aussehen oder der Inhalt des Dienstes in Abh\u00e4ngigkeit von der Art des Browsers, \u00fcber den der Nutzer auf den Dienst zugreift, oder der Region, von der aus er auf den Dienst zugreift usw.<br\/>Analytische Cookies: sind solche, die es dem Verantwortlichen erm\u00f6glichen, das Verhalten der Nutzer der Webseiten, mit denen sie verbunden sind, zu verfolgen und zu analysieren, einschlie\u00dflich der Quantifizierung der Auswirkungen von Anzeigen. Die durch diese Art von Cookies gesammelten Informationen werden bei der Messung der Aktivit\u00e4t der Webseiten, Anwendung oder Plattform verwendet, um Verbesserungen auf der Grundlage der Analyse der Nutzungsdaten der Nutzer des Dienstes einzuf\u00fchren.<br\/>Cookies f\u00fcr verhaltensbezogene Werbung: sind solche, die Informationen \u00fcber das Verhalten der Nutzer speichern, die durch die kontinuierliche Beobachtung ihrer Surfgewohnheiten erhalten werden, was es erm\u00f6glicht, ein spezifisches Profil zu entwickeln, um Werbung in Abh\u00e4ngigkeit von diesem anzuzeigen. <br\/><strong>Je nach Frist<\/strong><br\/>Sitzungscookies: sind solche, die entwickelt wurden, um Daten zu sammeln und zu speichern, w\u00e4hrend der Nutzer auf eine Webseite zugreift. Sie werden in der Regel verwendet, um Informationen zu speichern, die nur f\u00fcr die Bereitstellung des vom Nutzer angeforderten Dienstes bei einer einzigen Gelegenheit (z. B. eine Liste der gekauften Produkte) von Interesse sind und verschwinden, wenn die Sitzung beendet wird<br\/>Persistente Cookies: sind solche, bei denen die Daten weiterhin im Endger\u00e4t gespeichert werden und w\u00e4hrend eines Zeitraums, der vom Verantwortlichen des Cookies festgelegt wird, aufgerufen und verarbeitet werden k\u00f6nnen, der von einigen Minuten bis zu mehreren Jahren dauern kann. <br\/><strong>Eigene Cookies<\/strong><br\/>Dies sind Cookies, die an den Computer oder das Ger\u00e4t des Nutzers gesendet und ausschlie\u00dflich von EXEL FIL, S.A. verwaltet werden, um das Funktionieren der Website zu verbessern. Die gesammelten Informationen werden verwendet, um die Qualit\u00e4t der Website und ihrer Inhalte sowie Ihre Erfahrung als Nutzer zu verbessern. Diese Cookies erm\u00f6glichen es, den Nutzer als wiederkehrenden Besucher der Website zu erkennen und den Inhalt anzupassen, um ihm Inhalte anzubieten, die seinen Pr\u00e4ferenzen entsprechen.<br\/>__hssc<br\/>Zweck: Analytik<br\/>Beschreibung: Dieses Cookie wird von HubSpot verwendet, um Sitzungen zu verfolgen. Es bestimmt, ob HubSpot die Sitzungsnummer und die Zeitstempel im Cookie __hstc erh\u00f6hen soll.<br\/>Dauer: 30 Minuten<br\/> <br\/>__hssrc<br\/>Zweck: Analytik<br\/>Beschreibung: Jedes Mal, wenn HubSpot das Sitzungscookie \u00e4ndert, wird auch dieses Cookie gesetzt. Es wird verwendet, um festzustellen, ob der Besucher seinen Browser neu gestartet hat. Wenn dieses Cookie nicht vorhanden ist, wenn die Cookies verwaltet werden, wird davon ausgegangen, dass es sich um eine neue Sitzung handelt.<br\/>Dauer: Sitzung (wird beim Schlie\u00dfen des Browsers gel\u00f6scht)<br\/> <br\/>__hstc<br\/>Zweck: Analytik<br\/>Beschreibung: Das wichtigste Cookie zur Verfolgung von Besuchern von HubSpot. Es enth\u00e4lt die Domain, den utk (siehe Cookie hubspotutk), den anf\u00e4nglichen Zeitstempel (erster Besuch), den letzten Zeitstempel (letzter Besuch), den aktuellen Zeitstempel (dieser Besuch) und die Sitzungsnummer (erh\u00f6ht sich f\u00fcr jede nachfolgende Sitzung).<br\/>Dauer: 13 Monate<br\/> <br\/>_ga<br\/>Zweck: Analytik<br\/>Beschreibung: Dieses Cookie wird von Google Analytics installiert. Es wird verwendet, um Besucher-, Sitzungs- und Kampagnendaten zu berechnen und die Nutzung der Website f\u00fcr den Analysebericht der Website zu verfolgen. Das Cookie speichert Informationen anonym und weist eine zuf\u00e4llig generierte Nummer zu, um eindeutige Besucher zu identifizieren.<br\/>Dauer: 2 Jahre<br\/> <br\/>_ga_6PT5W0BWYS<br\/>Zweck: Analytik<br\/>Beschreibung: Dies ist ein spezifisches Google Analytics-Cookie f\u00fcr die spezifische Eigenschaft, das verwendet wird, um Benutzer und Sitzungen auf der Website zu unterscheiden.<br\/>Dauer: 2 Jahre<br\/> <br\/>_gcl_au<br\/>Zweck: Marketing<br\/>Beschreibung: Dieses Cookie wird von Google AdSense verwendet, um mit der Werbeeffizienz auf Websites zu experimentieren, die ihre Dienste nutzen.<br\/>Dauer: 3 Monate<br\/> <br\/>hubspotutk<br\/>Zweck: Analytik<br\/>Beschreibung: Dieses Cookie wird verwendet, um die Identit\u00e4t eines Besuchers zu verfolgen. Dieses Cookie wird an HubSpot \u00fcbergeben, wenn ein Formular gesendet wird, und wird verwendet, um die Duplizierung von Kontakten zu vermeiden.<br\/>Dauer: 13 Monate<br\/> <br\/>pll_language<br\/>Zweck: Funktional<br\/>Beschreibung: Dieses Cookie wird von Polylang verwendet, um sich die vom Benutzer gew\u00e4hlte Sprache zu merken, wenn er auf die Website zur\u00fcckkehrt, und auch, um die Sprachinformationen abzurufen, wenn sie nicht auf andere Weise verf\u00fcgbar sind.<br\/>Dauer: 1 Jahr         <br\/><strong>Cookies von Dritten<\/strong><br\/>Die Webseite generiert keine Cookies von Dritten.<br\/><strong>Cookies von sozialen Netzwerken<\/strong><br\/>EXEL FIL, S.A. integriert Plugins von sozialen Netzwerken, die den Zugriff auf diese von der Webseite aus erm\u00f6glichen. Aus diesem Grund k\u00f6nnen Cookies von sozialen Netzwerken im Browser des Nutzers gespeichert werden. Die Inhaber dieser sozialen Netzwerke verf\u00fcgen \u00fcber ihre eigenen Datenschutz- und Cookie-Richtlinien, wobei sie selbst in jedem Fall f\u00fcr ihre eigenen Dateien und ihre eigenen Datenschutzpraktiken verantwortlich sind. Der Nutzer sollte sich auf diese beziehen, um sich \u00fcber diese Cookies und gegebenenfalls \u00fcber die Verarbeitung seiner personenbezogenen Daten zu informieren. Nur zu Informationszwecken werden im Folgenden die Links angegeben, unter denen diese Datenschutz- und\/oder Cookie-Richtlinien eingesehen werden k\u00f6nnen:<br\/>Instagram: https:\/\/privacycenter.instagram.com\/policy\/?entry_point=ig_help_center_data_policy_redirect<br\/>Linkedin: https:\/\/www.linkedin.com\/legal\/privacy-policy    <\/p>\n\n<h2 class=\"wp-block-heading\">4) Verantwortlicher f\u00fcr die Verarbeitung der Cookies<\/h2>\n\n<p>Der Inhaber der Website und Verantwortliche f\u00fcr die Verarbeitung der hier verwendeten Cookies sowie seine Kontaktdaten sind im Impressum dieser Seite einsehbar. Ebenso kann es Cookies von Dritten geben, die nicht der Inhaber dieser Website sind, wie im Folgenden erl\u00e4utert wird.  <\/p>\n\n<h2 class=\"wp-block-heading\">5) Legitimation f\u00fcr die Verwendung von Cookies<\/h2>\n\n<p>Im Falle der technischen Cookies, d. h. solcher, die f\u00fcr das Navigieren auf dieser Webseite und den Erhalt des \u00fcber sie angebotenen Dienstes unerl\u00e4sslich sind, ist die Rechtsgrundlage f\u00fcr ihre Verwendung die Vereinbarung, durch die Sie sich entscheiden, diese Webseite zu nutzen und ihre Dienste zu nutzen.<br\/>Die Rechtsgrundlage f\u00fcr die Verwendung der \u00fcbrigen Cookies ist die Einwilligung des Nutzers, die zum Zeitpunkt des Zugriffs auf diese Webseite angefordert wird und jederzeit widerrufen werden kann. Der Widerruf dieser Einwilligung ber\u00fchrt nicht die M\u00f6glichkeit, auf dieser Webseite zu navigieren und ihre Dienste zu nutzen, aber die zuvor durchgef\u00fchrten Datenverarbeitungen verlieren ihre Rechtm\u00e4\u00dfigkeit nicht dadurch, dass die Einwilligung widerrufen wurde. <br\/> <\/p>\n\n<h2 class=\"wp-block-heading\">6) Einwilligung<\/h2>\n\n<p>Der Nutzer muss die Verwendung der zuvor angek\u00fcndigten Cookies f\u00fcr die zuvor genannten Zeitr\u00e4ume und unter den in dieser Cookie-Richtlinie enthaltenen Bedingungen ausdr\u00fccklich und aktiv akzeptieren.<br\/> <\/p>\n\n<h2 class=\"wp-block-heading\">7) Widerruf der Einwilligung<\/h2>\n\n<p>Der Nutzer kann seine Einwilligung in Bezug auf diese Cookie-Richtlinie jederzeit widerrufen, weshalb er die auf seinem Ger\u00e4t gespeicherten Cookies mithilfe der Einstellungen und Konfigurationen seines Internetbrowsers l\u00f6schen muss.<br\/> <\/p>\n\n<h2 class=\"wp-block-heading\">8) Rechte des Betroffenen<\/h2>\n\n<p>Die meisten Cookies sammeln anonyme Informationen, die es nicht erm\u00f6glichen, die Identit\u00e4t des Nutzers zu erhalten, obwohl einige der enthaltenen Codes dazu dienen, den Browser seines verwendeten Ger\u00e4ts zu singularisieren oder zu individualisieren, wobei die Vorschriften zum Schutz personenbezogener Daten Anwendung finden k\u00f6nnen. Daher informieren wir Sie dar\u00fcber, dass die Informationen, die durch Cookies erhalten werden, f\u00fcr die in dieser Cookie-Richtlinie angegebenen Zwecke verarbeitet werden. Ebenso werden diese Informationen auch von den Unternehmen verarbeitet, die Cookies mit den in ihren jeweiligen Datenschutzrichtlinien angegebenen Zwecken bereitstellen.  <br\/>Da diese Codes jedoch keine Identifizierung des Nutzers erm\u00f6glichen, sind die in den Datenschutzbestimmungen anerkannten Rechte auf Auskunft, Berichtigung, L\u00f6schung, Widerspruch, Einschr\u00e4nkung und Daten\u00fcbertragbarkeit nicht anwendbar, es sei denn, der Nutzer kann zus\u00e4tzliche Informationen bereitstellen, die es erm\u00f6glichen, seine Identit\u00e4t mit den Identifikationscodes seiner Cookies zu verkn\u00fcpfen.<br\/>Wenn der Nutzer der Ansicht ist, dass sein Recht auf Datenschutz verletzt wurde, kann er eine Beschwerde bei der spanischen Datenschutzbeh\u00f6rde (www.aepd.es) oder bei unserem Datenschutzbeauftragten\/Datenschutzverantwortlichen unter der folgenden E-Mail-Adresse einreichen: exelfil@exelfil.com.<br\/>Andererseits informieren wir Sie, dass einige unserer Anbieter, Partner und Mitarbeiter in den Vereinigten Staaten oder anderen L\u00e4ndern ans\u00e4ssig sein k\u00f6nnen, deren Gesetzgebung kein dem europ\u00e4ischen Recht gleichwertiges Datenschutzniveau bietet. Durch die Zustimmung zur Verwendung von Cookies und zur Weitergabe von Daten stimmen Sie der \u00dcbertragung Ihrer personenbezogenen Daten zu. <br\/> <\/p>\n\n<h2 class=\"wp-block-heading\">9) Verwaltung von Cookies: erg\u00e4nzende Garantien<\/h2>\n\n<p>Alle Internetbrowser erlauben es, das Verhalten eines Cookies zu begrenzen oder die Cookies innerhalb der Konfiguration oder der Optionen des Browsers zu deaktivieren. Die Schritte, um dies zu tun, sind f\u00fcr jeden Browser unterschiedlich, und Anweisungen finden Sie im Hilfemen\u00fc jedes Browsers.<br\/>Viele Browser erlauben es, einen privaten Modus zu aktivieren, durch den die Cookies immer nach dem Besuch gel\u00f6scht werden. Je nach Browser kann dieser private Modus unterschiedliche Namen haben. Im Folgenden finden Sie eine Liste der g\u00e4ngigsten Browser mit einem Link zu den Cookie-Einstellungen und den verschiedenen Namen dieses \u00abprivaten Modus\u00bb:<br\/>\u2013 Internet Explorer: http:\/\/windows.microsoft.com\/es-xl\/internet-explorer\/delete-manage-cookies#ie=ie-11<br\/>\u2013 FireFox: https:\/\/support.mozilla.org\/es\/kb\/Borrarcookies<br\/>\u2013 Chrome: https:\/\/support.google.com\/chrome\/answer\/95647?hl=es<br\/>\u2013 Safari: http:\/\/www.apple.com\/legal\/privacy\/es\/cookies\/<br\/>\u2013 Opera: https:\/\/help.opera.com\/en\/latest\/security-and-privacy\/<br\/>\u2013 Safari f\u00fcr iOS (iPhone- und iPad-Ger\u00e4te): http:\/\/help.opera.com\/Linux\/10.50\/en\/cookies.html<br\/>\u2013 Chrome f\u00fcr Android: https:\/\/support.google.com\/chrome\/answer\/2392971?hl=es<br\/>\u2013 Windows Phone: http:\/\/www.windowsphone.com\/es-es\/how-to\/wp7\/web\/changing-privacy-and-other-browser-<br\/> <br\/>F\u00fcr weitere Informationen \u00fcber das L\u00f6schen, Deaktivieren oder Blockieren von Cookies k\u00f6nnen Sie auch folgende Seite besuchen: http:\/\/www.aboutcookies.org\/Default.aspx?page=2<br\/>Falls die Cookies deaktiviert werden, k\u00f6nnen wir Ihre Pr\u00e4ferenzen nicht beibehalten und einige Funktionen der Website k\u00f6nnten au\u00dfer Betrieb gesetzt werden, so dass wir Ihnen keine personalisierten Dienste anbieten k\u00f6nnen.   <br\/> <\/p>\n\n<h2 class=\"wp-block-heading\">10) Aktualisierung der Cookie-Richtlinie<\/h2>\n\n<p>Diese Webseite kann diese Cookie-Richtlinie \u00e4ndern, weshalb wir Ihnen empfehlen, diese Richtlinie jedes Mal zu \u00fcberpr\u00fcfen, wenn Sie auf unsere Webseite zugreifen, um \u00fcber die Verwendung von Cookies durch uns angemessen informiert zu sein.<\/p>\n","protected":false},"excerpt":{"rendered":"<p>Cookie-Richtlinie In \u00dcbereinstimmung mit dem Gesetz 34\/2002 \u00fcber die Dienste der Informationsgesellschaft und den elektronischen Handel (LSSICE) werden die folgenden rechtlichen Aspekte des Webs mitgeteilt: Web: www.exelfil.comInhaber: EXEL FIL, S.A.Sitz: AVINGUDA POLIGON INDUSTRIAL S\/N \/ Postfach 129. 25200-CERVERAC.I.F.: A25324690Telefon: 973 532 212E-Mail: exelfil@exelfil.comRegisterdaten: Eingetragen im Handelsregister von Barcelona EXEL FIL, S.A. kann Informationen \u00fcber die&nbsp; <a href=\"https:\/\/exelfil.com\/de\/cookie-richtlinie\/\">&hellip; Read more <i class=\"glyphicon glyphicon-arrow-right\"><\/i><\/a><\/p>\n","protected":false},"author":1,"featured_media":0,"parent":0,"menu_order":99,"comment_status":"closed","ping_status":"closed","template":"","meta":{"_acf_changed":false,"footnotes":""},"class_list":["post-1265","page","type-page","status-publish","hentry"],"acf":[],"_links":{"self":[{"href":"https:\/\/exelfil.com\/de\/wp-json\/wp\/v2\/pages\/1265","targetHints":{"allow":["GET"]}}],"collection":[{"href":"https:\/\/exelfil.com\/de\/wp-json\/wp\/v2\/pages"}],"about":[{"href":"https:\/\/exelfil.com\/de\/wp-json\/wp\/v2\/types\/page"}],"author":[{"embeddable":true,"href":"https:\/\/exelfil.com\/de\/wp-json\/wp\/v2\/users\/1"}],"replies":[{"embeddable":true,"href":"https:\/\/exelfil.com\/de\/wp-json\/wp\/v2\/comments?post=1265"}],"version-history":[{"count":2,"href":"https:\/\/exelfil.com\/de\/wp-json\/wp\/v2\/pages\/1265\/revisions"}],"predecessor-version":[{"id":1542,"href":"https:\/\/exelfil.com\/de\/wp-json\/wp\/v2\/pages\/1265\/revisions\/1542"}],"wp:attachment":[{"href":"https:\/\/exelfil.com\/de\/wp-json\/wp\/v2\/media?parent=1265"}],"curies":[{"name":"wp","href":"https:\/\/api.w.org\/{rel}","templated":true}]}}