{"id":1271,"date":"2025-11-17T09:52:41","date_gmt":"2025-11-17T08:52:41","guid":{"rendered":"https:\/\/exelfil.com\/qualitaetspolitik\/"},"modified":"2025-12-17T10:28:36","modified_gmt":"2025-12-17T09:28:36","slug":"qualitaetspolitik","status":"publish","type":"page","link":"https:\/\/exelfil.com\/de\/qualitaetspolitik\/","title":{"rendered":"Qualit\u00e4tspolitik"},"content":{"rendered":"\n<h2 class=\"wp-block-heading\">Qualit\u00e4tspolitik<\/h2>\n\n<p>EXEL FIL, S.A. hat sich die kontinuierliche Verbesserung der Qualit\u00e4t und Leistung ihrer Produkte zum Ziel gesetzt, um die Erwartungen jedes Kunden zu erf\u00fcllen und so sein Vertrauen und den langfristigen Erfolg des Unternehmens zu sichern.<br\/>Die Mission von EXEL FIL ist es, jeden Tag Werte zu schaffen, damit Kunden, unser Team und unsere Aktion\u00e4re ihr volles Potenzial entfalten k\u00f6nnen.<\/p>\n\n<p>Unsere Vision ist es, das Vertrauen unserer Kunden zu gewinnen, was uns besser macht.<\/p>\n\n<p>Deshalb legt sie die folgenden Grunds\u00e4tze fest, erkl\u00e4rt und \u00fcbernimmt sie:<br\/>1. Die Endqualit\u00e4t des Produkts ist das Ergebnis der geplanten und systematischen Ma\u00dfnahmen zur Vorbeugung, Korrektur und kontinuierlichen Verbesserung w\u00e4hrend des gesamten Produktionszyklus mit dem Willen und der Motivation aller Abteilungen.<\/p>\n\n<p>2. Die vertraglichen Anforderungen sind das einzige Kriterium f\u00fcr die Festlegung des Qualit\u00e4tsstandards unserer Produkte.<\/p>\n\n<p>3. Die Qualit\u00e4tsanforderungen und vertraglichen sowie gesetzlichen Anforderungen m\u00fcssen in den Kundenakten und in jeder einzelnen Bestellung objektiv und korrekt spezifiziert werden. Diese Dokumentation wird in allen Fertigungsauftr\u00e4gen des jeweiligen Kunden hinterlegt, um die Anforderungen des Kunden zu gew\u00e4hrleisten.<\/p>\n\n<p>4. Qualit\u00e4t ist eine gemeinsame Sache aller Bereiche des Unternehmens. Jeder Bereich muss sich als Kunde und Lieferant anderer Abteilungen und Personen des Unternehmens verstehen.<\/p>\n\n<p>5. Absolute Ehrlichkeit gegen\u00fcber den Kunden, Ausdauer und Strenge.<\/p>\n\n<h2 class=\"wp-block-heading\">ISO-Richtlinien \u2013 Exel Fil<\/h2>\n\n<p><a href=\"http:\/\/exelfil.com\/wp-content\/uploads\/2025\/07\/Politica-integrada-de-gestion-ambiental-y-reduccio-de-emisiones-de-gases-de-efecto-invernadero-1.pdf\"><span style=\"text-decoration: underline;\">Integrierte Politik f\u00fcr Umweltmanagement und Reduzierung von Treibhausgasemissionen<\/span><\/a><\/p>\n\n<p><a href=\"http:\/\/exelfil.com\/wp-content\/uploads\/2025\/07\/Politica-integrada-de-gestion-de-la-energia.pdf\"><span style=\"text-decoration: underline;\">Integrierte Politik f\u00fcr Energiemanagement<\/span><\/a><\/p>\n\n<p><a href=\"http:\/\/exelfil.com\/wp-content\/uploads\/2025\/07\/Politica-integrada-de-gestion-de-la-calidad-y-el-medio-ambiente-1.pdf\"><span style=\"text-decoration: underline;\">Integrierte Politik f\u00fcr Qualit\u00e4ts- und Umweltmanagement<\/span><\/a><\/p>\n\n<p><a href=\"http:\/\/exelfil.com\/wp-content\/uploads\/2025\/07\/Politica-integrada-de-gestion-de-la-calidad-y-el-medio-ambiente-1.pdf\"><span style=\"text-decoration: underline;\">Integrierte Politik f\u00fcr Qualit\u00e4ts- und Umweltmanagement<\/span><\/a><\/p>\n\n<p><\/p>\n","protected":false},"excerpt":{"rendered":"<p>Qualit\u00e4tspolitik EXEL FIL, S.A. hat sich die kontinuierliche Verbesserung der Qualit\u00e4t und Leistung ihrer Produkte zum Ziel gesetzt, um die Erwartungen jedes Kunden zu erf\u00fcllen und so sein Vertrauen und den langfristigen Erfolg des Unternehmens zu sichern.Die Mission von EXEL FIL ist es, jeden Tag Werte zu schaffen, damit Kunden, unser Team und unsere Aktion\u00e4re&nbsp; <a href=\"https:\/\/exelfil.com\/de\/qualitaetspolitik\/\">&hellip; Read more <i class=\"glyphicon glyphicon-arrow-right\"><\/i><\/a><\/p>\n","protected":false},"author":1,"featured_media":0,"parent":0,"menu_order":99,"comment_status":"closed","ping_status":"closed","template":"","meta":{"_acf_changed":false,"footnotes":""},"class_list":["post-1271","page","type-page","status-publish","hentry"],"acf":[],"_links":{"self":[{"href":"https:\/\/exelfil.com\/de\/wp-json\/wp\/v2\/pages\/1271","targetHints":{"allow":["GET"]}}],"collection":[{"href":"https:\/\/exelfil.com\/de\/wp-json\/wp\/v2\/pages"}],"about":[{"href":"https:\/\/exelfil.com\/de\/wp-json\/wp\/v2\/types\/page"}],"author":[{"embeddable":true,"href":"https:\/\/exelfil.com\/de\/wp-json\/wp\/v2\/users\/1"}],"replies":[{"embeddable":true,"href":"https:\/\/exelfil.com\/de\/wp-json\/wp\/v2\/comments?post=1271"}],"version-history":[{"count":2,"href":"https:\/\/exelfil.com\/de\/wp-json\/wp\/v2\/pages\/1271\/revisions"}],"predecessor-version":[{"id":1535,"href":"https:\/\/exelfil.com\/de\/wp-json\/wp\/v2\/pages\/1271\/revisions\/1535"}],"wp:attachment":[{"href":"https:\/\/exelfil.com\/de\/wp-json\/wp\/v2\/media?parent=1271"}],"curies":[{"name":"wp","href":"https:\/\/api.w.org\/{rel}","templated":true}]}}