{"id":1486,"date":"2025-07-03T10:59:56","date_gmt":"2025-07-03T09:59:56","guid":{"rendered":"https:\/\/exelfil.com\/product\/gegluehter-stahl-aufnahme\/"},"modified":"2025-12-18T16:19:26","modified_gmt":"2025-12-18T15:19:26","slug":"gegluehter-stahl-aufnahme","status":"publish","type":"product","link":"https:\/\/exelfil.com\/de\/product\/gegluehter-stahl-aufnahme\/","title":{"rendered":"Gegl\u00fchter Stahl \u2013 Aufnahme"},"content":{"rendered":"\n<div class=\"wp-block-group is-nowrap is-layout-flex wp-container-core-group-is-layout-6c531013 wp-block-group-is-layout-flex\">\n<div class=\"wp-block-columns mlrg-reverse-mobile is-layout-flex wp-container-core-columns-is-layout-28f84493 wp-block-columns-is-layout-flex\">\n<div class=\"wp-block-column is-layout-flow wp-block-column-is-layout-flow\" style=\"flex-basis:60%\">\n<h2 class=\"wp-block-heading\" style=\"text-transform:uppercase\">Gegl\u00fchter Draht f\u00fcr automatische Pressen, zum Verpacken von Papier, Karton, Kunststoff und Siedlungsabf\u00e4llen, mit automatischer Bindung. <\/h2>\n\n\n\n<p>Gezogener Draht gem\u00e4\u00df EN-16120\/2.<\/p>\n<\/div>\n\n\n\n<div class=\"wp-block-column is-layout-flow wp-block-column-is-layout-flow\" style=\"flex-basis:20%\"><\/div>\n\n\n\n<div class=\"wp-block-column is-layout-flow wp-block-column-is-layout-flow\" style=\"flex-basis:20%\">\n<div class=\"wp-block-group is-layout-constrained wp-block-group-is-layout-constrained\">\n<figure class=\"wp-block-image size-full\"><img loading=\"lazy\" decoding=\"async\" width=\"606\" height=\"600\" src=\"https:\/\/exelfil.com\/wp-content\/uploads\/2025\/07\/PICK-UP-TRIMMED.png\" alt=\"Abholung\" class=\"wp-image-1620\" style=\"aspect-ratio:1;object-fit:cover\" srcset=\"https:\/\/exelfil.com\/wp-content\/uploads\/2025\/07\/PICK-UP-TRIMMED.png 606w, https:\/\/exelfil.com\/wp-content\/uploads\/2025\/07\/PICK-UP-TRIMMED-150x150.png 150w\" sizes=\"auto, (max-width: 606px) 100vw, 606px\" \/><\/figure>\n<\/div>\n<\/div>\n<\/div>\n<\/div>\n\n<div class=\"wp-block-group is-layout-constrained wp-block-group-is-layout-constrained\">\n<div style=\"height:48px\" aria-hidden=\"true\" class=\"wp-block-spacer\"><\/div>\n\n\n\n<h2 class=\"wp-block-heading has-medium-font-size\">Hauptvorteile<\/h2>\n\n\n\n<h5 class=\"wp-block-heading has-x-large-font-size\">Fehlerfreie Verarbeitung<\/h5>\n\n\n\n<p>Gleichm\u00e4\u00dfige und saubere Oberfl\u00e4che, ohne Kratzer oder Risse.<\/p>\n\n\n\n<h5 class=\"wp-block-heading has-x-large-font-size\">Hohe Zuverl\u00e4ssigkeit<\/h5>\n\n\n\n<p>Ideal f\u00fcr Verarbeitungsprozesse wie Biegen, Richten und Schwei\u00dfen.<\/p>\n\n\n\n<h5 class=\"wp-block-heading has-x-large-font-size\">Kompatibilit\u00e4t mit Beschichtungen<\/h5>\n\n\n\n<p>Perfekt f\u00fcr hochwertige Beschichtungen wie Verchromen, Vernickeln und andere Prozesse, die Pr\u00e4zision auf der Oberfl\u00e4che erfordern.<\/p>\n<\/div>\n\n<h2 class=\"wp-block-heading has-medium-font-size\">Technische Spezifikationen<\/h2>\n\n<div id=\"slider-block_7c5260ea0a88d9469d480ddd378a9636\" class=\"slider-block overflowed  md:mb-20\">\n        \n    <div class=\"slider-carousel flex flex-wrap md:block -mx-1 md:mx-0 px-2 md:px-0\">\n    \n        \n            <div class=\"slide h-full w-1\/2 md:w-auto px-1 md:px-0 mb-5 md:mb-0\">\n\n                <div class=\"px-1\">\n                \n                    <img decoding=\"async\" class=\"image-1 w-full h-full block mb-1\" src=\"https:\/\/exelfil.com\/wp-content\/uploads\/2025\/06\/p04.svg\" alt=\"\">\n                    <div class=\"caption-1\">Verpackung<\/div>\n                    <div class=\"caption-2\">Coils von 25 kg bis 50 kg<br \/>\r\n<\/div>\n                \n                <\/div>\n\n            <\/div>\n\n        \n            <div class=\"slide h-full w-1\/2 md:w-auto px-1 md:px-0 mb-5 md:mb-0\">\n\n                <div class=\"px-1\">\n                \n                    <img decoding=\"async\" class=\"image-1 w-full h-full block mb-1\" src=\"https:\/\/exelfil.com\/wp-content\/uploads\/2025\/06\/p03.svg\" alt=\"\">\n                    <div class=\"caption-1\">Verf\u00fcgbare Durchmesser<\/div>\n                    <div class=\"caption-2\">2 &#8211; 4 mm.<\/div>\n                \n                <\/div>\n\n            <\/div>\n\n        \n            <div class=\"slide h-full w-1\/2 md:w-auto px-1 md:px-0 mb-5 md:mb-0\">\n\n                <div class=\"px-1\">\n                \n                    <img decoding=\"async\" class=\"image-1 w-full h-full block mb-1\" src=\"https:\/\/exelfil.com\/wp-content\/uploads\/2025\/06\/p02.svg\" alt=\"\">\n                    <div class=\"caption-1\">Ausf\u00fchrung<\/div>\n                    <div class=\"caption-2\">Gl\u00e4nzend, frei von Oxiden.<\/div>\n                \n                <\/div>\n\n            <\/div>\n\n        \n            <div class=\"slide h-full w-1\/2 md:w-auto px-1 md:px-0 mb-5 md:mb-0\">\n\n                <div class=\"px-1\">\n                \n                    <img decoding=\"async\" class=\"image-1 w-full h-full block mb-1\" src=\"https:\/\/exelfil.com\/wp-content\/uploads\/2025\/06\/p01.svg\" alt=\"\">\n                    <div class=\"caption-1\">Material<\/div>\n                    <div class=\"caption-2\">Kohlenstoffarmer Stahl mit hoher Reinheit.<br \/>\r\n<\/div>\n                \n                <\/div>\n\n            <\/div>\n\n        \n            <div class=\"slide h-full w-1\/2 md:w-auto px-1 md:px-0 mb-5 md:mb-0\">\n\n                <div class=\"px-1\">\n                \n                    <img decoding=\"async\" class=\"image-1 w-full h-full block mb-1\" src=\"https:\/\/exelfil.com\/wp-content\/uploads\/2025\/06\/p01.svg\" alt=\"\">\n                    <div class=\"caption-1\">Wir w\u00e4hlen Schmelzen aus<\/div>\n                    <div class=\"caption-2\">um dem Kunden die ideale Festigkeit zu bieten.<\/div>\n                \n                <\/div>\n\n            <\/div>\n\n        \n            <div class=\"slide h-full w-1\/2 md:w-auto px-1 md:px-0 mb-5 md:mb-0\">\n\n                <div class=\"px-1\">\n                \n                    <img decoding=\"async\" class=\"image-1 w-full h-full block mb-1\" src=\"https:\/\/exelfil.com\/wp-content\/uploads\/2025\/06\/p03.svg\" alt=\"\">\n                    <div class=\"caption-1\">Pr\u00e4sentation <\/div>\n                    <div class=\"caption-2\">gem\u00e4\u00df den Anforderungen des Kunden<\/div>\n                \n                <\/div>\n\n            <\/div>\n\n        \n            <div class=\"slide h-full w-1\/2 md:w-auto px-1 md:px-0 mb-5 md:mb-0\">\n\n                <div class=\"px-1\">\n                \n                    <img decoding=\"async\" class=\"image-1 w-full h-full block mb-1\" src=\"https:\/\/exelfil.com\/wp-content\/uploads\/2025\/06\/p02.svg\" alt=\"\">\n                    <div class=\"caption-1\">Durchmesser und Gewicht<\/div>\n                    <div class=\"caption-2\">Standard oder auf Anfrage.<br \/>\r\n<\/div>\n                \n                <\/div>\n\n            <\/div>\n\n        \n            <div class=\"slide h-full w-1\/2 md:w-auto px-1 md:px-0 mb-5 md:mb-0\">\n\n                <div class=\"px-1\">\n                \n                    <img decoding=\"async\" class=\"image-1 w-full h-full block mb-1\" src=\"https:\/\/exelfil.com\/wp-content\/uploads\/2025\/06\/p01.svg\" alt=\"\">\n                    <div class=\"caption-1\">Verf\u00fcgbar in<\/div>\n                    <div class=\"caption-2\">-H\u00f6chste Qualit\u00e4t<br \/>\r\n-Hohe Festigkeit C1018<\/div>\n                \n                <\/div>\n\n            <\/div>\n\n        \n    <\/div>   \n\n<\/div>\n\n","protected":false},"featured_media":1622,"menu_order":4,"template":"","meta":{"_acf_changed":false},"product_cat":[46],"class_list":["post-1486","product","type-product","status-publish","has-post-thumbnail","hentry","product_cat-gegluehter-stahldraht"],"acf":[],"_links":{"self":[{"href":"https:\/\/exelfil.com\/de\/wp-json\/wp\/v2\/product\/1486","targetHints":{"allow":["GET"]}}],"collection":[{"href":"https:\/\/exelfil.com\/de\/wp-json\/wp\/v2\/product"}],"about":[{"href":"https:\/\/exelfil.com\/de\/wp-json\/wp\/v2\/types\/product"}],"wp:featuredmedia":[{"embeddable":true,"href":"https:\/\/exelfil.com\/de\/wp-json\/wp\/v2\/media\/1622"}],"wp:attachment":[{"href":"https:\/\/exelfil.com\/de\/wp-json\/wp\/v2\/media?parent=1486"}],"wp:term":[{"taxonomy":"product_cat","embeddable":true,"href":"https:\/\/exelfil.com\/de\/wp-json\/wp\/v2\/product_cat?post=1486"}],"curies":[{"name":"wp","href":"https:\/\/api.w.org\/{rel}","templated":true}]}}