{"id":1238,"date":"2023-04-06T17:49:22","date_gmt":"2023-04-06T16:49:22","guid":{"rendered":"https:\/\/exelfil.com\/home\/"},"modified":"2026-04-13T16:18:40","modified_gmt":"2026-04-13T15:18:40","slug":"home","status":"publish","type":"page","link":"https:\/\/exelfil.com\/en\/","title":{"rendered":"Home"},"content":{"rendered":"    \n<div id=\"hero-block_838e73a5e94d1a458cd41f09f5ca59fd\" class=\"hero-block relative z-1\">\n\n    <div class=\"relative h-screen\">\n        \n        <div class=\"carousel h-full hero-carousel\">\n        \n            \n                <div class=\"slide h-full\">\n\n                    <div class=\"relative h-full\">\n\n                        <img decoding=\"async\" class=\"w-full h-full object-cover opacity-[30%]\" src=\"https:\/\/exelfil.com\/wp-content\/uploads\/2025\/06\/CULTURA-2-1920x1281.jpg\" alt=\"\">\n\n                        <div class=\"absolute z-0 top-[30vh] lg:top-28 left-5 right-5 lg:left-11 lg:right-11 flex lg:block flex-col justify-center\">\n\n                            <h1 class=\"mb-6 font-sans title text-center lg:text-left max-w-5xl px-4 lg:px-0\">BRIGHT WIRE AND ANNEALED WIRE SINCE 1994<\/h1>\n\n                                                            \n                                <a class=\"hero-button self-center\" href=\"https:\/\/exelfil.com\/en\/team\/\" target=\"_self\">More about us<\/a>\n                            \n                                                        \n                        <\/div>\n\n                    <\/div>\n\n                <\/div>\n\n            \n                <div class=\"slide h-full\">\n\n                    <div class=\"relative h-full\">\n\n                        <img decoding=\"async\" class=\"w-full h-full object-cover opacity-[30%]\" src=\"https:\/\/exelfil.com\/wp-content\/uploads\/2025\/06\/HISTORIA-2-1920x1280.jpg\" alt=\"\">\n\n                        <div class=\"absolute z-0 top-[30vh] lg:top-28 left-5 right-5 lg:left-11 lg:right-11 flex lg:block flex-col justify-center\">\n\n                            <h1 class=\"mb-6 font-sans title text-center lg:text-left max-w-5xl px-4 lg:px-0\">A Bright Commitment to the Future.<\/h1>\n\n                                                            \n                                <a class=\"hero-button self-center\" href=\"https:\/\/exelfil.com\/en\/ecosystem\/sustainability\/\" target=\"_self\">More about sustainability<\/a>\n                            \n                                                        \n                        <\/div>\n\n                    <\/div>\n\n                <\/div>\n\n            \n                <div class=\"slide h-full\">\n\n                    <div class=\"relative h-full\">\n\n                        <img decoding=\"async\" class=\"w-full h-full object-cover opacity-[30%]\" src=\"https:\/\/exelfil.com\/wp-content\/uploads\/2025\/06\/DETALLE-PRODUCTO.png\" alt=\"\">\n\n                        <div class=\"absolute z-0 top-[30vh] lg:top-28 left-5 right-5 lg:left-11 lg:right-11 flex lg:block flex-col justify-center\">\n\n                            <h1 class=\"mb-6 font-sans title text-center lg:text-left max-w-5xl px-4 lg:px-0\">Sustainable Packaging, contributing to the circular economy.<\/h1>\n\n                                                            \n                                <a class=\"hero-button self-center\" href=\"https:\/\/exelfil.com\/en\/ecosystem\/logistics\/\" target=\"_self\">More about logistics<\/a>\n                            \n                                                        \n                        <\/div>\n\n                    <\/div>\n\n                <\/div>\n\n            \n        <\/div>\n\n        \n            <div class=\"lg:hidden absolute bottom-14 left-0 right-0 flex justify-center \">\n                <img decoding=\"async\" class=\"block h-20 w-auto\" src=\"https:\/\/exelfil.com\/wp-content\/uploads\/2026\/04\/2-1280x720.png\" alt=\"\"> \n            <\/div>\n\n        \n    <\/div>\n\n    \n    <div class=\"js-home-hero-bottom lg:absolute lg:z-0 bottom-0 left-0 w-full overflow-hidden lg:border-t border-light-gray pt-6 pb-10\">\n\n        <div class=\"bg-linear hidden lg:block absolute inset-0 pointer-events-none z-0\"><\/div>\n        \n        <div class=\"px-2 5 lg:px-10\">\n\n            <div class=\"lg:flex justify-between\">\n\n                                \n                    <ul class=\"hero-text-carousel font-sans lg:w-3\/4\">\n\n                        \n                            <li class=\"lg:px-4 mb-10 lg:mb-0\">\n\n                                <h2 class=\"text-2xl mb-4 leading-tighter text-white\">Custom bright and annealed wire<\/h2>\n                                \n                                <p class=\"text-sm leading-tight text-mid-gray\"><p><b>Custom bright and annealed wire<\/b><\/p>\n<p><b><\/b><b>Personalized service for each client<\/b><span style=\"font-weight: 400;\"><br \/>\n<\/span><span style=\"font-weight: 400;\">At<\/span> <b>Exel Fil<\/b> we specialize in the manufacturing of bright annealed steel wire tailored to your industry&#8217;s specific needs<span style=\"font-weight: 400;\"><br \/>\n<\/span><span style=\"font-weight: 400;\">We customize the<\/span> <b>diameter, resistance, elongation, weight, finish, and type of coil<\/b><span style=\"font-weight: 400;\">, ensuring that each product meets the most demanding <\/span><b>technical and quality requirements<\/b><span style=\"font-weight: 400;\">.<\/span><span style=\"font-weight: 400;\"><br \/>\n<\/span><span style=\"font-weight: 400;\">Our flexible process allows us to offer a <\/span><b>custom wire<\/b><span style=\"font-weight: 400;\">, optimized for performance and durability in every application.<\/span><\/p>\n<\/p>\n\n                            <\/li>\n\n                        \n                            <li class=\"lg:px-4 mb-10 lg:mb-0\">\n\n                                <h2 class=\"text-2xl mb-4 leading-tighter text-white\">Fast and efficient production<\/h2>\n                                \n                                <p class=\"text-sm leading-tight text-mid-gray\"><p><b>Agile and continuous delivery<\/b><\/p>\n<p><span style=\"font-weight: 400;\">Thanks to <\/span><b>advanced technology<\/b> <span style=\"font-weight: 400;\">and a <\/span><b>24\/7 production<\/b><span style=\"font-weight: 400;\"> system, at Exel Fil we ensure the <\/span><b>most competitive delivery times<\/b> <span style=\"font-weight: 400;\">in the sector.<\/span><span style=\"font-weight: 400;\"><br \/>\n<\/span><span style=\"font-weight: 400;\">Our experience and comprehensive manufacturing control allow us to <\/span><b>respond quickly to any supply emergency<\/b><span style=\"font-weight: 400;\">, maintaining our position as a <\/span><b>benchmark in the production of steel wire in Europe<\/b><span style=\"font-weight: 400;\">.<\/span><\/p>\n<\/p>\n\n                            <\/li>\n\n                        \n                            <li class=\"lg:px-4 mb-10 lg:mb-0\">\n\n                                <h2 class=\"text-2xl mb-4 leading-tighter text-white\">Quality guarantee<\/h2>\n                                \n                                <p class=\"text-sm leading-tight text-mid-gray\"><p><b>Certified tests and total control<\/b><\/p>\n<p><span style=\"font-weight: 400;\">We have our own <\/span><b>mechanical testing laboratory<\/b> <span style=\"font-weight: 400;\">that performs <\/span><b>tensile and resistance tests at room temperature<\/b> <span style=\"font-weight: 400;\">on each production batch.<\/span><span style=\"font-weight: 400;\"><br \/>\n<\/span><span style=\"font-weight: 400;\">Our laboratory is in the process of accreditation by<\/span> <b>ENAC<\/b> <span style=\"font-weight: 400;\">according to the <\/span><b>UNE-EN ISO\/IEC 17025<\/b> <span style=\"font-weight: 400;\">standard, guaranteeing the <\/span><b>highest precision and traceability<\/b> <span style=\"font-weight: 400;\">in the results.<\/span><span style=\"font-weight: 400;\"><br \/>\n<\/span><span style=\"font-weight: 400;\">This methodology allows us to offer <\/span><b>steel wire with certified quality<\/b><span style=\"font-weight: 400;\">, meeting the <\/span><b>mechanical properties and international technical requirements<\/b> <span style=\"font-weight: 400;\">in all our supplies.<\/span><\/p>\n<\/p>\n\n                            <\/li>\n\n                        \n                            <li class=\"lg:px-4 mb-10 lg:mb-0\">\n\n                                <h2 class=\"text-2xl mb-4 leading-tighter text-white\">Certifications and commitment to sustainability<\/h2>\n                                \n                                <p class=\"text-sm leading-tight text-mid-gray\"><p><span style=\"font-weight: 400;\">At Exel Fil, we work under a certified comprehensive management system, which reflects our commitment to quality, safety, and the environment.<\/span><span style=\"font-weight: 400;\"><br \/>\n<\/span><span style=\"font-weight: 400;\">We have the following ISO certifications:<br \/>\n<\/span><span style=\"font-weight: 400;\">ISO 9001 \u2013 Quality management<br \/>\n<\/span><span style=\"font-weight: 400;\">ISO 14001 \u2013 Environmental management<br \/>\n<\/span><span style=\"font-weight: 400;\">ISO 14064-1 \u2013 Carbon footprint and emissions management<br \/>\n<\/span><span style=\"font-weight: 400;\">ISO 45001 \u2013 Occupational health and safety<br \/>\n<\/span><span style=\"font-weight: 400;\">ISO 50001 \u2013 Energy efficiency<br \/>\n<\/span><span style=\"font-weight: 400;\">These certifications guarantee our operational excellence and industrial sustainability, assuring our clients reliable products, safe processes, and environmentally responsible production.<\/span><\/p>\n<\/p>\n\n                            <\/li>\n\n                        \n                    <\/ul>\n\n                \n                \n                    <div class=\"w-1\/4 hidden lg:flex justify-end \">\n                        <img decoding=\"async\" class=\"block h-20 lg:h-28 w-auto object-contain object-top\" src=\"https:\/\/exelfil.com\/wp-content\/uploads\/2026\/04\/2-1280x720.png\" alt=\"\"> \n                    <\/div>\n\n                \n\n\n            <\/div>\n\n                            \n                <a class=\"hero-button hidden lg:inline-block mt-3 relative z-1\" href=\"#nf-form-1-cont\" target=\"_self\">I want to contact<\/a>\n            \n            \n\n        <\/div>\n\n    <\/div>\n\n<\/div>\n\n\n    <div id=\"products-block_5e897923b45d531b215dd5776eb66095\" class=\"products-block lg:border-t border-gray lg:pt-4 mb-24 lg:mb-44\">\n\n            <h3 class=\"mb-10 lg:mb-16 container block-title font-sans text-white text-base lg:text-2xl\">Products<\/h3>\n\n        <ul class=\"products-carousel\">\n                    \n            \n<li class=\"product-list-item px-2 transition-opacity duration-300 cursor-pointer js-product-list-item\">\n\n    <div class=\"p-4 bg-dark-gray w-full lg:w-[39.5vw]\" >\n\n        <div class=\"top bg-off-black p-4 mb-16\">\n\n            <h3 class=\"text-3xl text-gray mb-6 font-sans-2 leading-tighter\">\n                \n                <span class=\"block text-white uppercase text-4xl font-sans\">Alambre de acero<\/span>\n\n                (Brillante)        \n            <\/h3>\n\n            <div class=\"flex justify-center -mb-16\">\n\n                <img decoding=\"async\" src=\"https:\/\/exelfil.com\/wp-content\/uploads\/2025\/06\/ALAMBRE-DE-ACERO-BRILLANTE-EN-BOBINA.png\" alt=\"\" class=\"h-[224px] lg:h-[310px]\">\n\n            <\/div>\n\n        <\/div>\n\n        <div class=\"px-6 lg:px-10 min-h-[160px] lg:min-h-[190px]\">\n\n            <div class=\"mb0 text-white opacity-50 font-sans-2 text-base lg:text-xl text-center leading-tight max-w-md mx-auto\"><p>Fabricado a trav\u00e9s de procesos de trefilado de precisi\u00f3n, este producto no solo destaca por su acabado luminoso y est\u00e9ticamente agradable, sino tambi\u00e9n por su durabilidad y resistencia.<\/p>\n<\/div>\n\n        <\/div>\n\n        <div class=\"flex justify-center mb-6 lg:mb-20\">\n\n            <a class=\"button red block z-0 small\" href=\"https:\/\/exelfil.com\/product_cat\/alambre-de-acero-brillante\/\">+<\/a>\n\n        <\/div>\n\n    <\/div>\n\n<\/li>\n\n\n            \n<li class=\"product-list-item px-1 transition-opacity duration-300 cursor-pointer js-product-list-item\">\n\n    <div class=\"p-4 bg-dark-gray w-full lg:w-[39.5vw]\" >\n\n        <div class=\"top bg-off-black p-4 mb-16\">\n\n            <h3 class=\"text-3xl text-gray mb-6 font-sans-2 leading-tighter\">\n                \n                <span class=\"block text-white uppercase text-4xl font-sans\">Steel wire<\/span>\n\n                (Annealed)        \n            <\/h3>\n\n            <div class=\"flex justify-center -mb-16\">\n\n                <img decoding=\"async\" src=\"https:\/\/exelfil.com\/wp-content\/uploads\/2025\/06\/Home_producte2-des.png\" alt=\"\" class=\"h-[224px] lg:h-[310px]\">\n\n            <\/div>\n\n        <\/div>\n\n        <div class=\"px-6 lg:px-10 min-h-[160px] lg:min-h-[190px]\">\n\n            <p class=\"mb0 text-white opacity-50 font-sans-2 text-base lg:text-xl text-center leading-tight max-w-md mx-auto\">Annealed wire for Exelfil presses is the optimal solution for pressing and packaging applications, offering unmatched strength, flexibility, and durability.<\/p>\n\n        <\/div>\n\n        <div class=\"flex justify-center mb-6 lg:mb-20\">\n\n            <a class=\"button red block z-0 small\" href=\"https:\/\/exelfil.com\/en\/product\/annealed-steel-roll\/\">+<\/a>\n\n        <\/div>\n\n    <\/div>\n\n<\/li>\n<li class=\"product-list-item px-1 transition-opacity duration-300 cursor-pointer js-product-list-item\">\n\n    <div class=\"p-4 bg-dark-gray w-full lg:w-[39.5vw]\" >\n\n        <div class=\"top bg-off-black p-4 mb-16\">\n\n            <h3 class=\"text-3xl text-gray mb-6 font-sans-2 leading-tighter\">\n                \n                <span class=\"block text-white uppercase text-4xl font-sans\">Steel wire<\/span>\n\n                (Pick-up)        \n            <\/h3>\n\n            <div class=\"flex justify-center -mb-16\">\n\n                <img decoding=\"async\" src=\"https:\/\/exelfil.com\/wp-content\/uploads\/2026\/04\/Diseno-sin-titulo-1-1280x853.png\" alt=\"\" class=\"h-[224px] lg:h-[310px]\">\n\n            <\/div>\n\n        <\/div>\n\n        <div class=\"px-6 lg:px-10 min-h-[160px] lg:min-h-[190px]\">\n\n            <p class=\"mb0 text-white opacity-50 font-sans-2 text-base lg:text-xl text-center leading-tight max-w-md mx-auto\">Annealed wire for automatic presses, for packing paper, cardboard, plastic and MSW, with automatic tying. Wire drawn according to EN-16120\/2. <\/p>\n\n        <\/div>\n\n        <div class=\"flex justify-center mb-6 lg:mb-20\">\n\n            <a class=\"button red block z-0 small\" href=\"https:\/\/exelfil.com\/en\/product\/annealed-steel-pick-up\/\">+<\/a>\n\n        <\/div>\n\n    <\/div>\n\n<\/li>\n        <\/ul>\n\n    <\/div>\n\n\n<div id=\"applications-block_4e8cee6d328e6baa909f4b6d19b688c6\" class=\"applications-block overflowed\">\n\n        <h3 class=\"mb-10 lg:mb-16 container block-title font-sans text-white text-base lg:text-2xl\">Applications<\/h3>\n        \n    <div class=\"applications-carousel\">\n    \n        \n            <div class=\"slide h-full\">\n\n                <div class=\"px-1\">\n                \n                    <img decoding=\"async\" class=\"aspect-[3\/4] object-cover w-full h-full block mb-1 transition-opacity opacity-75 hover:opacity-100 duration-100\" src=\"https:\/\/exelfil.com\/wp-content\/uploads\/2025\/06\/WhatsApp-Image-2024-06-07-at-13.28.26.png\" alt=\"\">\n                    <div class=\"text-gray font-sans-2 text-base lg:text-xl\">Industry<\/div>\n                    <div class=\"text-white text-2\"><\/div>\n                \n                <\/div>\n\n            <\/div>\n\n        \n            <div class=\"slide h-full\">\n\n                <div class=\"px-1\">\n                \n                    <img decoding=\"async\" class=\"aspect-[3\/4] object-cover w-full h-full block mb-1 transition-opacity opacity-75 hover:opacity-100 duration-100\" src=\"https:\/\/exelfil.com\/wp-content\/uploads\/2025\/06\/pexels-igor-starkov-233202-1117452.png\" alt=\"\">\n                    <div class=\"text-gray font-sans-2 text-base lg:text-xl\">Construction<\/div>\n                    <div class=\"text-white text-2\"><\/div>\n                \n                <\/div>\n\n            <\/div>\n\n        \n            <div class=\"slide h-full\">\n\n                <div class=\"px-1\">\n                \n                    <img decoding=\"async\" class=\"aspect-[3\/4] object-cover w-full h-full block mb-1 transition-opacity opacity-75 hover:opacity-100 duration-100\" src=\"https:\/\/exelfil.com\/wp-content\/uploads\/2025\/06\/pexels-nc-farm-bureau-mark-8428969.png\" alt=\"\">\n                    <div class=\"text-gray font-sans-2 text-base lg:text-xl\">Agriculture<\/div>\n                    <div class=\"text-white text-2\"><\/div>\n                \n                <\/div>\n\n            <\/div>\n\n        \n            <div class=\"slide h-full\">\n\n                <div class=\"px-1\">\n                \n                    <img decoding=\"async\" class=\"aspect-[3\/4] object-cover w-full h-full block mb-1 transition-opacity opacity-75 hover:opacity-100 duration-100\" src=\"https:\/\/exelfil.com\/wp-content\/uploads\/2025\/06\/pexels-apasaric-356286.png\" alt=\"\">\n                    <div class=\"text-gray font-sans-2 text-base lg:text-xl\">Architecture<\/div>\n                    <div class=\"text-white text-2\"><\/div>\n                \n                <\/div>\n\n            <\/div>\n\n        \n    <\/div>   \n\n<\/div>\n\n\n<div id=\"ecosistema-block_3709febe2a17ee1315d11ab154b93ddd\" class=\"ecosistema-block js-home-ecosistema-block lg:border-t border-gray lg:pt-4 px-1 lg:px-11\">\n\n        <h3 class=\"mb-10 lg:mb-16 container block-title font-sans text-white text-base lg:text-2xl\">Ecosystem<\/h3>\n\n    <ul class=\"ecosystem-carousel lg-accordion lg:flex w-full\">\n\t\t\t\t\n\t\t\n<li class=\"ecosystem-item px-1 flex-basis-[10%] flex-grow-0 accordion-item h-[70vh] lg:h-[520px] transition-width duration-500  expanded\">\n\n    <div class=\"h-full accordion-content\" >\n\n        <div class=\"inner h-full\">\n\n\t\t\t<div class=\"h-full relative\">\n\n                <a class=\"absolute inset-0 h-full z-0 accordion-title flex flex-col justify-between h-full lg:p-8\" href=\"https:\/\/exelfil.com\/en\/ecosystem\/sustainability\/\">\n\n                    <img decoding=\"async\" src=\"https:\/\/exelfil.com\/wp-content\/uploads\/2025\/06\/pexels-freestockpro-1227513-1280x852.jpg\" alt=\"\" class=\"absolute z-0 h-full w-full inset-0 object-cover \">\n\n                    <div class=\"black-overlay\"><\/div>\n\n                    <div class=\"relative z-1 flex flex-col h-full justify-between py-5 px-6 lg:pt-20 lg:pl-20 overflow-hidden transition-opacity duration-300 lg:opacity-0 inner-content\">\n\n                        <div class=\"top text-white mb-8\">\n\n                            <h3 class=\"mb-4 block uppercase text-4xl font-sans leading-tighter\">Sustainability <\/h3>\n\n                            <p class=\"mb0 text-white opacity-75 max-w-md font-sans-2 text-base lg:text-xl leading-tight\">We understand that excellence is measured not only by the quality of our products but also by our impact on the world. Therefore, sustainability is a fundamental aspect of our business purpose. <\/p>\n\n                        <\/div>\n\n                        <div class=\"flex justify-center bottom\">\n\n                            <span class=\"button red block z-0 small\">+<\/span>\n\n                        <\/div>\n\n                    <\/div> \n\n                <\/a>\n\n            <\/div>\n\n        <\/div>\n\n    <\/div>\n\n<\/li>\n<li class=\"ecosystem-item px-1 flex-basis-[10%] flex-grow-0 accordion-item h-[70vh] lg:h-[520px] transition-width duration-500 \">\n\n    <div class=\"h-full accordion-content\" >\n\n        <div class=\"inner h-full\">\n\n\t\t\t<div class=\"h-full relative\">\n\n                <a class=\"absolute inset-0 h-full z-0 accordion-title flex flex-col justify-between h-full lg:p-8\" href=\"https:\/\/exelfil.com\/en\/ecosystem\/logistics\/\">\n\n                    <img decoding=\"async\" src=\"https:\/\/exelfil.com\/wp-content\/uploads\/2025\/06\/pexels-maksgelatin-9871879-1280x959.jpg\" alt=\"\" class=\"absolute z-0 h-full w-full inset-0 object-cover \">\n\n                    <div class=\"black-overlay\"><\/div>\n\n                    <div class=\"relative z-1 flex flex-col h-full justify-between py-5 px-6 lg:pt-20 lg:pl-20 overflow-hidden transition-opacity duration-300 lg:opacity-0 inner-content\">\n\n                        <div class=\"top text-white mb-8\">\n\n                            <h3 class=\"mb-4 block uppercase text-4xl font-sans leading-tighter\">Logistics <\/h3>\n\n                            <p class=\"mb0 text-white opacity-75 max-w-md font-sans-2 text-base lg:text-xl leading-tight\">At Exelfil, efficiency and excellence come together to deliver high-quality wire in the most efficient and sustainable way. Thus, our efforts in process optimization improve both customer service and our commitment to a more sustainable future. <\/p>\n\n                        <\/div>\n\n                        <div class=\"flex justify-center bottom\">\n\n                            <span class=\"button red block z-0 small\">+<\/span>\n\n                        <\/div>\n\n                    <\/div> \n\n                <\/a>\n\n            <\/div>\n\n        <\/div>\n\n    <\/div>\n\n<\/li>\n<li class=\"ecosystem-item px-1 flex-basis-[10%] flex-grow-0 accordion-item h-[70vh] lg:h-[520px] transition-width duration-500 \">\n\n    <div class=\"h-full accordion-content\" >\n\n        <div class=\"inner h-full\">\n\n\t\t\t<div class=\"h-full relative\">\n\n                <a class=\"absolute inset-0 h-full z-0 accordion-title flex flex-col justify-between h-full lg:p-8\" href=\"https:\/\/exelfil.com\/en\/ecosystem\/quality\/\">\n\n                    <img decoding=\"async\" src=\"https:\/\/exelfil.com\/wp-content\/uploads\/2025\/06\/CALIDAD-1280x720.jpg\" alt=\"\" class=\"absolute z-0 h-full w-full inset-0 object-cover \">\n\n                    <div class=\"black-overlay\"><\/div>\n\n                    <div class=\"relative z-1 flex flex-col h-full justify-between py-5 px-6 lg:pt-20 lg:pl-20 overflow-hidden transition-opacity duration-300 lg:opacity-0 inner-content\">\n\n                        <div class=\"top text-white mb-8\">\n\n                            <h3 class=\"mb-4 block uppercase text-4xl font-sans leading-tighter\">Quality <\/h3>\n\n                            <p class=\"mb0 text-white opacity-75 max-w-md font-sans-2 text-base lg:text-xl leading-tight\">We ensure the quality and specifications of our customers, both for the raw material and our drawn wire. <\/p>\n\n                        <\/div>\n\n                        <div class=\"flex justify-center bottom\">\n\n                            <span class=\"button red block z-0 small\">+<\/span>\n\n                        <\/div>\n\n                    <\/div> \n\n                <\/a>\n\n            <\/div>\n\n        <\/div>\n\n    <\/div>\n\n<\/li>\n    <\/ul>\n\n<\/div>\n\n","protected":false},"excerpt":{"rendered":"","protected":false},"author":1,"featured_media":0,"parent":0,"menu_order":0,"comment_status":"closed","ping_status":"closed","template":"","meta":{"_acf_changed":false,"footnotes":""},"class_list":["post-1238","page","type-page","status-publish","hentry"],"acf":[],"_links":{"self":[{"href":"https:\/\/exelfil.com\/en\/wp-json\/wp\/v2\/pages\/1238","targetHints":{"allow":["GET"]}}],"collection":[{"href":"https:\/\/exelfil.com\/en\/wp-json\/wp\/v2\/pages"}],"about":[{"href":"https:\/\/exelfil.com\/en\/wp-json\/wp\/v2\/types\/page"}],"author":[{"embeddable":true,"href":"https:\/\/exelfil.com\/en\/wp-json\/wp\/v2\/users\/1"}],"replies":[{"embeddable":true,"href":"https:\/\/exelfil.com\/en\/wp-json\/wp\/v2\/comments?post=1238"}],"version-history":[{"count":7,"href":"https:\/\/exelfil.com\/en\/wp-json\/wp\/v2\/pages\/1238\/revisions"}],"predecessor-version":[{"id":1851,"href":"https:\/\/exelfil.com\/en\/wp-json\/wp\/v2\/pages\/1238\/revisions\/1851"}],"wp:attachment":[{"href":"https:\/\/exelfil.com\/en\/wp-json\/wp\/v2\/media?parent=1238"}],"curies":[{"name":"wp","href":"https:\/\/api.w.org\/{rel}","templated":true}]}}