{"id":1233,"date":"2025-06-19T16:46:16","date_gmt":"2025-06-19T15:46:16","guid":{"rendered":"https:\/\/exelfil.com\/equipe\/"},"modified":"2026-01-08T17:23:08","modified_gmt":"2026-01-08T16:23:08","slug":"equipe","status":"publish","type":"page","link":"https:\/\/exelfil.com\/fr\/equipe\/","title":{"rendered":"\u00c9quipe"},"content":{"rendered":"\n<div id=\"team-hero-block_99156547b1d5e50ee9a7b75a97fe5136\" class=\"team-hero-block anti-container\">\n\n    <div class=\"relative h-screen\">\n\n        \n            <img decoding=\"async\" src=\"https:\/\/exelfil.com\/wp-content\/uploads\/2025\/07\/pexels-romario-art-1238178125-22938999-1259x1920.jpg\" alt=\"\" class=\"absolute inset-0 w-full h-full object-cover\">\n\n            <div class=\"bg-linear hidden lg:block absolute inset-0 pointer-events-none z-0\"><\/div>\n\n            \n\n        \n        <div class=\"relative z-1 h-full flex items-center justify-center transition-opacity duration-500 delay-500 \">\n\n            <div class=\"max-w-4xl mx-auto px-10 flex flex-col items-center justify-center transition-opacity duration-100 delay-100\">\n\n                <h1 class=\"title mb-4 transition-top top-0 duration-1000 delay-100 text-center relative\">LES PERSONNES SONT LA CL\u00c9 DE NOTRE ORGANISATION<\/h1>\n\n                <img decoding=\"async\" class=\"h-8 sm:h-10 lg:h-12 xl:h-20 3xl:h-24 transition-transform duration-[1.5s] delay-100\" src=\"https:\/\/exelfil.com\/wp-content\/themes\/exelfil\/dist\/img\/icon-smile.svg\" alt=\"an icon of a smile\" >\n\n            <\/div>\n\n        <\/div>\n\n        <div class=\"absolute z-1 bottom-0 left-0 right-0 border-t border-gray py-7 transition-opacity duration-1000 delay-500\">\n\n            <div class=\"px-3 lg:px-11 lg:max-w-sm text-mid-gray leading-tight lg:text-white lg:leading-normal\">\n\n                Gr\u00e2ce \u00e0 la collaboration et \u00e0 l&rsquo;innovation continue, nous garantissons les solutions les plus efficaces pour satisfaire les besoins de l&rsquo;industrie. \n            <\/div>\n\n        <\/div>\n\n\n\n    <\/div>\n\n<\/div>\n\n\n<div id=\"team-intro-block_0eff0cda3a109984f4f367de9b8e1d80\" class=\"team-intro-block\">\n\n    <div class=\"h-screen flex items-center justify-center\">\n\n        <div class=\"max-w-6xl mx-auto px-10 flex flex-col items-center justify-center\">\n            \n            <p class=\"mb-20 lg:mb-0 lg:max-w-md lg:text-center lg:order-[3] text-mid-gray leading-tight lg:text-white lg:leading-normal\">\n\n                Derri\u00e8re chaque commande, chaque bobine et chaque d\u00e9cision, il y a des personnes.<br \/>\r\n Une \u00e9quipe qui travaille avec responsabilit\u00e9, exp\u00e9rience et respect du travail bien fait.<br \/>\r\n C&rsquo;est ce qui soutient la qualit\u00e9 d&rsquo;Exel Fil.\n            <\/p>\n\n            <img decoding=\"async\" class=\"max-w-xs block mb-4\" src=\"\" alt=\"\" >\n\n            <h1 class=\"title mb-4 text-center\">FOURNIR LE FIL DE LA PLUS HAUTE QUALIT\u00c9 \u00c0 NOS CLIENTS<\/h1>\n\n        <\/div>\n\n    <\/div>\n\n<\/div>\n\n\n<div id=\"team-members-block_6b21848d8ac63e4f2b80601c2bb23184\" class=\"team-members-block lg:border-t lg:border-gray pt-4\">\n\n    <div class=\"px-3 lg:px-11\">\n\n        <h3 class=\"text-2 lg:text-center\">Notre \u00e9quipe<\/h3>\n\n        <div class=\"lg:flex mt-12 lg:mt-20\">\n\n    <h2 class=\"lg:w-1\/4 pr-8 text-2 mb-2\">Responsables<\/h2>\n\n    <ul class=\"members-list flex flex-wrap lg:w-3\/4 -mx-1\">\n\n        \n        <li class=\"member-list-item px-1 w-1\/2 lg:w-1\/3 xl:w-1\/4 mb-10 lg:mb-12\">\n\n            <img decoding=\"async\" class=\"w-full aspect-[3\/4] object-top object-cover block mb-2\" src=\"https:\/\/exelfil.com\/wp-content\/uploads\/2025\/12\/Rebeca-Abella-Directora-General.jpg\" alt=\"\">\n\n            <h3 class=\"small leading-tight\">Rebeca Abella<\/h3>\n\n            <div class=\"small leading-tight text-gray\">\n<p>Directrice g\u00e9n\u00e9rale<\/p>\n\n        <\/li>\n\n\n        <li class=\"member-list-item px-1 w-1\/2 lg:w-1\/3 xl:w-1\/4 mb-10 lg:mb-12\">\n\n            <img decoding=\"async\" class=\"w-full aspect-[3\/4] object-top object-cover block mb-2\" src=\"https:\/\/exelfil.com\/wp-content\/uploads\/2025\/12\/Josep-Ma-Comas-Responsable-Produccion.jpg\" alt=\"\">\n\n            <h3 class=\"small leading-tight\">Josep M\u00aa Comas<\/h3>\n\n            <div class=\"small leading-tight text-gray\">\n<p>Responsable Production<\/p>\n\n        <\/li>\n\n\n        <li class=\"member-list-item px-1 w-1\/2 lg:w-1\/3 xl:w-1\/4 mb-10 lg:mb-12\">\n\n            <img decoding=\"async\" class=\"w-full aspect-[3\/4] object-top object-cover block mb-2\" src=\"https:\/\/exelfil.com\/wp-content\/uploads\/2025\/12\/Joan-Fabregas-Responsable-Fabrica-Brillante.jpg\" alt=\"\">\n\n            <h3 class=\"small leading-tight\">Joan F\u00e1bregas<\/h3>\n\n            <div class=\"small leading-tight text-gray\">\n<p>Responsable Usine Brillante<\/p>\n\n        <\/li>\n\n\n        <li class=\"member-list-item px-1 w-1\/2 lg:w-1\/3 xl:w-1\/4 mb-10 lg:mb-12\">\n\n            <img decoding=\"async\" class=\"w-full aspect-[3\/4] object-top object-cover block mb-2\" src=\"https:\/\/exelfil.com\/wp-content\/uploads\/2025\/12\/Yaneira-Patino-Responsable-de-Calidad-y-Sostenibilidad.jpg\" alt=\"\">\n\n            <h3 class=\"small leading-tight\">Yaneira Pati\u00f1o<\/h3>\n\n            <div class=\"small leading-tight text-gray\">\n<p>Responsable Qualit\u00e9 et Durabilit\u00e9<\/p>\n\n        <\/li>\n\n\n        <li class=\"member-list-item px-1 w-1\/2 lg:w-1\/3 xl:w-1\/4 mb-10 lg:mb-12\">\n\n            <img decoding=\"async\" class=\"w-full aspect-[3\/4] object-top object-cover block mb-2\" src=\"https:\/\/exelfil.com\/wp-content\/uploads\/2025\/12\/Eduardo-Quiroga-Responsable-Comercial.jpg\" alt=\"\">\n\n            <h3 class=\"small leading-tight\">Eduardo Quiroga<\/h3>\n\n            <div class=\"small leading-tight text-gray\">\n<p>Responsable commercial<\/p>\n\n        <\/li>\n\n\n        <li class=\"member-list-item px-1 w-1\/2 lg:w-1\/3 xl:w-1\/4 mb-10 lg:mb-12\">\n\n            <img decoding=\"async\" class=\"w-full aspect-[3\/4] object-top object-cover block mb-2\" src=\"https:\/\/exelfil.com\/wp-content\/uploads\/2025\/12\/Marisa-Plaza-Key-Account-Manager.jpg\" alt=\"\">\n\n            <h3 class=\"small leading-tight\">Marisa Plaza<\/h3>\n\n            <div class=\"small leading-tight text-gray\">\n<p>Responsable de comptes cl\u00e9s<\/p>\n\n        <\/li>\n\n\n        <li class=\"member-list-item px-1 w-1\/2 lg:w-1\/3 xl:w-1\/4 mb-10 lg:mb-12\">\n\n            <img decoding=\"async\" class=\"w-full aspect-[3\/4] object-top object-cover block mb-2\" src=\"https:\/\/exelfil.com\/wp-content\/uploads\/2025\/12\/Josep-Aymerich-Key-Account-Manager.jpg\" alt=\"\">\n\n            <h3 class=\"small leading-tight\">Josep Aymerich<\/h3>\n\n            <div class=\"small leading-tight text-gray\">\n<p>Responsable de comptes cl\u00e9s<\/p>\n\n        <\/li>\n\n\n        <li class=\"member-list-item px-1 w-1\/2 lg:w-1\/3 xl:w-1\/4 mb-10 lg:mb-12\">\n\n            <img decoding=\"async\" class=\"w-full aspect-[3\/4] object-top object-cover block mb-2\" src=\"https:\/\/exelfil.com\/wp-content\/uploads\/2025\/12\/Hasana-Ikhalfi-Responsable-Operaciones.jpg\" alt=\"\">\n\n            <h3 class=\"small leading-tight\">Hasana Ikhalfi<\/h3>\n\n            <div class=\"small leading-tight text-gray\">\n<p>Responsable de l&rsquo;exp\u00e9rience client et des achats<\/p>\n\n<p><\/p>\n\n        <\/li>\n\n\n        <li class=\"member-list-item px-1 w-1\/2 lg:w-1\/3 xl:w-1\/4 mb-10 lg:mb-12\">\n\n            <img decoding=\"async\" class=\"w-full aspect-[3\/4] object-top object-cover block mb-2\" src=\"https:\/\/exelfil.com\/wp-content\/uploads\/2025\/12\/Xavi-Rios-Responsable-de-Mantenimiento.jpg\" alt=\"\">\n\n            <h3 class=\"small leading-tight\">Xavi R\u00edos<\/h3>\n\n            <div class=\"small leading-tight text-gray\">\n<p>Responsable de la maintenance<\/p>\n\n        <\/li>\n\n\n        <li class=\"member-list-item px-1 w-1\/2 lg:w-1\/3 xl:w-1\/4 mb-10 lg:mb-12\">\n\n            <img decoding=\"async\" class=\"w-full aspect-[3\/4] object-top object-cover block mb-2\" src=\"https:\/\/exelfil.com\/wp-content\/uploads\/2025\/12\/Eva-Ortiz-Responsable-de-talento.jpg\" alt=\"\">\n\n            <h3 class=\"small leading-tight\">Eva Ortiz<\/h3>\n\n            <div class=\"small leading-tight text-gray\">\n<p>Responsable des talents<\/p>\n\n<p><\/p>\n\n        <\/li>\n\n\n        <li class=\"member-list-item px-1 w-1\/2 lg:w-1\/3 xl:w-1\/4 mb-10 lg:mb-12\">\n\n            <img decoding=\"async\" class=\"w-full aspect-[3\/4] object-top object-cover block mb-2\" src=\"https:\/\/exelfil.com\/wp-content\/uploads\/2025\/12\/Joan-Farreny-Responsable-Logistica-Exportacion.jpg\" alt=\"\">\n\n            <h3 class=\"small leading-tight\">Joan Farreny<\/h3>\n\n            <div class=\"small leading-tight text-gray\">\n<p>Responsable Logistique Exportation<\/p>\n\n        <\/li>\n\n\n        <li class=\"member-list-item px-1 w-1\/2 lg:w-1\/3 xl:w-1\/4 mb-10 lg:mb-12\">\n\n            <img decoding=\"async\" class=\"w-full aspect-[3\/4] object-top object-cover block mb-2\" src=\"https:\/\/exelfil.com\/wp-content\/uploads\/2025\/12\/Carme-Minguell-Responsable-Administracion-y-Finanzas.jpg\" alt=\"\">\n\n            <h3 class=\"small leading-tight\">Carme Minguell<\/h3>\n\n            <div class=\"small leading-tight text-gray\">\n<p>Responsable Administration et Finances<\/p>\n\n        <\/li>\n\n\n        <li class=\"member-list-item px-1 w-1\/2 lg:w-1\/3 xl:w-1\/4 mb-10 lg:mb-12\">\n\n            <img decoding=\"async\" class=\"w-full aspect-[3\/4] object-top object-cover block mb-2\" src=\"https:\/\/exelfil.com\/wp-content\/uploads\/2025\/12\/Antonio-Papamanolis-Responsable-Fabrica-Recocido.jpg\" alt=\"\">\n\n            <h3 class=\"small leading-tight\">Antonio Papamanolis<\/h3>\n\n            <div class=\"small leading-tight text-gray\">\n<p>Responsable de l&rsquo;usine de recuit<\/p>\n\n        <\/li>\n\n\n        <li class=\"member-list-item px-1 w-1\/2 lg:w-1\/3 xl:w-1\/4 mb-10 lg:mb-12\">\n\n            <img decoding=\"async\" class=\"w-full aspect-[3\/4] object-top object-cover block mb-2\" src=\"https:\/\/exelfil.com\/wp-content\/uploads\/2025\/12\/Antonio-Alfonso-Responsable-Logistica-Nacional.jpg\" alt=\"\">\n\n            <h3 class=\"small leading-tight\">Antonio Alfonso<\/h3>\n\n            <div class=\"small leading-tight text-gray\">\n<p>Responsable Logistique Nationale<\/p>\n\n        <\/li>\n\n\n    <\/ul>\n\n<\/div>\n\n\n\n<div class=\"lg:flex mt-12 lg:mt-20\">\n\n    <h2 class=\"lg:w-1\/4 pr-8 text-2 mb-2\">Techniciens<\/h2>\n\n    <ul class=\"members-list flex flex-wrap lg:w-3\/4 -mx-1\">\n\n        \n        <li class=\"member-list-item px-1 w-1\/2 lg:w-1\/3 xl:w-1\/4 mb-10 lg:mb-12\">\n\n            <img decoding=\"async\" class=\"w-full aspect-[3\/4] object-top object-cover block mb-2\" src=\"https:\/\/exelfil.com\/wp-content\/uploads\/2025\/12\/Yolanda-Domenech-Tecnica-Ensayos.jpg\" alt=\"\">\n\n            <h3 class=\"small leading-tight\">Yolanda Dom\u00e8nech<\/h3>\n\n            <div class=\"small leading-tight text-gray\">\n<p>Technique Essais<\/p>\n\n        <\/li>\n\n\n        <li class=\"member-list-item px-1 w-1\/2 lg:w-1\/3 xl:w-1\/4 mb-10 lg:mb-12\">\n\n            <img decoding=\"async\" class=\"w-full aspect-[3\/4] object-top object-cover block mb-2\" src=\"https:\/\/exelfil.com\/wp-content\/uploads\/2025\/12\/Milbert-Campo-Analista.jpg\" alt=\"\">\n\n            <h3 class=\"small leading-tight\">Milbert Campo<\/h3>\n\n            <div class=\"small leading-tight text-gray\">\n<p>Analyste<\/p>\n\n        <\/li>\n\n\n        <li class=\"member-list-item px-1 w-1\/2 lg:w-1\/3 xl:w-1\/4 mb-10 lg:mb-12\">\n\n            <img decoding=\"async\" class=\"w-full aspect-[3\/4] object-top object-cover block mb-2\" src=\"https:\/\/exelfil.com\/wp-content\/uploads\/2025\/12\/Laura-Caumons-Comercial.jpg\" alt=\"\">\n\n            <h3 class=\"small leading-tight\">Laura Caumons<\/h3>\n\n            <div class=\"small leading-tight text-gray\">\n<p>Commercial<\/p>\n\n        <\/li>\n\n\n        <li class=\"member-list-item px-1 w-1\/2 lg:w-1\/3 xl:w-1\/4 mb-10 lg:mb-12\">\n\n            <img decoding=\"async\" class=\"w-full aspect-[3\/4] object-top object-cover block mb-2\" src=\"https:\/\/exelfil.com\/wp-content\/uploads\/2025\/12\/Francesc-Martinez-Comercial.jpg\" alt=\"\">\n\n            <h3 class=\"small leading-tight\">Francesc Martinez<\/h3>\n\n            <div class=\"small leading-tight text-gray\">\n<p>Commercial<\/p>\n\n        <\/li>\n\n\n        <li class=\"member-list-item px-1 w-1\/2 lg:w-1\/3 xl:w-1\/4 mb-10 lg:mb-12\">\n\n            <img decoding=\"async\" class=\"w-full aspect-[3\/4] object-top object-cover block mb-2\" src=\"https:\/\/exelfil.com\/wp-content\/uploads\/2025\/12\/Fatoumata-Signate-BackOffice.jpg\" alt=\"\">\n\n            <h3 class=\"small leading-tight\">Fatoumata Signate<\/h3>\n\n            <div class=\"small leading-tight text-gray\">\n<p>Backoffice<\/p>\n\n        <\/li>\n\n\n        <li class=\"member-list-item px-1 w-1\/2 lg:w-1\/3 xl:w-1\/4 mb-10 lg:mb-12\">\n\n            <img decoding=\"async\" class=\"w-full aspect-[3\/4] object-top object-cover block mb-2\" src=\"https:\/\/exelfil.com\/wp-content\/uploads\/2025\/12\/Carles-Franquesa-Tecnico-Finanzas.jpg\" alt=\"\">\n\n            <h3 class=\"small leading-tight\">Carles Franquesa<\/h3>\n\n            <div class=\"small leading-tight text-gray\">\n<p>Technicien financier<\/p>\n\n        <\/li>\n\n\n    <\/ul>\n\n<\/div>\n\n\n\n\n    <\/div>\n\n<\/div>","protected":false},"excerpt":{"rendered":"","protected":false},"author":1,"featured_media":0,"parent":0,"menu_order":3,"comment_status":"closed","ping_status":"closed","template":"","meta":{"_acf_changed":false,"footnotes":""},"class_list":["post-1233","page","type-page","status-publish","hentry"],"acf":[],"_links":{"self":[{"href":"https:\/\/exelfil.com\/fr\/wp-json\/wp\/v2\/pages\/1233","targetHints":{"allow":["GET"]}}],"collection":[{"href":"https:\/\/exelfil.com\/fr\/wp-json\/wp\/v2\/pages"}],"about":[{"href":"https:\/\/exelfil.com\/fr\/wp-json\/wp\/v2\/types\/page"}],"author":[{"embeddable":true,"href":"https:\/\/exelfil.com\/fr\/wp-json\/wp\/v2\/users\/1"}],"replies":[{"embeddable":true,"href":"https:\/\/exelfil.com\/fr\/wp-json\/wp\/v2\/comments?post=1233"}],"version-history":[{"count":8,"href":"https:\/\/exelfil.com\/fr\/wp-json\/wp\/v2\/pages\/1233\/revisions"}],"predecessor-version":[{"id":1822,"href":"https:\/\/exelfil.com\/fr\/wp-json\/wp\/v2\/pages\/1233\/revisions\/1822"}],"wp:attachment":[{"href":"https:\/\/exelfil.com\/fr\/wp-json\/wp\/v2\/media?parent=1233"}],"curies":[{"name":"wp","href":"https:\/\/api.w.org\/{rel}","templated":true}]}}