{"id":1242,"date":"2023-04-06T17:49:22","date_gmt":"2023-04-06T16:49:22","guid":{"rendered":"https:\/\/exelfil.com\/accueil\/"},"modified":"2025-12-22T15:58:29","modified_gmt":"2025-12-22T14:58:29","slug":"accueil","status":"publish","type":"page","link":"https:\/\/exelfil.com\/fr\/","title":{"rendered":"Accueil"},"content":{"rendered":"    \n<div id=\"hero-block_7242882f4cce4418df503aa94501508a\" class=\"hero-block relative z-1\">\n\n    <div class=\"relative h-screen\">\n        \n        <div class=\"carousel h-full hero-carousel\">\n        \n            \n                <div class=\"slide h-full\">\n\n                    <div class=\"relative h-full\">\n\n                        <img decoding=\"async\" class=\"w-full h-full object-cover opacity-[30%]\" src=\"https:\/\/exelfil.com\/wp-content\/uploads\/2025\/06\/CULTURA-2-1920x1281.jpg\" alt=\"\">\n\n                        <div class=\"absolute z-0 top-[30vh] lg:top-28 left-5 right-5 lg:left-11 lg:right-11 flex lg:block flex-col justify-center\">\n\n                            <h1 class=\"mb-6 font-sans title text-center lg:text-left max-w-5xl px-4 lg:px-0\">FIL MACHINE BRILLANT ET FIL RECUIT DEPUIS 1994<\/h1>\n\n                                                            \n                                <a class=\"hero-button self-center\" href=\"https:\/\/exelfil.com\/equipo\/\" target=\"_self\">Plus d&#039;informations sur nous<\/a>\n                            \n                                                        \n                        <\/div>\n\n                    <\/div>\n\n                <\/div>\n\n            \n                <div class=\"slide h-full\">\n\n                    <div class=\"relative h-full\">\n\n                        <img decoding=\"async\" class=\"w-full h-full object-cover opacity-[30%]\" src=\"https:\/\/exelfil.com\/wp-content\/uploads\/2025\/06\/HISTORIA-2-1920x1280.jpg\" alt=\"\">\n\n                        <div class=\"absolute z-0 top-[30vh] lg:top-28 left-5 right-5 lg:left-11 lg:right-11 flex lg:block flex-col justify-center\">\n\n                            <h1 class=\"mb-6 font-sans title text-center lg:text-left max-w-5xl px-4 lg:px-0\">Un engagement brillant envers l&rsquo;avenir.<\/h1>\n\n                                                            \n                                <a class=\"hero-button self-center\" href=\"https:\/\/exelfil.com\/ecosystem\/sostenibilidad\/\" target=\"_self\">Plus d&#039;informations sur la durabilit\u00e9<\/a>\n                            \n                                                        \n                        <\/div>\n\n                    <\/div>\n\n                <\/div>\n\n            \n                <div class=\"slide h-full\">\n\n                    <div class=\"relative h-full\">\n\n                        <img decoding=\"async\" class=\"w-full h-full object-cover opacity-[30%]\" src=\"https:\/\/exelfil.com\/wp-content\/uploads\/2025\/06\/DETALLE-PRODUCTO.png\" alt=\"\">\n\n                        <div class=\"absolute z-0 top-[30vh] lg:top-28 left-5 right-5 lg:left-11 lg:right-11 flex lg:block flex-col justify-center\">\n\n                            <h1 class=\"mb-6 font-sans title text-center lg:text-left max-w-5xl px-4 lg:px-0\">Emballage durable, contribuant \u00e0 l&rsquo;\u00e9conomie circulaire.<\/h1>\n\n                                                            \n                                <a class=\"hero-button self-center\" href=\"https:\/\/exelfil.com\/ecosystem\/logistica\/\" target=\"_self\">Plus d&#039;informations sur la logistique<\/a>\n                            \n                                                        \n                        <\/div>\n\n                    <\/div>\n\n                <\/div>\n\n            \n        <\/div>\n\n        \n            <div class=\"lg:hidden absolute bottom-14 left-0 right-0 flex justify-center \">\n                <img decoding=\"async\" class=\"block h-20 w-auto\" src=\"https:\/\/exelfil.com\/wp-content\/uploads\/2025\/12\/ALAMBRE-DE-ACERO-doble-1280x394.png\" alt=\"\"> \n            <\/div>\n\n        \n    <\/div>\n\n    \n    <div class=\"js-home-hero-bottom lg:absolute lg:z-0 bottom-0 left-0 w-full overflow-hidden lg:border-t border-light-gray pt-6 pb-10\">\n\n        <div class=\"bg-linear hidden lg:block absolute inset-0 pointer-events-none z-0\"><\/div>\n        \n        <div class=\"px-2 5 lg:px-10\">\n\n            <div class=\"lg:flex justify-between\">\n\n                                \n                    <ul class=\"hero-text-carousel font-sans lg:w-3\/4\">\n\n                        \n                            <li class=\"lg:px-4 mb-10 lg:mb-0\">\n\n                                <h2 class=\"text-2xl mb-4 leading-tighter text-white\">Fil d\u2019acier brillant et recuit sur mesure<\/h2>\n                                \n                                <p class=\"text-sm leading-tight text-mid-gray\"><p><b>Fil d\u2019acier brillant et recuit sur mesure<\/b><\/p>\n<p><b><\/b><b>Service personnalis\u00e9 pour chaque client<\/b><span style=\"font-weight: 400;\"><br \/>\n<\/span><span style=\"font-weight: 400;\">Chez <\/span><b>Exel Fil<\/b><span style=\"font-weight: 400;\">, nous sommes sp\u00e9cialistes dans la <\/span><b>fabrication de fil d&rsquo;acier brillant et recuit<\/b><span style=\"font-weight: 400;\"> adapt\u00e9 aux besoins sp\u00e9cifiques de chaque industrie.<\/span><span style=\"font-weight: 400;\"><br \/>\n<\/span><span style=\"font-weight: 400;\">Nous personnalisons le <\/span><b>diam\u00e8tre, la r\u00e9sistance, l&rsquo;allongement, le poids, la finition et le type de bobine<\/b><span style=\"font-weight: 400;\">, garantissant que chaque produit r\u00e9ponde aux <\/span><b>exigences techniques et de qualit\u00e9<\/b><span style=\"font-weight: 400;\"> les plus strictes.<\/span><span style=\"font-weight: 400;\"><br \/>\n<\/span><span style=\"font-weight: 400;\">Notre processus flexible nous permet d&rsquo;offrir un <\/span><b>fil sur mesure<\/b><span style=\"font-weight: 400;\">, optimis\u00e9 pour la performance et la durabilit\u00e9 dans chaque application.<\/span><\/p>\n<\/p>\n\n                            <\/li>\n\n                        \n                            <li class=\"lg:px-4 mb-10 lg:mb-0\">\n\n                                <h2 class=\"text-2xl mb-4 leading-tighter text-white\">Production rapide et efficace<\/h2>\n                                \n                                <p class=\"text-sm leading-tight text-mid-gray\"><p><b>Livraison rapide et continue<\/b><\/p>\n<p><span style=\"font-weight: 400;\">Gr\u00e2ce \u00e0 une <\/span><b>technologie avanc\u00e9e<\/b><span style=\"font-weight: 400;\"> et \u00e0 un syst\u00e8me de <\/span><b>production 24h\/24 et 7j\/7<\/b><span style=\"font-weight: 400;\">, chez Exel Fil, nous assurons les <\/span><b>d\u00e9lais de livraison les plus comp\u00e9titifs<\/b><span style=\"font-weight: 400;\"> du secteur.<\/span><span style=\"font-weight: 400;\"><br \/>\n<\/span><span style=\"font-weight: 400;\">Notre exp\u00e9rience et notre contr\u00f4le int\u00e9gral de la fabrication nous permettent de <\/span><b>r\u00e9pondre rapidement \u00e0 toute urgence d&rsquo;approvisionnement<\/b><span style=\"font-weight: 400;\">, nous maintenant comme <\/span><b>r\u00e9f\u00e9rence dans la production de fil d&rsquo;acier en Europe<\/b><span style=\"font-weight: 400;\">.<\/span><\/p>\n<\/p>\n\n                            <\/li>\n\n                        \n                            <li class=\"lg:px-4 mb-10 lg:mb-0\">\n\n                                <h2 class=\"text-2xl mb-4 leading-tighter text-white\">Garantie de qualit\u00e9<\/h2>\n                                \n                                <p class=\"text-sm leading-tight text-mid-gray\"><p><b>Essais certifi\u00e9s et contr\u00f4le total<\/b><\/p>\n<p><span style=\"font-weight: 400;\">Nous disposons d&rsquo;un <\/span><b>laboratoire interne d&rsquo;essais m\u00e9caniques<\/b><span style=\"font-weight: 400;\"> qui effectue des tests de <\/span><b>traction et de r\u00e9sistance \u00e0 temp\u00e9rature ambiante<\/b><span style=\"font-weight: 400;\"> sur chaque lot de production.<\/span><span style=\"font-weight: 400;\"><br \/>\n<\/span><span style=\"font-weight: 400;\">Notre laboratoire est en cours d&rsquo;accr\u00e9ditation par <\/span><b>ENAC<\/b><span style=\"font-weight: 400;\"> selon la norme <\/span><b>UNE-EN ISO\/IEC 17025<\/b><span style=\"font-weight: 400;\">, garantissant la <\/span><b>pr\u00e9cision et la tra\u00e7abilit\u00e9 maximales<\/b><span style=\"font-weight: 400;\"> dans les r\u00e9sultats.<\/span><span style=\"font-weight: 400;\"><br \/>\n<\/span><span style=\"font-weight: 400;\">Cette m\u00e9thodologie nous permet d&rsquo;offrir un <\/span><b>fil d&rsquo;acier de qualit\u00e9 certifi\u00e9e<\/b><span style=\"font-weight: 400;\">, r\u00e9pondant aux <\/span><b>propri\u00e9t\u00e9s m\u00e9caniques et aux exigences techniques internationales<\/b><span style=\"font-weight: 400;\"> dans toutes nos fournitures.<\/span><\/p>\n<\/p>\n\n                            <\/li>\n\n                        \n                            <li class=\"lg:px-4 mb-10 lg:mb-0\">\n\n                                <h2 class=\"text-2xl mb-4 leading-tighter text-white\">Certifications et engagement envers la durabilit\u00e9<\/h2>\n                                \n                                <p class=\"text-sm leading-tight text-mid-gray\"><p><span style=\"font-weight: 400;\">Chez Exel Fil, nous travaillons sous un syst\u00e8me de gestion int\u00e9grale certifi\u00e9, qui refl\u00e8te notre engagement envers la qualit\u00e9, la s\u00e9curit\u00e9 et l&rsquo;environnement.<\/span><span style=\"font-weight: 400;\"><br \/>\n<\/span><span style=\"font-weight: 400;\">Nous disposons des certifications ISO suivantes&nbsp;:<br \/>\n<\/span><span style=\"font-weight: 400;\">ISO 9001 \u2013 Gestion de la qualit\u00e9<br \/>\n<\/span><span style=\"font-weight: 400;\">ISO 14001 \u2013 Gestion environnementale<br \/>\n<\/span><span style=\"font-weight: 400;\">ISO 14064-1 \u2013 Bilan carbone et gestion des \u00e9missions<br \/>\n<\/span><span style=\"font-weight: 400;\">ISO 45001 \u2013 Sant\u00e9 et s\u00e9curit\u00e9 au travail<br \/>\n<\/span><span style=\"font-weight: 400;\">ISO 50001 \u2013 Efficacit\u00e9 \u00e9nerg\u00e9tique<br \/>\n<\/span><span style=\"font-weight: 400;\">Ces certifications attestent de notre excellence op\u00e9rationnelle et de notre durabilit\u00e9 industrielle, garantissant \u00e0 nos clients des produits fiables, des processus s\u00fbrs et une production responsable envers l&rsquo;environnement.<\/span><\/p>\n<\/p>\n\n                            <\/li>\n\n                        \n                    <\/ul>\n\n                \n                \n                    <div class=\"w-1\/4 hidden lg:flex justify-end \">\n                        <img decoding=\"async\" class=\"block h-20 lg:h-28 w-auto object-contain object-top\" src=\"https:\/\/exelfil.com\/wp-content\/uploads\/2025\/12\/ALAMBRE-DE-ACERO-doble-1280x394.png\" alt=\"\"> \n                    <\/div>\n\n                \n\n\n            <\/div>\n\n                            \n                <a class=\"hero-button hidden lg:inline-block mt-3 relative z-1\" href=\"#nf-form-1-cont\" target=\"_self\">Je souhaite contacter<\/a>\n            \n            \n\n        <\/div>\n\n    <\/div>\n\n<\/div>\n\n\n    <div id=\"products-block_b940f8f49fbc2c2dfcdcbb338fc9ab09\" class=\"products-block lg:border-t border-gray lg:pt-4 mb-24 lg:mb-44\">\n\n            <h3 class=\"mb-10 lg:mb-16 container block-title font-sans text-white text-base lg:text-2xl\">Produits<\/h3>\n\n        <ul class=\"products-carousel\">\n                    \n            \n<li class=\"product-list-item px-2 transition-opacity duration-300 cursor-pointer js-product-list-item\">\n\n    <div class=\"p-4 bg-dark-gray w-full lg:w-[39.5vw]\" >\n\n        <div class=\"top bg-off-black p-4 mb-16\">\n\n            <h3 class=\"text-3xl text-gray mb-6 font-sans-2 leading-tighter\">\n                \n                <span class=\"block text-white uppercase text-4xl font-sans\">Alambre de acero<\/span>\n\n                (Brillante)        \n            <\/h3>\n\n            <div class=\"flex justify-center -mb-16\">\n\n                <img decoding=\"async\" src=\"https:\/\/exelfil.com\/wp-content\/uploads\/2025\/06\/ALAMBRE-DE-ACERO-BRILLANTE-EN-BOBINA.png\" alt=\"\" class=\"h-[224px] lg:h-[310px]\">\n\n            <\/div>\n\n        <\/div>\n\n        <div class=\"px-6 lg:px-10 min-h-[160px] lg:min-h-[190px]\">\n\n            <div class=\"mb0 text-white opacity-50 font-sans-2 text-base lg:text-xl text-center leading-tight max-w-md mx-auto\"><p>Fabricado a trav\u00e9s de procesos de trefilado de precisi\u00f3n, este producto no solo destaca por su acabado luminoso y est\u00e9ticamente agradable, sino tambi\u00e9n por su durabilidad y resistencia.<\/p>\n<\/div>\n\n        <\/div>\n\n        <div class=\"flex justify-center mb-6 lg:mb-20\">\n\n            <a class=\"button red block z-0 small\" href=\"https:\/\/exelfil.com\/product_cat\/alambre-de-acero-brillante\/\">+<\/a>\n\n        <\/div>\n\n    <\/div>\n\n<\/li>\n\n\n            \n<li class=\"product-list-item px-1 transition-opacity duration-300 cursor-pointer js-product-list-item\">\n\n    <div class=\"p-4 bg-dark-gray w-full lg:w-[39.5vw]\" >\n\n        <div class=\"top bg-off-black p-4 mb-16\">\n\n            <h3 class=\"text-3xl text-gray mb-6 font-sans-2 leading-tighter\">\n                \n                <span class=\"block text-white uppercase text-4xl font-sans\">Fil d&rsquo;acier<\/span>\n\n                (Recuit)        \n            <\/h3>\n\n            <div class=\"flex justify-center -mb-16\">\n\n                <img decoding=\"async\" src=\"https:\/\/exelfil.com\/wp-content\/uploads\/2025\/06\/Home_producte2-des.png\" alt=\"\" class=\"h-[224px] lg:h-[310px]\">\n\n            <\/div>\n\n        <\/div>\n\n        <div class=\"px-6 lg:px-10 min-h-[160px] lg:min-h-[190px]\">\n\n            <p class=\"mb0 text-white opacity-50 font-sans-2 text-base lg:text-xl text-center leading-tight max-w-md mx-auto\">Le fil recuit pour presses d&rsquo;Exelfil est la solution optimale pour les applications de pressage et d&#8217;emballage, offrant une r\u00e9sistance, une flexibilit\u00e9 et une durabilit\u00e9 in\u00e9gal\u00e9es.<\/p>\n\n        <\/div>\n\n        <div class=\"flex justify-center mb-6 lg:mb-20\">\n\n            <a class=\"button red block z-0 small\" href=\"https:\/\/exelfil.com\/fr\/product\/acier-recuit-bobine\/\">+<\/a>\n\n        <\/div>\n\n    <\/div>\n\n<\/li>\n<li class=\"product-list-item px-1 transition-opacity duration-300 cursor-pointer js-product-list-item\">\n\n    <div class=\"p-4 bg-dark-gray w-full lg:w-[39.5vw]\" >\n\n        <div class=\"top bg-off-black p-4 mb-16\">\n\n            <h3 class=\"text-3xl text-gray mb-6 font-sans-2 leading-tighter\">\n                \n                <span class=\"block text-white uppercase text-4xl font-sans\">Fil d&rsquo;acier<\/span>\n\n                (Pick-up)        \n            <\/h3>\n\n            <div class=\"flex justify-center -mb-16\">\n\n                <img decoding=\"async\" src=\"https:\/\/exelfil.com\/wp-content\/uploads\/2025\/07\/PICK-UP-TRIMMED.png\" alt=\"Enl\u00e8vement sur place\" class=\"h-[224px] lg:h-[310px]\">\n\n            <\/div>\n\n        <\/div>\n\n        <div class=\"px-6 lg:px-10 min-h-[160px] lg:min-h-[190px]\">\n\n            <p class=\"mb0 text-white opacity-50 font-sans-2 text-base lg:text-xl text-center leading-tight max-w-md mx-auto\">Fil recuit pour presses automatiques, pour emballer le papier, le carton, le plastique et les D.O.M (D\u00e9chets Ordinaires M\u00e9nagers), avec liage automatique. Fil \u00e9tir\u00e9 selon la norme EN-16120\/2. <\/p>\n\n        <\/div>\n\n        <div class=\"flex justify-center mb-6 lg:mb-20\">\n\n            <a class=\"button red block z-0 small\" href=\"https:\/\/exelfil.com\/fr\/product\/acier-recuit-pick-up\/\">+<\/a>\n\n        <\/div>\n\n    <\/div>\n\n<\/li>\n        <\/ul>\n\n    <\/div>\n\n\n<div id=\"applications-block_2252bcf76394655a73f7fb6224a9aa2f\" class=\"applications-block overflowed\">\n\n        <h3 class=\"mb-10 lg:mb-16 container block-title font-sans text-white text-base lg:text-2xl\">Applications<\/h3>\n        \n    <div class=\"applications-carousel\">\n    \n        \n            <div class=\"slide h-full\">\n\n                <div class=\"px-1\">\n                \n                    <img decoding=\"async\" class=\"aspect-[3\/4] object-cover w-full h-full block mb-1 transition-opacity opacity-75 hover:opacity-100 duration-100\" src=\"https:\/\/exelfil.com\/wp-content\/uploads\/2025\/06\/WhatsApp-Image-2024-06-07-at-13.28.26.png\" alt=\"\">\n                    <div class=\"text-gray font-sans-2 text-base lg:text-xl\">Industrie<\/div>\n                    <div class=\"text-white text-2\"><\/div>\n                \n                <\/div>\n\n            <\/div>\n\n        \n            <div class=\"slide h-full\">\n\n                <div class=\"px-1\">\n                \n                    <img decoding=\"async\" class=\"aspect-[3\/4] object-cover w-full h-full block mb-1 transition-opacity opacity-75 hover:opacity-100 duration-100\" src=\"https:\/\/exelfil.com\/wp-content\/uploads\/2025\/06\/pexels-igor-starkov-233202-1117452.png\" alt=\"\">\n                    <div class=\"text-gray font-sans-2 text-base lg:text-xl\">Construction<\/div>\n                    <div class=\"text-white text-2\"><\/div>\n                \n                <\/div>\n\n            <\/div>\n\n        \n            <div class=\"slide h-full\">\n\n                <div class=\"px-1\">\n                \n                    <img decoding=\"async\" class=\"aspect-[3\/4] object-cover w-full h-full block mb-1 transition-opacity opacity-75 hover:opacity-100 duration-100\" src=\"https:\/\/exelfil.com\/wp-content\/uploads\/2025\/06\/pexels-nc-farm-bureau-mark-8428969.png\" alt=\"\">\n                    <div class=\"text-gray font-sans-2 text-base lg:text-xl\">Agriculture<\/div>\n                    <div class=\"text-white text-2\"><\/div>\n                \n                <\/div>\n\n            <\/div>\n\n        \n            <div class=\"slide h-full\">\n\n                <div class=\"px-1\">\n                \n                    <img decoding=\"async\" class=\"aspect-[3\/4] object-cover w-full h-full block mb-1 transition-opacity opacity-75 hover:opacity-100 duration-100\" src=\"https:\/\/exelfil.com\/wp-content\/uploads\/2025\/06\/pexels-apasaric-356286.png\" alt=\"\">\n                    <div class=\"text-gray font-sans-2 text-base lg:text-xl\">Architecture<\/div>\n                    <div class=\"text-white text-2\"><\/div>\n                \n                <\/div>\n\n            <\/div>\n\n        \n    <\/div>   \n\n<\/div>\n\n\n<div id=\"ecosistema-block_cec65fd68d53828c23d729fb3f40d35d\" class=\"ecosistema-block js-home-ecosistema-block lg:border-t border-gray lg:pt-4 px-1 lg:px-11\">\n\n        <h3 class=\"mb-10 lg:mb-16 container block-title font-sans text-white text-base lg:text-2xl\">\u00c9cosyst\u00e8me<\/h3>\n\n    <ul class=\"ecosystem-carousel lg-accordion lg:flex w-full\">\n\t\t\t\t\n\t\t\n<li class=\"ecosystem-item px-1 flex-basis-[10%] flex-grow-0 accordion-item h-[70vh] lg:h-[520px] transition-width duration-500  expanded\">\n\n    <div class=\"h-full accordion-content\" >\n\n        <div class=\"inner h-full\">\n\n\t\t\t<div class=\"h-full relative\">\n\n                <a class=\"absolute inset-0 h-full z-0 accordion-title flex flex-col justify-between h-full lg:p-8\" href=\"https:\/\/exelfil.com\/fr\/ecosystem\/durabilite\/\">\n\n                    <img decoding=\"async\" src=\"https:\/\/exelfil.com\/wp-content\/uploads\/2025\/06\/pexels-freestockpro-1227513-1280x852.jpg\" alt=\"\" class=\"absolute z-0 h-full w-full inset-0 object-cover \">\n\n                    <div class=\"black-overlay\"><\/div>\n\n                    <div class=\"relative z-1 flex flex-col h-full justify-between py-5 px-6 lg:pt-20 lg:pl-20 overflow-hidden transition-opacity duration-300 lg:opacity-0 inner-content\">\n\n                        <div class=\"top text-white mb-8\">\n\n                            <h3 class=\"mb-4 block uppercase text-4xl font-sans leading-tighter\">Durabilit\u00e9 <\/h3>\n\n                            <p class=\"mb0 text-white opacity-75 max-w-md font-sans-2 text-base lg:text-xl leading-tight\">Nous comprenons que l&rsquo;excellence ne se mesure pas seulement \u00e0 la qualit\u00e9 de nos produits, mais aussi \u00e0 notre impact sur le monde. C&rsquo;est pourquoi la durabilit\u00e9 est un axe fondamental de notre objectif d&rsquo;entreprise. <\/p>\n\n                        <\/div>\n\n                        <div class=\"flex justify-center bottom\">\n\n                            <span class=\"button red block z-0 small\">+<\/span>\n\n                        <\/div>\n\n                    <\/div> \n\n                <\/a>\n\n            <\/div>\n\n        <\/div>\n\n    <\/div>\n\n<\/li>\n<li class=\"ecosystem-item px-1 flex-basis-[10%] flex-grow-0 accordion-item h-[70vh] lg:h-[520px] transition-width duration-500 \">\n\n    <div class=\"h-full accordion-content\" >\n\n        <div class=\"inner h-full\">\n\n\t\t\t<div class=\"h-full relative\">\n\n                <a class=\"absolute inset-0 h-full z-0 accordion-title flex flex-col justify-between h-full lg:p-8\" href=\"https:\/\/exelfil.com\/fr\/ecosystem\/logistique\/\">\n\n                    <img decoding=\"async\" src=\"https:\/\/exelfil.com\/wp-content\/uploads\/2025\/06\/pexels-maksgelatin-9871879-1280x959.jpg\" alt=\"\" class=\"absolute z-0 h-full w-full inset-0 object-cover \">\n\n                    <div class=\"black-overlay\"><\/div>\n\n                    <div class=\"relative z-1 flex flex-col h-full justify-between py-5 px-6 lg:pt-20 lg:pl-20 overflow-hidden transition-opacity duration-300 lg:opacity-0 inner-content\">\n\n                        <div class=\"top text-white mb-8\">\n\n                            <h3 class=\"mb-4 block uppercase text-4xl font-sans leading-tighter\">Logistique <\/h3>\n\n                            <p class=\"mb0 text-white opacity-75 max-w-md font-sans-2 text-base lg:text-xl leading-tight\">Chez Exel Fil, l\u2019efficacit\u00e9 et l\u2019excellence s\u2019unissent pour fournir un fil d&rsquo;acier de haute qualit\u00e9 de la mani\u00e8re la plus efficace et durable possible. Ainsi, nos efforts d\u2019optimisation des processus am\u00e9liorent \u00e0 la fois le service \u00e0 la client\u00e8le et notre engagement envers un avenir plus durable. <\/p>\n\n                        <\/div>\n\n                        <div class=\"flex justify-center bottom\">\n\n                            <span class=\"button red block z-0 small\">+<\/span>\n\n                        <\/div>\n\n                    <\/div> \n\n                <\/a>\n\n            <\/div>\n\n        <\/div>\n\n    <\/div>\n\n<\/li>\n<li class=\"ecosystem-item px-1 flex-basis-[10%] flex-grow-0 accordion-item h-[70vh] lg:h-[520px] transition-width duration-500 \">\n\n    <div class=\"h-full accordion-content\" >\n\n        <div class=\"inner h-full\">\n\n\t\t\t<div class=\"h-full relative\">\n\n                <a class=\"absolute inset-0 h-full z-0 accordion-title flex flex-col justify-between h-full lg:p-8\" href=\"https:\/\/exelfil.com\/fr\/ecosystem\/qualite\/\">\n\n                    <img decoding=\"async\" src=\"https:\/\/exelfil.com\/wp-content\/uploads\/2025\/06\/CALIDAD-1280x720.jpg\" alt=\"\" class=\"absolute z-0 h-full w-full inset-0 object-cover \">\n\n                    <div class=\"black-overlay\"><\/div>\n\n                    <div class=\"relative z-1 flex flex-col h-full justify-between py-5 px-6 lg:pt-20 lg:pl-20 overflow-hidden transition-opacity duration-300 lg:opacity-0 inner-content\">\n\n                        <div class=\"top text-white mb-8\">\n\n                            <h3 class=\"mb-4 block uppercase text-4xl font-sans leading-tighter\">Qualit\u00e9 <\/h3>\n\n                            <p class=\"mb0 text-white opacity-75 max-w-md font-sans-2 text-base lg:text-xl leading-tight\">Nous assurons la qualit\u00e9 et les sp\u00e9cifications de nos clients, tant pour la mati\u00e8re premi\u00e8re que pour notre fil \u00e9tir\u00e9. <\/p>\n\n                        <\/div>\n\n                        <div class=\"flex justify-center bottom\">\n\n                            <span class=\"button red block z-0 small\">+<\/span>\n\n                        <\/div>\n\n                    <\/div> \n\n                <\/a>\n\n            <\/div>\n\n        <\/div>\n\n    <\/div>\n\n<\/li>\n    <\/ul>\n\n<\/div>\n\n","protected":false},"excerpt":{"rendered":"","protected":false},"author":1,"featured_media":0,"parent":0,"menu_order":0,"comment_status":"closed","ping_status":"closed","template":"","meta":{"_acf_changed":false,"footnotes":""},"class_list":["post-1242","page","type-page","status-publish","hentry"],"acf":[],"_links":{"self":[{"href":"https:\/\/exelfil.com\/fr\/wp-json\/wp\/v2\/pages\/1242","targetHints":{"allow":["GET"]}}],"collection":[{"href":"https:\/\/exelfil.com\/fr\/wp-json\/wp\/v2\/pages"}],"about":[{"href":"https:\/\/exelfil.com\/fr\/wp-json\/wp\/v2\/types\/page"}],"author":[{"embeddable":true,"href":"https:\/\/exelfil.com\/fr\/wp-json\/wp\/v2\/users\/1"}],"replies":[{"embeddable":true,"href":"https:\/\/exelfil.com\/fr\/wp-json\/wp\/v2\/comments?post=1242"}],"version-history":[{"count":8,"href":"https:\/\/exelfil.com\/fr\/wp-json\/wp\/v2\/pages\/1242\/revisions"}],"predecessor-version":[{"id":1790,"href":"https:\/\/exelfil.com\/fr\/wp-json\/wp\/v2\/pages\/1242\/revisions\/1790"}],"wp:attachment":[{"href":"https:\/\/exelfil.com\/fr\/wp-json\/wp\/v2\/media?parent=1242"}],"curies":[{"name":"wp","href":"https:\/\/api.w.org\/{rel}","templated":true}]}}