{"id":1244,"date":"2025-11-14T10:30:00","date_gmt":"2025-11-14T09:30:00","guid":{"rendered":"https:\/\/exelfil.com\/culture\/"},"modified":"2025-12-22T12:21:32","modified_gmt":"2025-12-22T11:21:32","slug":"culture","status":"publish","type":"page","link":"https:\/\/exelfil.com\/fr\/culture\/","title":{"rendered":"Culture"},"content":{"rendered":"\n<div class=\"wp-block-group is-layout-constrained wp-block-group-is-layout-constrained\">\n<div class=\"wp-block-cover\" style=\"min-height:100vh;aspect-ratio:unset;\"><img loading=\"lazy\" decoding=\"async\" width=\"6000\" height=\"4004\" class=\"wp-block-cover__image-background wp-image-258 size-full\" alt=\"\" src=\"https:\/\/exelfil.com\/wp-content\/uploads\/2025\/07\/CULTURA-2.jpg\" data-object-fit=\"cover\" srcset=\"https:\/\/exelfil.com\/wp-content\/uploads\/2025\/07\/CULTURA-2.jpg 6000w, https:\/\/exelfil.com\/wp-content\/uploads\/2025\/07\/CULTURA-2-1280x854.jpg 1280w, https:\/\/exelfil.com\/wp-content\/uploads\/2025\/07\/CULTURA-2-1920x1281.jpg 1920w\" sizes=\"auto, (max-width: 6000px) 100vw, 6000px\" \/><span aria-hidden=\"true\" class=\"wp-block-cover__background has-black-background-color has-background-dim-70 has-background-dim\"><\/span><div class=\"wp-block-cover__inner-container is-layout-constrained wp-block-cover-is-layout-constrained\">\n<h2 class=\"wp-block-heading has-text-align-center has-white-color has-text-color has-link-color has-large-font-size wp-elements-9dc059397ad01ffa5c13d43123d63a85\">Culture<\/h2>\n\n\n\n<p class=\"has-text-align-center has-white-color has-text-color has-link-color has-medium-font-size wp-elements-4e9f4d6d733d1ab791c7a947d10afe72\">Nous veillons \u00e0 ce que les clients, <br\/>les fournisseurs et l&rsquo;\u00e9quipe se sentent en confiance, <br\/>respect\u00e9s et trait\u00e9s avec professionnalisme \u00e0 chaque \u00e9tape.<\/p>\n<\/div><\/div>\n<\/div>\n\n<div style=\"height:200px\" aria-hidden=\"true\" class=\"wp-block-spacer\"><\/div>\n\n<div class=\"wp-block-columns is-layout-flex wp-container-core-columns-is-layout-28f84493 wp-block-columns-is-layout-flex\">\n<div class=\"wp-block-column is-vertically-aligned-center is-layout-flow wp-block-column-is-layout-flow\">\n<figure class=\"wp-block-image alignright size-full is-resized\"><img loading=\"lazy\" decoding=\"async\" width=\"3266\" height=\"2177\" src=\"https:\/\/exelfil.com\/wp-content\/uploads\/2025\/07\/REA8970-color.jpg\" alt=\"\" class=\"wp-image-527\" style=\"aspect-ratio:3\/2;object-fit:cover;width:500px\" srcset=\"https:\/\/exelfil.com\/wp-content\/uploads\/2025\/07\/REA8970-color.jpg 3266w, https:\/\/exelfil.com\/wp-content\/uploads\/2025\/07\/REA8970-color-1280x853.jpg 1280w, https:\/\/exelfil.com\/wp-content\/uploads\/2025\/07\/REA8970-color-1920x1280.jpg 1920w\" sizes=\"auto, (max-width: 3266px) 100vw, 3266px\" \/><\/figure>\n<\/div>\n\n\n\n<div class=\"wp-block-column is-vertically-aligned-center is-layout-flow wp-block-column-is-layout-flow\">\n<div class=\"wp-block-group is-layout-constrained wp-block-group-is-layout-constrained\">\n<p class=\"has-white-color has-text-color has-link-color has-large-font-size wp-elements-2a92a31154f1205d9a5b66edc4d14573\">Authenticit\u00e9, innovation et excellence<\/p>\n\n\n\n<p class=\"has-gray-color has-text-color has-link-color has-large-font-size wp-elements-6f1f0fbc082b01c06c74ae772f948ad6\">Chez Exel Fil, nous croyons qu&rsquo;il faut faire les choses honn\u00eatement, simplement et correctement. Nous misons sur l&rsquo;innovation constante pour am\u00e9liorer nos processus, nos produits et nos services. L&rsquo;excellence n&rsquo;est pas un objectif final, c&rsquo;est une fa\u00e7on de travailler au quotidien\u00a0: avec rigueur, responsabilit\u00e9 et respect des personnes et de ce que nous faisons.  <br\/><\/p>\n<\/div>\n<\/div>\n<\/div>\n\n<div style=\"height:200px\" aria-hidden=\"true\" class=\"wp-block-spacer\"><\/div>\n\n<div class=\"wp-block-columns is-layout-flex wp-container-core-columns-is-layout-28f84493 wp-block-columns-is-layout-flex\">\n<div class=\"wp-block-column is-vertically-aligned-center is-layout-flow wp-block-column-is-layout-flow\">\n<div class=\"wp-block-group is-layout-constrained wp-block-group-is-layout-constrained\">\n<p class=\"has-white-color has-text-color has-link-color has-large-font-size wp-elements-769a81ab17cec603fda433f33eca9912\"><strong>Objectif<\/strong><\/p>\n\n\n\n<p class=\"has-gray-color has-text-color has-link-color has-large-font-size wp-elements-096d639e2a331e78a0eeaacdde7be08f\">Nous m\u00e9ritons tous ce qu&rsquo;il y a de mieux\u00a0: des produits bien faits, un traitement humain et des possibilit\u00e9s de croissance.<br\/>Notre objectif est d&rsquo;apporter une valeur r\u00e9elle avec des solutions de fil de fer honn\u00eates, efficaces et responsables.<br\/>Nous veillons \u00e0 ce que les clients, les fournisseurs et l&rsquo;\u00e9quipe se sentent en confiance, respect\u00e9s et trait\u00e9s avec professionnalisme \u00e0 chaque \u00e9tape.<br\/><\/p>\n<\/div>\n<\/div>\n\n\n\n<div class=\"wp-block-column is-vertically-aligned-center is-layout-flow wp-block-column-is-layout-flow\">\n<figure class=\"wp-block-image aligncenter size-full\"><img loading=\"lazy\" decoding=\"async\" width=\"651\" height=\"526\" src=\"https:\/\/exelfil.com\/wp-content\/uploads\/2025\/11\/Imagen2.jpg\" alt=\"\" class=\"wp-image-452\"\/><\/figure>\n<\/div>\n<\/div>\n\n<div style=\"height:200px\" aria-hidden=\"true\" class=\"wp-block-spacer\"><\/div>\n\n<div class=\"wp-block-columns is-layout-flex wp-container-core-columns-is-layout-28f84493 wp-block-columns-is-layout-flex\">\n<div class=\"wp-block-column is-vertically-aligned-center is-layout-flow wp-block-column-is-layout-flow\">\n<figure class=\"wp-block-image aligncenter size-full\"><img loading=\"lazy\" decoding=\"async\" width=\"759\" height=\"421\" src=\"https:\/\/exelfil.com\/wp-content\/uploads\/2025\/11\/Imagen3.png\" alt=\"\" class=\"wp-image-453\"\/><\/figure>\n<\/div>\n\n\n\n<div class=\"wp-block-column is-vertically-aligned-center is-layout-flow wp-block-column-is-layout-flow\">\n<div class=\"wp-block-group is-layout-constrained wp-block-group-is-layout-constrained\">\n<p class=\"has-white-color has-text-color has-link-color has-large-font-size wp-elements-edfb9d13d6923363be227680338b9a74\"><strong><strong>Apprendre, grandir et contribuer<\/strong><br\/><\/strong><\/p>\n\n\n\n<p class=\"has-gray-color has-text-color has-link-color has-large-font-size wp-elements-7f1e58bed615588b69de199259e25d8c\">Chez Exel Fil, nous valorisons les personnes qui ont envie de s&rsquo;am\u00e9liorer.<br\/>Apprendre chaque jour, grandir en tant que professionnels et contribuer \u00e0 l&rsquo;\u00e9quipe est ce qui nous permet de progresser en tant qu&rsquo;entreprise.<br\/>Nous partageons les connaissances, offrons des opportunit\u00e9s et esp\u00e9rons que chacun laissera sa marque en apportant le meilleur de lui-m\u00eame.<\/p>\n\n\n\n<p class=\"has-gray-color has-text-color has-link-color has-large-font-size wp-elements-23c272bd2ffdc82f5061f676c712f3f0\"><br\/><\/p>\n<\/div>\n<\/div>\n<\/div>\n\n<div style=\"height:200px\" aria-hidden=\"true\" class=\"wp-block-spacer\"><\/div>\n\n<div class=\"wp-block-columns is-layout-flex wp-container-core-columns-is-layout-28f84493 wp-block-columns-is-layout-flex\">\n<div class=\"wp-block-column is-vertically-aligned-center is-layout-flow wp-block-column-is-layout-flow\">\n<div class=\"wp-block-group is-layout-constrained wp-block-group-is-layout-constrained\">\n<p class=\"has-white-color has-text-color has-link-color has-large-font-size wp-elements-269dfaa4315d40387897bb469f48825b\"><strong><strong><strong>Inspirer<\/strong><\/strong><\/strong><\/p>\n\n\n\n<p class=\"has-gray-color has-text-color has-link-color has-large-font-size wp-elements-35fe5cae734a6b6d76aa7272ad4246ce\">Inspirer, ce n&rsquo;est pas seulement motiver, c&rsquo;est donner l&rsquo;exemple.<br\/>Nous voulons que chaque personne chez Exel Fil se sente capable d&rsquo;apporter des id\u00e9es, d&rsquo;initier des changements et de transmettre une attitude positive.<br\/>Quand quelqu&rsquo;un ose am\u00e9liorer quelque chose, il incite les autres \u00e0 faire de m\u00eame.<\/p>\n\n\n\n<p class=\"has-gray-color has-text-color has-link-color has-large-font-size wp-elements-b6fec442a5dce3e25448029965333878\"><\/p>\n\n\n\n<p class=\"has-gray-color has-text-color has-link-color has-large-font-size wp-elements-23c272bd2ffdc82f5061f676c712f3f0\"><br\/><\/p>\n<\/div>\n<\/div>\n\n\n\n<div class=\"wp-block-column is-vertically-aligned-center is-layout-flow wp-block-column-is-layout-flow\">\n<figure class=\"wp-block-image aligncenter size-full\"><img loading=\"lazy\" decoding=\"async\" width=\"351\" height=\"197\" src=\"https:\/\/exelfil.com\/wp-content\/uploads\/2025\/11\/Imagen4.png\" alt=\"\" class=\"wp-image-454\"\/><\/figure>\n<\/div>\n<\/div>\n\n<div style=\"height:200px\" aria-hidden=\"true\" class=\"wp-block-spacer\"><\/div>\n\n<div class=\"wp-block-columns is-layout-flex wp-container-core-columns-is-layout-28f84493 wp-block-columns-is-layout-flex\">\n<div class=\"wp-block-column is-vertically-aligned-top is-layout-flow wp-block-column-is-layout-flow\">\n<div class=\"wp-block-group is-layout-constrained wp-block-group-is-layout-constrained\">\n<p class=\"has-white-color has-text-color has-link-color wp-elements-e5ab90f21e43dd71dce26ce036782c8c\"><strong>Mission<\/strong><\/p>\n\n\n\n<p class=\"has-white-color has-text-color has-link-color has-large-font-size wp-elements-1b38da05dbf487c6ae05ac518deffee1\"><strong><strong><strong><strong>Comment atteignons-nous notre objectif\u00a0?<\/strong><\/strong><\/strong><\/strong><\/p>\n\n\n\n<ul class=\"wp-block-list\">\n<li class=\"has-gray-color has-text-color has-link-color has-large-font-size wp-elements-8291487b4aa95067966d52704993fdf8\">En faisant confiance \u00e0 nos coll\u00e8gues.<\/li>\n\n\n\n<li class=\"has-gray-color has-text-color has-link-color has-large-font-size wp-elements-0896414db49ffd2b4249b24d710033d5\">En prenant toujours la d\u00e9cision la plus honn\u00eate, m\u00eame lorsque c&rsquo;est la plus difficile.<\/li>\n\n\n\n<li class=\"has-gray-color has-text-color has-link-color has-large-font-size wp-elements-86da6c063d5129c1fe85b563cc581c23\">En tirant les le\u00e7ons de chaque exp\u00e9rience avec humilit\u00e9 et ouverture d&rsquo;esprit.<\/li>\n\n\n\n<li class=\"has-gray-color has-text-color has-link-color has-large-font-size wp-elements-2930a10c99dbdfccbca0ecbf14e6dcfd\">En disant ce que nous pensons, sans crainte de nous tromper, et en reconnaissant nos erreurs.<\/li>\n\n\n\n<li class=\"has-gray-color has-text-color has-link-color has-large-font-size wp-elements-c73c287f2845fb999e8e4b303961da83\">En nous motivant, en prenant plaisir et en nous enthousiasmant pour chaque t\u00e2che de notre travail.<\/li>\n<\/ul>\n\n\n\n<p class=\"has-gray-color has-text-color has-link-color has-large-font-size wp-elements-23c272bd2ffdc82f5061f676c712f3f0\"><br\/><\/p>\n<\/div>\n<\/div>\n\n\n\n<div class=\"wp-block-column is-layout-flow wp-block-column-is-layout-flow\">\n<div class=\"wp-block-group is-layout-constrained wp-block-group-is-layout-constrained\">\n<p class=\"has-white-color has-text-color has-link-color wp-elements-851a2541ec84abf22dcf65512afd871e\"><strong>Vision<\/strong><\/p>\n\n\n\n<p class=\"has-gray-color has-text-color has-link-color has-large-font-size wp-elements-055e0a31b871a4d376cf31a36a5e2a56\">Exel Fil existe pour montrer au monde que nous produisons le meilleur acier tr\u00e9fil\u00e9 gr\u00e2ce \u00e0 notre \u00e9quipe qui, chaque jour, s&rsquo;efforce, apprend et s&rsquo;enthousiasme pour \u00eatre la meilleure version d&rsquo;elle-m\u00eame.<\/p>\n\n\n\n<div style=\"height:100px\" aria-hidden=\"true\" class=\"wp-block-spacer\"><\/div>\n\n\n\n<figure class=\"wp-block-image size-large\"><img loading=\"lazy\" decoding=\"async\" width=\"1920\" height=\"1281\" src=\"https:\/\/exelfil.com\/wp-content\/uploads\/2025\/06\/CULTURA-2-1920x1281.jpg\" alt=\"\" class=\"wp-image-140\" srcset=\"https:\/\/exelfil.com\/wp-content\/uploads\/2025\/06\/CULTURA-2-1920x1281.jpg 1920w, https:\/\/exelfil.com\/wp-content\/uploads\/2025\/06\/CULTURA-2-1280x854.jpg 1280w\" sizes=\"auto, (max-width: 1920px) 100vw, 1920px\" \/><\/figure>\n<\/div>\n<\/div>\n<\/div>\n\n<div class=\"wp-block-group is-layout-constrained wp-container-core-group-is-layout-19e250f3 wp-block-group-is-layout-constrained\"\/>\n","protected":false},"excerpt":{"rendered":"<p>Authenticit\u00e9, innovation et excellence Chez Exel Fil, nous croyons qu&rsquo;il faut faire les choses honn\u00eatement, simplement et correctement. Nous misons sur l&rsquo;innovation constante pour am\u00e9liorer nos processus, nos produits et nos services. L&rsquo;excellence n&rsquo;est pas un objectif final, c&rsquo;est une fa\u00e7on de travailler au quotidien\u00a0: avec rigueur, responsabilit\u00e9 et respect des personnes et de ce&nbsp; <a href=\"https:\/\/exelfil.com\/fr\/culture\/\">&hellip; Read more <i class=\"glyphicon glyphicon-arrow-right\"><\/i><\/a><\/p>\n","protected":false},"author":1,"featured_media":0,"parent":0,"menu_order":2,"comment_status":"closed","ping_status":"closed","template":"","meta":{"_acf_changed":false,"footnotes":""},"class_list":["post-1244","page","type-page","status-publish","hentry"],"acf":[],"_links":{"self":[{"href":"https:\/\/exelfil.com\/fr\/wp-json\/wp\/v2\/pages\/1244","targetHints":{"allow":["GET"]}}],"collection":[{"href":"https:\/\/exelfil.com\/fr\/wp-json\/wp\/v2\/pages"}],"about":[{"href":"https:\/\/exelfil.com\/fr\/wp-json\/wp\/v2\/types\/page"}],"author":[{"embeddable":true,"href":"https:\/\/exelfil.com\/fr\/wp-json\/wp\/v2\/users\/1"}],"replies":[{"embeddable":true,"href":"https:\/\/exelfil.com\/fr\/wp-json\/wp\/v2\/comments?post=1244"}],"version-history":[{"count":3,"href":"https:\/\/exelfil.com\/fr\/wp-json\/wp\/v2\/pages\/1244\/revisions"}],"predecessor-version":[{"id":1759,"href":"https:\/\/exelfil.com\/fr\/wp-json\/wp\/v2\/pages\/1244\/revisions\/1759"}],"wp:attachment":[{"href":"https:\/\/exelfil.com\/fr\/wp-json\/wp\/v2\/media?parent=1244"}],"curies":[{"name":"wp","href":"https:\/\/api.w.org\/{rel}","templated":true}]}}