{"id":1269,"date":"2025-06-19T16:50:53","date_gmt":"2025-06-19T15:50:53","guid":{"rendered":"https:\/\/exelfil.com\/politique-de-cookies\/"},"modified":"2025-12-17T10:29:14","modified_gmt":"2025-12-17T09:29:14","slug":"politique-de-cookies","status":"publish","type":"page","link":"https:\/\/exelfil.com\/fr\/politique-de-cookies\/","title":{"rendered":"Politique de cookies"},"content":{"rendered":"\n<h2 class=\"wp-block-heading\">Politique de cookies<\/h2>\n\n<p>Conform\u00e9ment \u00e0 la loi 34\/2002 sur les services de la soci\u00e9t\u00e9 de l&rsquo;information et le commerce \u00e9lectronique (LSSICE), les aspects juridiques suivants du site web sont port\u00e9s \u00e0 votre connaissance\u00a0:<br\/> <br\/>Site web\u00a0: www.exelfil.com<br\/>Titulaire\u00a0: EXEL FIL, S.A.<br\/>Adresse\u00a0: AVINGUDA POLIGON INDUSTRIAL S\/N \/ Apartado correos 129. 25200-CERVERA<br\/>C.I.F.\u00a0: A25324690<br\/>T\u00e9l\u00e9phone\u00a0: 973\u00a0532\u00a0212<br\/>Adresse \u00e9lectronique\u00a0: exelfil@exelfil.com<br\/>Donn\u00e9es d\u2019enregistrement\u00a0: Inscrite au registre du commerce de Registre Mercantil de Barcelona<br\/> <br\/>EXEL FIL, S.A. peut collecter des informations sur les habitudes de recherche des utilisateurs du site web au moyen de cookies ou de fichiers journaux. Les cookies ne seront pas utilis\u00e9s pour collecter des informations \u00e0 caract\u00e8re personnel. Ils ne seront install\u00e9s que si l\u2019utilisateur reste et continue \u00e0 naviguer sur notre page web, ce qui signifie qu\u2019il consent \u00e0 leur utilisation et \u00e0 leur installation. Nous fournissons ci-dessous des informations d\u00e9taill\u00e9es sur\u00a0: ce que sont les \u00ab\u00a0cookies\u00a0\u00bb, quel type est utilis\u00e9 par ce site web, comment les d\u00e9sactiver dans le navigateur et comment bloquer sp\u00e9cifiquement l\u2019installation de cookies de tiers.    <\/p>\n\n<h2 class=\"wp-block-heading\">1) Que sont les cookies ?<\/h2>\n\n<p>Les cookies sont de petits fichiers texte g\u00e9n\u00e9r\u00e9s par les pages web que l&rsquo;utilisateur visite, qui contiennent les donn\u00e9es de session qui peuvent \u00eatre utiles ult\u00e9rieurement sur la page web. Les donn\u00e9es permettent \u00e0 la page web de conserver ses informations entre les pages, et aussi d&rsquo;analyser la fa\u00e7on d&rsquo;interagir avec le site.<br\/>Les cookies sont s\u00fbrs car ils ne peuvent stocker que les informations qui ont \u00e9t\u00e9 mises en place par le navigateur, les informations que l&rsquo;utilisateur a introduites dans le navigateur ou celles qui sont incluses dans la demande de page. Ils ne peuvent pas ex\u00e9cuter de code et ne peuvent pas \u00eatre utilis\u00e9s pour acc\u00e9der \u00e0 l&rsquo;\u00e9quipement de l&rsquo;utilisateur.<br\/>Les cookies sont essentiels au fonctionnement d&rsquo;Internet, apportant d&rsquo;innombrables avantages dans la prestation de services interactifs, facilitant la navigation et l&rsquo;utilisation des pages web. Les cookies ne peuvent pas endommager les \u00e9quipements et leur activation aide \u00e0 identifier et \u00e0 r\u00e9soudre les erreurs.<br\/>Les informations recueillies par le biais des cookies peuvent inclure la date et l&rsquo;heure des visites sur le site web, les pages consult\u00e9es, le temps pass\u00e9 sur le site web et les sites visit\u00e9s juste avant et apr\u00e8s celui-ci. Cependant, aucun cookie ne permet \u00e0 cette m\u00eame personne d&rsquo;\u00eatre contact\u00e9e avec le num\u00e9ro de t\u00e9l\u00e9phone de l&rsquo;utilisateur ou avec tout autre moyen de contact personnel. Aucun cookie ne peut extraire des informations du disque dur de l&rsquo;utilisateur ou voler des informations personnelles. La seule fa\u00e7on pour les informations priv\u00e9es de l&rsquo;utilisateur de faire partie du fichier Cookie est que l&rsquo;utilisateur donne personnellement ces informations au serveur.<br\/>Les cookies qui permettent d&rsquo;identifier une personne sont consid\u00e9r\u00e9s comme des donn\u00e9es personnelles. Par cons\u00e9quent, la politique de confidentialit\u00e9 d\u00e9crite ci-dessus leur sera applicable. En ce sens, pour leur utilisation, le consentement de l&rsquo;utilisateur sera n\u00e9cessaire. Ce consentement sera communiqu\u00e9, sur la base d&rsquo;un choix authentique, offert par une d\u00e9cision affirmative et positive, avant le traitement initial, r\u00e9vocable et document\u00e9.         <\/p>\n\n<h2 class=\"wp-block-heading\">2) Que sont les scripts ?<\/h2>\n\n<p>Un script est un fragment de code de programme qui est utilis\u00e9 pour faire fonctionner notre site web correctement et de mani\u00e8re interactive. Ce code est ex\u00e9cut\u00e9 sur notre serveur ou sur votre appareil. <\/p>\n\n<h2 class=\"wp-block-heading\">3) Types de cookies<\/h2>\n\n<p>Nous fournissons ci-dessous plus d&rsquo;informations afin de mieux comprendre les diff\u00e9rents types de cookies qui peuvent \u00eatre utilis\u00e9s :<br\/><strong>Selon la propri\u00e9t\u00e9<\/strong><br\/>Cookies propres : ce sont ceux qui sont envoy\u00e9s \u00e0 l&rsquo;\u00e9quipement terminal de l&rsquo;utilisateur depuis un \u00e9quipement ou un domaine g\u00e9r\u00e9 par l&rsquo;\u00e9diteur lui-m\u00eame et \u00e0 partir duquel le service demand\u00e9 par l&rsquo;utilisateur est fourni.<br\/>Cookies de tiers : ce sont ceux qui sont envoy\u00e9s \u00e0 l&rsquo;\u00e9quipement terminal de l&rsquo;utilisateur depuis un \u00e9quipement ou un domaine qui n&rsquo;est pas g\u00e9r\u00e9 par l&rsquo;\u00e9diteur, mais par une autre entit\u00e9 qui traite les donn\u00e9es obtenues par le biais des cookies.<br\/><strong>Selon leur finalit\u00e9<\/strong><br\/>Cookies techniques (n\u00e9cessaires) : Les cookies techniques sont ceux qui sont indispensables et strictement n\u00e9cessaires au bon fonctionnement d&rsquo;un portail web et \u00e0 l&rsquo;utilisation des diff\u00e9rentes options et services qu&rsquo;il offre.<br\/>Par exemple, ceux qui servent \u00e0 la maintenance de la session, \u00e0 la gestion du temps de r\u00e9ponse, \u00e0 la performance, etc.<br\/>Cookies de pr\u00e9f\u00e9rences ou de personnalisation : ce sont ceux qui permettent de m\u00e9moriser des informations afin que l&rsquo;utilisateur acc\u00e8de au service avec certaines caract\u00e9ristiques qui peuvent diff\u00e9rencier son exp\u00e9rience de celle d&rsquo;autres utilisateurs, comme, par exemple, la langue, le nombre de r\u00e9sultats \u00e0 afficher lorsque l&rsquo;utilisateur effectue une recherche, l&rsquo;aspect ou le contenu du service en fonction du type de navigateur par lequel l&rsquo;utilisateur acc\u00e8de au service ou de la r\u00e9gion depuis laquelle il acc\u00e8de au service, etc.<br\/>Cookies analytiques : ce sont ceux qui permettent au responsable de ces derniers de suivre et d&rsquo;analyser le comportement des utilisateurs des sites web auxquels ils sont li\u00e9s, y compris la quantification des impacts des annonces. Les informations recueillies au moyen de ce type de cookies sont utilis\u00e9es pour mesurer l&rsquo;activit\u00e9 des sites web, de l&rsquo;application ou de la plateforme, afin d&rsquo;introduire des am\u00e9liorations en fonction de l&rsquo;analyse des donn\u00e9es d&rsquo;utilisation que font les utilisateurs du service.<br\/>Cookies de publicit\u00e9 comportementale : ce sont ceux qui stockent des informations sur le comportement des utilisateurs obtenues par l&rsquo;observation continue de leurs habitudes de navigation, ce qui permet de d\u00e9velopper un profil sp\u00e9cifique pour afficher de la publicit\u00e9 en fonction de celui-ci. <br\/><strong>Selon le d\u00e9lai<\/strong><br\/>Cookies de session : ce sont ceux qui sont con\u00e7us pour collecter et stocker des donn\u00e9es pendant que l&rsquo;utilisateur acc\u00e8de \u00e0 une page web. Ils sont g\u00e9n\u00e9ralement utilis\u00e9s pour stocker des informations qu&rsquo;il est seulement int\u00e9ressant de conserver pour la prestation du service demand\u00e9 par l&rsquo;utilisateur en une seule occasion (par exemple, une liste de produits acquis) et disparaissent \u00e0 la fin de la session<br\/>Cookies persistants : ce sont ceux dans lesquels les donn\u00e9es restent stock\u00e9es dans le terminal et peuvent \u00eatre consult\u00e9es et trait\u00e9es pendant une p\u00e9riode d\u00e9finie par le responsable du cookie, et qui peut aller de quelques minutes \u00e0 plusieurs ann\u00e9es. <br\/><strong>Cookies internes<\/strong><br\/>Ce sont les cookies qui sont envoy\u00e9s \u00e0 l\u2019ordinateur ou \u00e0 l\u2019appareil de l\u2019utilisateur et g\u00e9r\u00e9s exclusivement par EXEL FIL, S.A. pour le meilleur fonctionnement du site web. Les informations collect\u00e9es sont utilis\u00e9es pour am\u00e9liorer la qualit\u00e9 du site web et de son contenu, ainsi que votre exp\u00e9rience en tant qu\u2019utilisateur. Ces cookies permettent de reconna\u00eetre l\u2019utilisateur comme un visiteur r\u00e9current du site web et d\u2019adapter le contenu pour lui offrir des contenus qui correspondent \u00e0 ses pr\u00e9f\u00e9rences.<br\/>__hssc<br\/>Finalit\u00e9\u00a0: Analytique<br\/>Description\u00a0: Ce cookie est utilis\u00e9 par HubSpot pour suivre les sessions. Il d\u00e9termine si HubSpot doit incr\u00e9menter le nombre de sessions et les horodatages dans le cookie __hstc.<br\/>Dur\u00e9e\u00a0: 30\u00a0minutes<br\/> <br\/>__hssrc<br\/>Finalit\u00e9\u00a0: Analytique<br\/>Description\u00a0: Chaque fois que HubSpot modifie le cookie de session, ce cookie est \u00e9galement d\u00e9fini. Il est utilis\u00e9 pour d\u00e9terminer si le visiteur a red\u00e9marr\u00e9 son navigateur. Si ce cookie n\u2019existe pas lors de la gestion des cookies, on suppose qu\u2019il s\u2019agit d\u2019une nouvelle session.<br\/>Dur\u00e9e\u00a0: Session (est supprim\u00e9 lorsque le navigateur est ferm\u00e9)<br\/> <br\/>__hstc<br\/>Finalit\u00e9\u00a0: Analytique<br\/>Description\u00a0: Le principal cookie de suivi des visiteurs de HubSpot. Il contient le domaine, l\u2019utk (voir le cookie hubspotutk), l\u2019horodatage initial (premi\u00e8re visite), le dernier horodatage (derni\u00e8re visite), l\u2019horodatage actuel (cette visite) et le num\u00e9ro de session (incr\u00e9mente pour chaque session ult\u00e9rieure).<br\/>Dur\u00e9e\u00a0: 13\u00a0mois<br\/> <br\/>_ga<br\/>Finalit\u00e9\u00a0: Analytique<br\/>Description\u00a0: Ce cookie est install\u00e9 par Google Analytics. Il est utilis\u00e9 pour calculer les donn\u00e9es des visiteurs, des sessions, des campagnes et pour suivre l\u2019utilisation du site pour le rapport d\u2019analyse du site. Le cookie stocke les informations de mani\u00e8re anonyme et attribue un num\u00e9ro g\u00e9n\u00e9r\u00e9 al\u00e9atoirement pour identifier les visiteurs uniques.<br\/>Dur\u00e9e\u00a0: 2\u00a0ans<br\/> <br\/>_ga_6PT5W0BWYS<br\/>Finalit\u00e9\u00a0: Analytique<br\/>Description\u00a0: Il s\u2019agit d\u2019un cookie sp\u00e9cifique de Google Analytics pour la propri\u00e9t\u00e9 sp\u00e9cifique, utilis\u00e9 pour distinguer les utilisateurs et les sessions sur le site.<br\/>Dur\u00e9e\u00a0: 2\u00a0ans<br\/> <br\/>_gcl_au<br\/>Finalit\u00e9\u00a0: Marketing<br\/>Description\u00a0: Ce cookie est utilis\u00e9 par Google AdSense pour exp\u00e9rimenter l\u2019efficacit\u00e9 publicitaire sur les sites web qui utilisent ses services.<br\/>Dur\u00e9e\u00a0: 3\u00a0mois<br\/> <br\/>hubspotutk<br\/>Finalit\u00e9\u00a0: Analytique<br\/>Description\u00a0: Ce cookie est utilis\u00e9 pour suivre l\u2019identit\u00e9 d\u2019un visiteur. Ce cookie est transmis \u00e0 HubSpot lorsqu\u2019un formulaire est envoy\u00e9 et est utilis\u00e9 lors de la suppression de la duplication des contacts.<br\/>Dur\u00e9e\u00a0: 13\u00a0mois<br\/> <br\/>pll_language<br\/>Finalit\u00e9\u00a0: Fonctionnel<br\/>Description\u00a0: Ce cookie est utilis\u00e9 par Polylang pour m\u00e9moriser la langue s\u00e9lectionn\u00e9e par l\u2019utilisateur lorsqu\u2019il revient sur le site web, et \u00e9galement pour obtenir les informations sur la langue lorsqu\u2019elles ne sont pas disponibles autrement.<br\/>Dur\u00e9e\u00a0: 1\u00a0an         <br\/><strong>Cookies de tiers<\/strong><br\/>Le site web ne g\u00e9n\u00e8re pas de cookies de tiers.<br\/><strong>Cookies de r\u00e9seaux sociaux<\/strong><br\/>EXEL FIL, S.A. incorpore des plugins de r\u00e9seaux sociaux, qui permettent d&rsquo;acc\u00e9der \u00e0 ces derniers \u00e0 partir du site web. Pour cette raison, les cookies de r\u00e9seaux sociaux peuvent \u00eatre stock\u00e9s dans le navigateur de l&rsquo;utilisateur. Les titulaires de ces r\u00e9seaux sociaux disposent de leurs propres politiques de protection des donn\u00e9es et de cookies, \u00e9tant eux-m\u00eames, dans chaque cas, responsables de leurs propres fichiers et de leurs propres pratiques de confidentialit\u00e9. L&rsquo;utilisateur doit se r\u00e9f\u00e9rer \u00e0 ces derni\u00e8res pour s&rsquo;informer sur ces cookies et, le cas \u00e9ch\u00e9ant, sur le traitement de ses donn\u00e9es personnelles. Uniquement \u00e0 titre informatif, les liens o\u00f9 ces politiques de confidentialit\u00e9 et\/ou de cookies peuvent \u00eatre consult\u00e9es sont indiqu\u00e9s ci-dessous :<br\/>Instagram : https:\/\/privacycenter.instagram.com\/policy\/?entry_point=ig_help_center_data_policy_redirect<br\/>Linkedin : https:\/\/www.linkedin.com\/legal\/privacy-policy    <\/p>\n\n<h2 class=\"wp-block-heading\">4) Responsable du traitement des cookies<\/h2>\n\n<p>Le titulaire du site web et responsable du traitement des cookies utilis\u00e9s ici, ainsi que ses coordonn\u00e9es, sont accessibles dans les mentions l\u00e9gales de cette page. De m\u00eame, il peut exister des cookies de tiers autres que le titulaire de ce site web, comme expliqu\u00e9 ci-apr\u00e8s.  <\/p>\n\n<h2 class=\"wp-block-heading\">5) L\u00e9gitimation pour l&rsquo;utilisation de cookies<\/h2>\n\n<p>Dans le cas des cookies techniques, c&rsquo;est-\u00e0-dire ceux qui sont indispensables pour naviguer sur ce site web et recevoir le service offert par son biais, la base l\u00e9gale de leur utilisation est l&rsquo;accord par lequel vous d\u00e9cidez d&rsquo;utiliser cette page web et d&rsquo;utiliser ses services.<br\/>La base l\u00e9gale de l&rsquo;utilisation du reste des cookies est le consentement de l&rsquo;utilisateur, qui lui est demand\u00e9 au moment d&rsquo;acc\u00e9der \u00e0 ce site web, et il peut le r\u00e9voquer \u00e0 tout moment. Le retrait de ce consentement n&rsquo;affectera pas la possibilit\u00e9 de naviguer sur ce site web et d&rsquo;utiliser ses services, mais les traitements de donn\u00e9es effectu\u00e9s ant\u00e9rieurement ne perdront pas leur lic\u00e9it\u00e9 du fait que le consentement ait \u00e9t\u00e9 r\u00e9voqu\u00e9. <br\/> <\/p>\n\n<h2 class=\"wp-block-heading\">6) Consentement<\/h2>\n\n<p>L&rsquo;utilisateur devra accepter de mani\u00e8re explicite et active l&rsquo;utilisation des cookies annonc\u00e9s pr\u00e9c\u00e9demment, pour les p\u00e9riodes indiqu\u00e9es ant\u00e9rieurement et dans les conditions contenues dans la pr\u00e9sente politique de cookies.<br\/> <\/p>\n\n<h2 class=\"wp-block-heading\">7) Retrait du consentement<\/h2>\n\n<p>L&rsquo;utilisateur pourra retirer \u00e0 tout moment son consentement li\u00e9 \u00e0 cette politique de cookies, c&rsquo;est pourquoi il devra supprimer les cookies stock\u00e9s dans son \u00e9quipement en utilisant les param\u00e8tres et configurations de son navigateur internet.<br\/> <\/p>\n\n<h2 class=\"wp-block-heading\">8) Droits de l&rsquo;int\u00e9ress\u00e9<\/h2>\n\n<p>La plupart des cookies recueillent des informations anonymes, qui ne permettent pas d&rsquo;obtenir l&rsquo;identit\u00e9 de l&rsquo;utilisateur, bien que certains des codes qui sont inclus servent \u00e0 singulariser ou \u00e0 individualiser le navigateur de son appareil utilis\u00e9, pouvant \u00eatre applicable la r\u00e9glementation en mati\u00e8re de protection des donn\u00e9es personnelles. Par cons\u00e9quent, nous vous informons que les informations qui sont obtenues par le biais des cookies, seront trait\u00e9es avec les finalit\u00e9s indiqu\u00e9es dans la pr\u00e9sente politique de cookies. De m\u00eame, ces informations seront \u00e9galement trait\u00e9es par les entreprises qui fournissent des cookies avec les finalit\u00e9s indiqu\u00e9es dans leurs politiques de confidentialit\u00e9 respectives.  <br\/>N\u00e9anmoins, compte tenu du fait que ces codes ne permettent pas l&rsquo;identification de l&rsquo;utilisateur, les droits d&rsquo;acc\u00e8s, de rectification, de suppression, d&rsquo;opposition, de limitation et de portabilit\u00e9 reconnus dans la r\u00e9glementation de protection des donn\u00e9es ne seront pas applicables, sauf si l&rsquo;utilisateur est capable d&rsquo;apporter des informations suppl\u00e9mentaires qui permettent de lier son identit\u00e9 avec les codes identificatifs de ses cookies.<br\/>En cas de consid\u00e9rer viol\u00e9 son droit \u00e0 la protection des donn\u00e9es, l&rsquo;utilisateur pourra d\u00e9poser une r\u00e9clamation aupr\u00e8s de l&rsquo;Agence Espagnole de Protection des Donn\u00e9es (www.aepd.es) ou aupr\u00e8s de notre D\u00e9l\u00e9gu\u00e9 \u00e0 la Protection des Donn\u00e9es\/ responsable de la protection des donn\u00e9es \u00e0 l&rsquo;adresse \u00e9lectronique suivante exelfil@exelfil.com.<br\/>D&rsquo;autre part, nous vous informons que certains de nos fournisseurs, partenaires et collaborateurs peuvent \u00eatre situ\u00e9s aux \u00c9tats-Unis ou dans d&rsquo;autres pays dont la l\u00e9gislation n&rsquo;offre pas un niveau de protection des donn\u00e9es \u00e9quivalent au niveau europ\u00e9en. En consentant \u00e0 l&rsquo;utilisation de cookies et au partage de donn\u00e9es, vous consentez au transfert de vos donn\u00e9es personnelles. <br\/> <\/p>\n\n<h2 class=\"wp-block-heading\">9) Gestion des cookies : garanties compl\u00e9mentaires<\/h2>\n\n<p>Tous les navigateurs Internet permettent de limiter le comportement d\u2019un cookie ou de d\u00e9sactiver les cookies dans les param\u00e8tres ou les options du navigateur. Les \u00e9tapes \u00e0 suivre sont diff\u00e9rentes pour chaque navigateur, et des instructions peuvent \u00eatre trouv\u00e9es dans le menu d\u2019aide de chaque navigateur.<br\/>De nombreux navigateurs permettent d\u2019activer un mode priv\u00e9 gr\u00e2ce auquel les cookies sont toujours effac\u00e9s apr\u00e8s la visite. Selon chaque navigateur, ce mode priv\u00e9 peut avoir des noms diff\u00e9rents. Vous trouverez ci-dessous une liste des navigateurs les plus courants avec un lien vers les param\u00e8tres des cookies et les diff\u00e9rents noms de ce \u00ab\u00a0mode priv\u00e9\u00a0\u00bb\u00a0:<br\/>\u2013 Internet\u00a0Explorer\u00a0: http:\/\/windows.microsoft.com\/es-xl\/internet-explorer\/delete-manage-cookies#ie=ie-11<br\/>\u2013 FireFox\u00a0: https:\/\/support.mozilla.org\/es\/kb\/Borrarcookies<br\/>\u2013 Chrome\u00a0: https:\/\/support.google.com\/chrome\/answer\/95647?hl=es<br\/>\u2013 Safari\u00a0: http:\/\/www.apple.com\/legal\/privacy\/es\/cookies\/<br\/>\u2013 Opera\u00a0: https:\/\/help.opera.com\/en\/latest\/security-and-privacy\/<br\/>\u2013 Safari pour iOS (appareils iPhone et iPad)\u00a0: http:\/\/help.opera.com\/Linux\/10.50\/en\/cookies.html<br\/>\u2013 Chrome pour Android\u00a0: https:\/\/support.google.com\/chrome\/answer\/2392971?hl=es<br\/>\u2013 Windows\u00a0Phone\u00a0: http:\/\/www.windowsphone.com\/es-es\/how-to\/wp7\/web\/changing-privacy-and-other-browser-<br\/> <br\/>Pour plus d\u2019informations sur la suppression, la d\u00e9sactivation ou le blocage des cookies, vous pouvez \u00e9galement consulter\u00a0: http:\/\/www.aboutcookies.org\/Default.aspx?page=2<br\/>Si les cookies sont d\u00e9sactiv\u00e9s, nous ne pourrons pas conserver vos pr\u00e9f\u00e9rences et certaines fonctionnalit\u00e9s du site web pourraient devenir inop\u00e9rantes, ce qui nous emp\u00eacherait de vous offrir des services personnalis\u00e9s.   <br\/> <\/p>\n\n<h2 class=\"wp-block-heading\">10) Mise \u00e0 jour de la politique de cookies<\/h2>\n\n<p>Ce site web peut modifier cette politique sur les cookies, c&rsquo;est pourquoi nous vous recommandons de consulter cette politique chaque fois que vous acc\u00e9dez \u00e0 notre site web afin d&rsquo;\u00eatre correctement inform\u00e9 sur l&rsquo;utilisation que nous faisons des cookies.<\/p>\n","protected":false},"excerpt":{"rendered":"<p>Politique de cookies Conform\u00e9ment \u00e0 la loi 34\/2002 sur les services de la soci\u00e9t\u00e9 de l&rsquo;information et le commerce \u00e9lectronique (LSSICE), les aspects juridiques suivants du site web sont port\u00e9s \u00e0 votre connaissance\u00a0: Site web\u00a0: www.exelfil.comTitulaire\u00a0: EXEL FIL, S.A.Adresse\u00a0: AVINGUDA POLIGON INDUSTRIAL S\/N \/ Apartado correos 129. 25200-CERVERAC.I.F.\u00a0: A25324690T\u00e9l\u00e9phone\u00a0: 973\u00a0532\u00a0212Adresse \u00e9lectronique\u00a0: exelfil@exelfil.comDonn\u00e9es d\u2019enregistrement\u00a0: Inscrite au&nbsp; <a href=\"https:\/\/exelfil.com\/fr\/politique-de-cookies\/\">&hellip; Read more <i class=\"glyphicon glyphicon-arrow-right\"><\/i><\/a><\/p>\n","protected":false},"author":1,"featured_media":0,"parent":0,"menu_order":99,"comment_status":"closed","ping_status":"closed","template":"","meta":{"_acf_changed":false,"footnotes":""},"class_list":["post-1269","page","type-page","status-publish","hentry"],"acf":[],"_links":{"self":[{"href":"https:\/\/exelfil.com\/fr\/wp-json\/wp\/v2\/pages\/1269","targetHints":{"allow":["GET"]}}],"collection":[{"href":"https:\/\/exelfil.com\/fr\/wp-json\/wp\/v2\/pages"}],"about":[{"href":"https:\/\/exelfil.com\/fr\/wp-json\/wp\/v2\/types\/page"}],"author":[{"embeddable":true,"href":"https:\/\/exelfil.com\/fr\/wp-json\/wp\/v2\/users\/1"}],"replies":[{"embeddable":true,"href":"https:\/\/exelfil.com\/fr\/wp-json\/wp\/v2\/comments?post=1269"}],"version-history":[{"count":2,"href":"https:\/\/exelfil.com\/fr\/wp-json\/wp\/v2\/pages\/1269\/revisions"}],"predecessor-version":[{"id":1540,"href":"https:\/\/exelfil.com\/fr\/wp-json\/wp\/v2\/pages\/1269\/revisions\/1540"}],"wp:attachment":[{"href":"https:\/\/exelfil.com\/fr\/wp-json\/wp\/v2\/media?parent=1269"}],"curies":[{"name":"wp","href":"https:\/\/api.w.org\/{rel}","templated":true}]}}