{"id":1275,"date":"2025-11-17T09:52:41","date_gmt":"2025-11-17T08:52:41","guid":{"rendered":"https:\/\/exelfil.com\/politique-de-qualite\/"},"modified":"2025-12-17T10:28:36","modified_gmt":"2025-12-17T09:28:36","slug":"politique-de-qualite","status":"publish","type":"page","link":"https:\/\/exelfil.com\/fr\/politique-de-qualite\/","title":{"rendered":"Politique de qualit\u00e9"},"content":{"rendered":"\n<h2 class=\"wp-block-heading\">Politique de qualit\u00e9<\/h2>\n\n<p>EXEL FIL, S.A., a pour objectif l&rsquo;am\u00e9lioration continue de la qualit\u00e9 et des performances de ses produits, afin de satisfaire les attentes de chaque client, assurant ainsi sa confiance et le succ\u00e8s \u00e0 long terme de l&rsquo;entreprise.<br\/>La mission d&rsquo;EXEL FIL est de cr\u00e9er de la valeur chaque jour afin que les clients, notre \u00e9quipe et nos actionnaires puissent d\u00e9velopper pleinement leur potentiel.<\/p>\n\n<p>Notre vision est que la confiance de nos clients nous rend meilleurs.<\/p>\n\n<p>C&rsquo;est pourquoi elle \u00e9tablit, d\u00e9clare et assume les principes suivants\u00a0:<br\/>1. La qualit\u00e9 finale du produit est le r\u00e9sultat d&rsquo;actions planifi\u00e9es et syst\u00e9matiques de pr\u00e9vention, de correction et d&rsquo;am\u00e9lioration continue tout au long du cycle de production, avec la volont\u00e9 et la motivation de tous les services.<\/p>\n\n<p>2. Les exigences contractuelles sont le seul crit\u00e8re pour \u00e9tablir le mod\u00e8le de qualit\u00e9 de nos produits.<\/p>\n\n<p>3. Les exigences de qualit\u00e9 et les exigences contractuelles et l\u00e9gales doivent \u00eatre correctement sp\u00e9cifi\u00e9es de mani\u00e8re objective dans les fiches clients et dans chacune des commandes. Cette documentation sera incluse dans tous les ordres de fabrication de ce client afin de garantir ses exigences.<\/p>\n\n<p>4. La qualit\u00e9 est une cause commune \u00e0 tous les domaines de l&rsquo;entreprise. Chacun des domaines doit supposer qu&rsquo;il est client et fournisseur d&rsquo;autres services et personnes de l&rsquo;entreprise.<\/p>\n\n<p>5. Honn\u00eatet\u00e9 absolue avec les clients, pers\u00e9v\u00e9rance et rigueur.<\/p>\n\n<h2 class=\"wp-block-heading\">Politiques ISO \u2013 Exel Fil<\/h2>\n\n<p><a href=\"http:\/\/exelfil.com\/wp-content\/uploads\/2025\/07\/Politica-integrada-de-gestion-ambiental-y-reduccio-de-emisiones-de-gases-de-efecto-invernadero-1.pdf\"><span style=\"text-decoration: underline;\">Politique int\u00e9gr\u00e9e de gestion environnementale et de r\u00e9duction des \u00e9missions de gaz \u00e0 effet de serre<\/span><\/a><\/p>\n\n<p><a href=\"http:\/\/exelfil.com\/wp-content\/uploads\/2025\/07\/Politica-integrada-de-gestion-de-la-energia.pdf\"><span style=\"text-decoration: underline;\">Politique int\u00e9gr\u00e9e de gestion de l&rsquo;\u00e9nergie<\/span><\/a><\/p>\n\n<p><a href=\"http:\/\/exelfil.com\/wp-content\/uploads\/2025\/07\/Politica-integrada-de-gestion-de-la-calidad-y-el-medio-ambiente-1.pdf\"><span style=\"text-decoration: underline;\">Politique int\u00e9gr\u00e9e de gestion de la qualit\u00e9 et de l&rsquo;environnement<\/span><\/a><\/p>\n\n<p><a href=\"http:\/\/exelfil.com\/wp-content\/uploads\/2025\/07\/Politica-integrada-de-gestion-de-la-calidad-y-el-medio-ambiente-1.pdf\"><span style=\"text-decoration: underline;\">Politique int\u00e9gr\u00e9e de gestion de la qualit\u00e9 et de l&rsquo;environnement<\/span><\/a><\/p>\n\n<p><\/p>\n","protected":false},"excerpt":{"rendered":"<p>Politique de qualit\u00e9 EXEL FIL, S.A., a pour objectif l&rsquo;am\u00e9lioration continue de la qualit\u00e9 et des performances de ses produits, afin de satisfaire les attentes de chaque client, assurant ainsi sa confiance et le succ\u00e8s \u00e0 long terme de l&rsquo;entreprise.La mission d&rsquo;EXEL FIL est de cr\u00e9er de la valeur chaque jour afin que les clients,&nbsp; <a href=\"https:\/\/exelfil.com\/fr\/politique-de-qualite\/\">&hellip; Read more <i class=\"glyphicon glyphicon-arrow-right\"><\/i><\/a><\/p>\n","protected":false},"author":1,"featured_media":0,"parent":0,"menu_order":99,"comment_status":"closed","ping_status":"closed","template":"","meta":{"_acf_changed":false,"footnotes":""},"class_list":["post-1275","page","type-page","status-publish","hentry"],"acf":[],"_links":{"self":[{"href":"https:\/\/exelfil.com\/fr\/wp-json\/wp\/v2\/pages\/1275","targetHints":{"allow":["GET"]}}],"collection":[{"href":"https:\/\/exelfil.com\/fr\/wp-json\/wp\/v2\/pages"}],"about":[{"href":"https:\/\/exelfil.com\/fr\/wp-json\/wp\/v2\/types\/page"}],"author":[{"embeddable":true,"href":"https:\/\/exelfil.com\/fr\/wp-json\/wp\/v2\/users\/1"}],"replies":[{"embeddable":true,"href":"https:\/\/exelfil.com\/fr\/wp-json\/wp\/v2\/comments?post=1275"}],"version-history":[{"count":2,"href":"https:\/\/exelfil.com\/fr\/wp-json\/wp\/v2\/pages\/1275\/revisions"}],"predecessor-version":[{"id":1536,"href":"https:\/\/exelfil.com\/fr\/wp-json\/wp\/v2\/pages\/1275\/revisions\/1536"}],"wp:attachment":[{"href":"https:\/\/exelfil.com\/fr\/wp-json\/wp\/v2\/media?parent=1275"}],"curies":[{"name":"wp","href":"https:\/\/api.w.org\/{rel}","templated":true}]}}