{"id":1479,"date":"2025-06-19T16:20:44","date_gmt":"2025-06-19T15:20:44","guid":{"rendered":"https:\/\/exelfil.com\/product\/acier-brillant-bobine\/"},"modified":"2025-12-16T09:51:43","modified_gmt":"2025-12-16T08:51:43","slug":"acier-brillant-bobine","status":"publish","type":"product","link":"https:\/\/exelfil.com\/fr\/product\/acier-brillant-bobine\/","title":{"rendered":"Acier brillant \u2014 Bobine"},"content":{"rendered":"\n<div class=\"wp-block-group is-nowrap is-layout-flex wp-container-core-group-is-layout-6c531013 wp-block-group-is-layout-flex\">\n<div class=\"wp-block-columns mlrg-reverse-mobile is-layout-flex wp-container-core-columns-is-layout-28f84493 wp-block-columns-is-layout-flex\">\n<div class=\"wp-block-column is-layout-flow wp-block-column-is-layout-flow\" style=\"flex-basis:60%\">\n<h2 class=\"wp-block-heading\" style=\"text-transform:uppercase\">Fil brillant de haute pr\u00e9cision avec une surface impeccable.<\/h2>\n\n\n\n<div class=\"wp-block-columns is-layout-flex wp-container-core-columns-is-layout-28f84493 wp-block-columns-is-layout-flex\">\n<div class=\"wp-block-column is-layout-flow wp-block-column-is-layout-flow\" style=\"flex-basis:60%\">\n<p>Fabriqu\u00e9 avec de l&rsquo;acier de qualit\u00e9 et des contr\u00f4les stricts pour garantir l&rsquo;uniformit\u00e9, la r\u00e9sistance et la fiabilit\u00e9 dans chaque application industrielle. <\/p>\n<\/div>\n\n\n\n<div class=\"wp-block-column is-layout-flow wp-block-column-is-layout-flow\" style=\"flex-basis:40%\"><\/div>\n<\/div>\n<\/div>\n\n\n\n<div class=\"wp-block-column is-layout-flow wp-block-column-is-layout-flow\" style=\"flex-basis:20%\"><\/div>\n\n\n\n<div class=\"wp-block-column is-layout-flow wp-block-column-is-layout-flow\" style=\"flex-basis:20%\">\n<div class=\"wp-block-group is-layout-constrained wp-block-group-is-layout-constrained\">\n<figure class=\"wp-block-image size-full\"><img loading=\"lazy\" decoding=\"async\" width=\"1920\" height=\"1920\" src=\"https:\/\/exelfil.com\/wp-content\/uploads\/2025\/06\/REA8621c-1920.png\" alt=\"\" class=\"wp-image-572\" srcset=\"https:\/\/exelfil.com\/wp-content\/uploads\/2025\/06\/REA8621c-1920.png 1920w, https:\/\/exelfil.com\/wp-content\/uploads\/2025\/06\/REA8621c-1920-1280x1280.png 1280w, https:\/\/exelfil.com\/wp-content\/uploads\/2025\/06\/REA8621c-1920-150x150.png 150w\" sizes=\"auto, (max-width: 1920px) 100vw, 1920px\" \/><\/figure>\n<\/div>\n<\/div>\n<\/div>\n<\/div>\n\n<div class=\"wp-block-group is-layout-constrained wp-block-group-is-layout-constrained\">\n<div style=\"height:48px\" aria-hidden=\"true\" class=\"wp-block-spacer\"><\/div>\n\n\n\n<h2 class=\"wp-block-heading has-medium-font-size\">Avantages cl\u00e9s<\/h2>\n\n\n\n<h5 class=\"wp-block-heading has-x-large-font-size\">Finition sans imperfections<\/h5>\n\n\n\n<p>Surface uniforme et propre, sans rayures ni fissures.<\/p>\n\n\n\n<h5 class=\"wp-block-heading has-x-large-font-size\">Haute fiabilit\u00e9<\/h5>\n\n\n\n<p>Id\u00e9al pour les processus de transformation tels que le pliage, le redressage et la soudure.<\/p>\n\n\n\n<h5 class=\"wp-block-heading has-x-large-font-size\">Compatibilit\u00e9 avec les rev\u00eatements<\/h5>\n\n\n\n<p>Parfait pour les rev\u00eatements de haute qualit\u00e9 tels que le chromage, le nickelage et autres processus n\u00e9cessitant une pr\u00e9cision de surface.<\/p>\n<\/div>\n\n<h2 class=\"wp-block-heading has-medium-font-size\">Sp\u00e9cifications techniques<\/h2>\n\n<div id=\"slider-block_61edc706b44667643d596d4936530370\" class=\"slider-block overflowed  md:mb-20\">\n        \n    <div class=\"slider-carousel flex flex-wrap md:block -mx-1 md:mx-0 px-2 md:px-0\">\n    \n        \n            <div class=\"slide h-full w-1\/2 md:w-auto px-1 md:px-0 mb-5 md:mb-0\">\n\n                <div class=\"px-1\">\n                \n                    <img decoding=\"async\" class=\"image-1 w-full h-full block mb-1\" src=\"https:\/\/exelfil.com\/wp-content\/uploads\/2025\/06\/p01.svg\" alt=\"\">\n                    <div class=\"caption-1\">Nous s\u00e9lectionnons des coul\u00e9es<\/div>\n                    <div class=\"caption-2\">pour offrir au client la r\u00e9sistance id\u00e9ale.<\/div>\n                \n                <\/div>\n\n            <\/div>\n\n        \n            <div class=\"slide h-full w-1\/2 md:w-auto px-1 md:px-0 mb-5 md:mb-0\">\n\n                <div class=\"px-1\">\n                \n                    <img decoding=\"async\" class=\"image-1 w-full h-full block mb-1\" src=\"https:\/\/exelfil.com\/wp-content\/uploads\/2025\/06\/p04.svg\" alt=\"\">\n                    <div class=\"caption-1\">Emballage<\/div>\n                    <div class=\"caption-2\">Bobines de<br \/>\r\n500 &#8211; 1 500 kg<\/div>\n                \n                <\/div>\n\n            <\/div>\n\n        \n            <div class=\"slide h-full w-1\/2 md:w-auto px-1 md:px-0 mb-5 md:mb-0\">\n\n                <div class=\"px-1\">\n                \n                    <img decoding=\"async\" class=\"image-1 w-full h-full block mb-1\" src=\"https:\/\/exelfil.com\/wp-content\/uploads\/2025\/06\/p03.svg\" alt=\"\">\n                    <div class=\"caption-1\">Diam\u00e8tres disponibles<\/div>\n                    <div class=\"caption-2\">2 &#8211; 7 mm.<\/div>\n                \n                <\/div>\n\n            <\/div>\n\n        \n            <div class=\"slide h-full w-1\/2 md:w-auto px-1 md:px-0 mb-5 md:mb-0\">\n\n                <div class=\"px-1\">\n                \n                    <img decoding=\"async\" class=\"image-1 w-full h-full block mb-1\" src=\"https:\/\/exelfil.com\/wp-content\/uploads\/2025\/06\/p02.svg\" alt=\"\">\n                    <div class=\"caption-1\">Finition<\/div>\n                    <div class=\"caption-2\">Brillant, sans oxydes.<\/div>\n                \n                <\/div>\n\n            <\/div>\n\n        \n            <div class=\"slide h-full w-1\/2 md:w-auto px-1 md:px-0 mb-5 md:mb-0\">\n\n                <div class=\"px-1\">\n                \n                    <img decoding=\"async\" class=\"image-1 w-full h-full block mb-1\" src=\"https:\/\/exelfil.com\/wp-content\/uploads\/2025\/06\/p01.svg\" alt=\"\">\n                    <div class=\"caption-1\">Mat\u00e9riau<\/div>\n                    <div class=\"caption-2\">Acier \u00e0 faible teneur en carbone de haute puret\u00e9.<br \/>\r\n<\/div>\n                \n                <\/div>\n\n            <\/div>\n\n        \n            <div class=\"slide h-full w-1\/2 md:w-auto px-1 md:px-0 mb-5 md:mb-0\">\n\n                <div class=\"px-1\">\n                \n                    <img decoding=\"async\" class=\"image-1 w-full h-full block mb-1\" src=\"https:\/\/exelfil.com\/wp-content\/uploads\/2025\/06\/p03.svg\" alt=\"\">\n                    <div class=\"caption-1\">Pr\u00e9sentation <\/div>\n                    <div class=\"caption-2\">selon les exigences du client<\/div>\n                \n                <\/div>\n\n            <\/div>\n\n        \n            <div class=\"slide h-full w-1\/2 md:w-auto px-1 md:px-0 mb-5 md:mb-0\">\n\n                <div class=\"px-1\">\n                \n                    <img decoding=\"async\" class=\"image-1 w-full h-full block mb-1\" src=\"https:\/\/exelfil.com\/wp-content\/uploads\/2025\/06\/p02.svg\" alt=\"\">\n                    <div class=\"caption-1\">Diam\u00e8tre et poids<\/div>\n                    <div class=\"caption-2\">Standard ou sur demande.<br \/>\r\n<\/div>\n                \n                <\/div>\n\n            <\/div>\n\n        \n    <\/div>   \n\n<\/div>\n\n\n<div style=\"height:48px\" aria-hidden=\"true\" class=\"wp-block-spacer\"><\/div>\n\n<h2 class=\"wp-block-heading has-medium-font-size\">Applications<\/h2>\n\n<div id=\"applications-block_7deec339b227b4e7f8dd15204d52b37e\" class=\"applications-block overflowed\">\n\n            \n    <div class=\"applications-carousel\">\n    \n        \n            <div class=\"slide h-full\">\n\n                <div class=\"px-1\">\n                \n                    <img decoding=\"async\" class=\"aspect-[3\/4] object-cover w-full h-full block mb-1 transition-opacity opacity-75 hover:opacity-100 duration-100\" src=\"https:\/\/exelfil.com\/wp-content\/uploads\/2025\/06\/pexels-ifreestock-776806.png\" alt=\"\">\n                    <div class=\"text-gray font-sans-2 text-base lg:text-xl\">Articles m\u00e9nagers<\/div>\n                    <div class=\"text-white text-2\">Armatures<br \/>\r\nSupports<br \/>\r\nAncrages<br \/>\r\n\u2026<\/div>\n                \n                <\/div>\n\n            <\/div>\n\n        \n            <div class=\"slide h-full\">\n\n                <div class=\"px-1\">\n                \n                    <img decoding=\"async\" class=\"aspect-[3\/4] object-cover w-full h-full block mb-1 transition-opacity opacity-75 hover:opacity-100 duration-100\" src=\"https:\/\/exelfil.com\/wp-content\/uploads\/2025\/06\/WhatsApp-Image-2024-06-07-at-13.28.26.png\" alt=\"\">\n                    <div class=\"text-gray font-sans-2 text-base lg:text-xl\">\u00c9lectrique<\/div>\n                    <div class=\"text-white text-2\">Cl\u00f4tures<br \/>\r\nTutorat de plantes<br \/>\r\nStructures de support<br \/>\r\n\u2026<\/div>\n                \n                <\/div>\n\n            <\/div>\n\n        \n            <div class=\"slide h-full\">\n\n                <div class=\"px-1\">\n                \n                    <img decoding=\"async\" class=\"aspect-[3\/4] object-cover w-full h-full block mb-1 transition-opacity opacity-75 hover:opacity-100 duration-100\" src=\"https:\/\/exelfil.com\/wp-content\/uploads\/2025\/06\/pexels-igor-starkov-233202-1117452.png\" alt=\"\">\n                    <div class=\"text-gray font-sans-2 text-base lg:text-xl\">Cl\u00f4ture<\/div>\n                    <div class=\"text-white text-2\">Armatures<br \/>\r\nSupports<br \/>\r\nAncrages<br \/>\r\n\u2026<\/div>\n                \n                <\/div>\n\n            <\/div>\n\n        \n            <div class=\"slide h-full\">\n\n                <div class=\"px-1\">\n                \n                    <img decoding=\"async\" class=\"aspect-[3\/4] object-cover w-full h-full block mb-1 transition-opacity opacity-75 hover:opacity-100 duration-100\" src=\"https:\/\/exelfil.com\/wp-content\/uploads\/2025\/06\/pexels-nc-farm-bureau-mark-8428969.png\" alt=\"\">\n                    <div class=\"text-gray font-sans-2 text-base lg:text-xl\">Automobile<\/div>\n                    <div class=\"text-white text-2\">Composants m\u00e9caniques<br \/>\r\nSupports<br \/>\r\nDivers<br \/>\r\n\u2026<\/div>\n                \n                <\/div>\n\n            <\/div>\n\n        \n    <\/div>   \n\n<\/div>\n\n","protected":false},"featured_media":1080,"menu_order":1,"template":"","meta":{"_acf_changed":false},"product_cat":[52],"class_list":["post-1479","product","type-product","status-publish","has-post-thumbnail","hentry","product_cat-fil-dacier-brillant"],"acf":[],"_links":{"self":[{"href":"https:\/\/exelfil.com\/fr\/wp-json\/wp\/v2\/product\/1479","targetHints":{"allow":["GET"]}}],"collection":[{"href":"https:\/\/exelfil.com\/fr\/wp-json\/wp\/v2\/product"}],"about":[{"href":"https:\/\/exelfil.com\/fr\/wp-json\/wp\/v2\/types\/product"}],"wp:featuredmedia":[{"embeddable":true,"href":"https:\/\/exelfil.com\/fr\/wp-json\/wp\/v2\/media\/1080"}],"wp:attachment":[{"href":"https:\/\/exelfil.com\/fr\/wp-json\/wp\/v2\/media?parent=1479"}],"wp:term":[{"taxonomy":"product_cat","embeddable":true,"href":"https:\/\/exelfil.com\/fr\/wp-json\/wp\/v2\/product_cat?post=1479"}],"curies":[{"name":"wp","href":"https:\/\/api.w.org\/{rel}","templated":true}]}}