{"id":1480,"date":"2025-07-03T10:58:47","date_gmt":"2025-07-03T09:58:47","guid":{"rendered":"https:\/\/exelfil.com\/product\/acier-brillant-bobine-2\/"},"modified":"2025-12-16T09:51:47","modified_gmt":"2025-12-16T08:51:47","slug":"acier-brillant-bobine-2","status":"publish","type":"product","link":"https:\/\/exelfil.com\/fr\/product\/acier-brillant-bobine-2\/","title":{"rendered":"Acier brillant \u2014 Bobine"},"content":{"rendered":"\n<div class=\"wp-block-group is-nowrap is-layout-flex wp-container-core-group-is-layout-6c531013 wp-block-group-is-layout-flex\">\n<div class=\"wp-block-columns mlrg-reverse-mobile is-layout-flex wp-container-core-columns-is-layout-28f84493 wp-block-columns-is-layout-flex\">\n<div class=\"wp-block-column is-layout-flow wp-block-column-is-layout-flow\" style=\"flex-basis:60%\">\n<h2 class=\"wp-block-heading\" style=\"text-transform:uppercase\">Fil brillant de haute pr\u00e9cision avec une surface impeccable.<\/h2>\n\n\n\n<div class=\"wp-block-columns is-layout-flex wp-container-core-columns-is-layout-28f84493 wp-block-columns-is-layout-flex\">\n<div class=\"wp-block-column is-layout-flow wp-block-column-is-layout-flow\" style=\"flex-basis:60%\">\n<p>Fabriqu\u00e9 avec de l&rsquo;acier de qualit\u00e9 et des contr\u00f4les stricts pour garantir l&rsquo;uniformit\u00e9, la r\u00e9sistance et la fiabilit\u00e9 dans chaque application industrielle. <\/p>\n<\/div>\n\n\n\n<div class=\"wp-block-column is-layout-flow wp-block-column-is-layout-flow\" style=\"flex-basis:40%\"><\/div>\n<\/div>\n<\/div>\n\n\n\n<div class=\"wp-block-column is-layout-flow wp-block-column-is-layout-flow\" style=\"flex-basis:20%\"><\/div>\n\n\n\n<div class=\"wp-block-column is-layout-flow wp-block-column-is-layout-flow\" style=\"flex-basis:20%\">\n<div class=\"wp-block-group is-layout-constrained wp-block-group-is-layout-constrained\">\n<figure class=\"wp-block-image size-full\"><img loading=\"lazy\" decoding=\"async\" width=\"600\" height=\"582\" src=\"https:\/\/exelfil.com\/wp-content\/uploads\/2025\/07\/Home_roducte1-des-1.png\" alt=\"\" class=\"wp-image-573\"\/><\/figure>\n<\/div>\n<\/div>\n<\/div>\n<\/div>\n\n<div class=\"wp-block-group is-layout-constrained wp-block-group-is-layout-constrained\">\n<div style=\"height:48px\" aria-hidden=\"true\" class=\"wp-block-spacer\"><\/div>\n\n\n\n<h2 class=\"wp-block-heading has-medium-font-size\">Avantages cl\u00e9s<\/h2>\n\n\n\n<h5 class=\"wp-block-heading has-x-large-font-size\">Finition sans imperfections<\/h5>\n\n\n\n<p>Surface uniforme et propre, sans rayures ni fissures.<\/p>\n\n\n\n<h5 class=\"wp-block-heading has-x-large-font-size\">Haute fiabilit\u00e9<\/h5>\n\n\n\n<p>Id\u00e9al pour les processus de transformation tels que le pliage, le redressage et la soudure.<\/p>\n\n\n\n<h5 class=\"wp-block-heading has-x-large-font-size\">Compatibilit\u00e9 avec les rev\u00eatements<\/h5>\n\n\n\n<p>Parfait pour les rev\u00eatements de haute qualit\u00e9 tels que le chromage, le nickelage et autres processus n\u00e9cessitant une pr\u00e9cision de surface.<\/p>\n<\/div>\n\n<h2 class=\"wp-block-heading has-medium-font-size\">Sp\u00e9cifications techniques<\/h2>\n\n<div id=\"slider-block_48b0f9c76fbde39d84ffcc9e8ad3234f\" class=\"slider-block overflowed  md:mb-20\">\n        \n    <div class=\"slider-carousel flex flex-wrap md:block -mx-1 md:mx-0 px-2 md:px-0\">\n    \n        \n            <div class=\"slide h-full w-1\/2 md:w-auto px-1 md:px-0 mb-5 md:mb-0\">\n\n                <div class=\"px-1\">\n                \n                    <img decoding=\"async\" class=\"image-1 w-full h-full block mb-1\" src=\"https:\/\/exelfil.com\/wp-content\/uploads\/2025\/06\/p04.svg\" alt=\"\">\n                    <div class=\"caption-1\">Sens<\/div>\n                    <div class=\"caption-2\">Horaire \u2013 Antihoraire<\/div>\n                \n                <\/div>\n\n            <\/div>\n\n        \n            <div class=\"slide h-full w-1\/2 md:w-auto px-1 md:px-0 mb-5 md:mb-0\">\n\n                <div class=\"px-1\">\n                \n                    <img decoding=\"async\" class=\"image-1 w-full h-full block mb-1\" src=\"https:\/\/exelfil.com\/wp-content\/uploads\/2025\/06\/p01.svg\" alt=\"\">\n                    <div class=\"caption-1\">Nous s\u00e9lectionnons des coul\u00e9es<\/div>\n                    <div class=\"caption-2\">pour offrir au client la r\u00e9sistance id\u00e9ale.<\/div>\n                \n                <\/div>\n\n            <\/div>\n\n        \n            <div class=\"slide h-full w-1\/2 md:w-auto px-1 md:px-0 mb-5 md:mb-0\">\n\n                <div class=\"px-1\">\n                \n                    <img decoding=\"async\" class=\"image-1 w-full h-full block mb-1\" src=\"https:\/\/exelfil.com\/wp-content\/uploads\/2025\/06\/p04.svg\" alt=\"\">\n                    <div class=\"caption-1\">Emballage<\/div>\n                    <div class=\"caption-2\">Bobines de<br \/>\r\n500 &#8211; 2\u202f500 kg<\/div>\n                \n                <\/div>\n\n            <\/div>\n\n        \n            <div class=\"slide h-full w-1\/2 md:w-auto px-1 md:px-0 mb-5 md:mb-0\">\n\n                <div class=\"px-1\">\n                \n                    <img decoding=\"async\" class=\"image-1 w-full h-full block mb-1\" src=\"https:\/\/exelfil.com\/wp-content\/uploads\/2025\/06\/p03.svg\" alt=\"\">\n                    <div class=\"caption-1\">Diam\u00e8tres disponibles<\/div>\n                    <div class=\"caption-2\">2 &#8211; 14 mm.<\/div>\n                \n                <\/div>\n\n            <\/div>\n\n        \n            <div class=\"slide h-full w-1\/2 md:w-auto px-1 md:px-0 mb-5 md:mb-0\">\n\n                <div class=\"px-1\">\n                \n                    <img decoding=\"async\" class=\"image-1 w-full h-full block mb-1\" src=\"https:\/\/exelfil.com\/wp-content\/uploads\/2025\/06\/p03.svg\" alt=\"\">\n                    <div class=\"caption-1\">Pr\u00e9sentation <\/div>\n                    <div class=\"caption-2\">selon les exigences du client<\/div>\n                \n                <\/div>\n\n            <\/div>\n\n        \n            <div class=\"slide h-full w-1\/2 md:w-auto px-1 md:px-0 mb-5 md:mb-0\">\n\n                <div class=\"px-1\">\n                \n                    <img decoding=\"async\" class=\"image-1 w-full h-full block mb-1\" src=\"https:\/\/exelfil.com\/wp-content\/uploads\/2025\/06\/p02.svg\" alt=\"\">\n                    <div class=\"caption-1\">Finition<\/div>\n                    <div class=\"caption-2\">Brillant, sans oxydes.<\/div>\n                \n                <\/div>\n\n            <\/div>\n\n        \n            <div class=\"slide h-full w-1\/2 md:w-auto px-1 md:px-0 mb-5 md:mb-0\">\n\n                <div class=\"px-1\">\n                \n                    <img decoding=\"async\" class=\"image-1 w-full h-full block mb-1\" src=\"https:\/\/exelfil.com\/wp-content\/uploads\/2025\/06\/p02.svg\" alt=\"\">\n                    <div class=\"caption-1\">Diam\u00e8tre et poids<\/div>\n                    <div class=\"caption-2\">Standard ou sur demande.<br \/>\r\n<\/div>\n                \n                <\/div>\n\n            <\/div>\n\n        \n    <\/div>   \n\n<\/div>\n\n\n<div style=\"height:48px\" aria-hidden=\"true\" class=\"wp-block-spacer\"><\/div>\n\n<h2 class=\"wp-block-heading has-medium-font-size\">Applications<\/h2>\n\n<div id=\"applications-block_d22d8ec654c96669e8cf0058351eb6cc\" class=\"applications-block overflowed\">\n\n            \n    <div class=\"applications-carousel\">\n    \n        \n            <div class=\"slide h-full\">\n\n                <div class=\"px-1\">\n                \n                    <img decoding=\"async\" class=\"aspect-[3\/4] object-cover w-full h-full block mb-1 transition-opacity opacity-75 hover:opacity-100 duration-100\" src=\"https:\/\/exelfil.com\/wp-content\/uploads\/2025\/06\/pexels-ifreestock-776806.png\" alt=\"\">\n                    <div class=\"text-gray font-sans-2 text-base lg:text-xl\">Articles m\u00e9nagers<\/div>\n                    <div class=\"text-white text-2\">Armatures<br \/>\r\nSupports<br \/>\r\nAncrages<br \/>\r\n\u2026<\/div>\n                \n                <\/div>\n\n            <\/div>\n\n        \n            <div class=\"slide h-full\">\n\n                <div class=\"px-1\">\n                \n                    <img decoding=\"async\" class=\"aspect-[3\/4] object-cover w-full h-full block mb-1 transition-opacity opacity-75 hover:opacity-100 duration-100\" src=\"https:\/\/exelfil.com\/wp-content\/uploads\/2025\/06\/WhatsApp-Image-2024-06-07-at-13.28.26.png\" alt=\"\">\n                    <div class=\"text-gray font-sans-2 text-base lg:text-xl\">\u00c9lectrique<\/div>\n                    <div class=\"text-white text-2\">Cl\u00f4tures<br \/>\r\nTutorat de plantes<br \/>\r\nStructures de support<br \/>\r\n\u2026<\/div>\n                \n                <\/div>\n\n            <\/div>\n\n        \n            <div class=\"slide h-full\">\n\n                <div class=\"px-1\">\n                \n                    <img decoding=\"async\" class=\"aspect-[3\/4] object-cover w-full h-full block mb-1 transition-opacity opacity-75 hover:opacity-100 duration-100\" src=\"https:\/\/exelfil.com\/wp-content\/uploads\/2025\/06\/pexels-igor-starkov-233202-1117452.png\" alt=\"\">\n                    <div class=\"text-gray font-sans-2 text-base lg:text-xl\">Cl\u00f4ture<\/div>\n                    <div class=\"text-white text-2\">Armatures<br \/>\r\nSupports<br \/>\r\nAncrages<br \/>\r\n\u2026<\/div>\n                \n                <\/div>\n\n            <\/div>\n\n        \n            <div class=\"slide h-full\">\n\n                <div class=\"px-1\">\n                \n                    <img decoding=\"async\" class=\"aspect-[3\/4] object-cover w-full h-full block mb-1 transition-opacity opacity-75 hover:opacity-100 duration-100\" src=\"https:\/\/exelfil.com\/wp-content\/uploads\/2025\/06\/pexels-nc-farm-bureau-mark-8428969.png\" alt=\"\">\n                    <div class=\"text-gray font-sans-2 text-base lg:text-xl\">Automobile<\/div>\n                    <div class=\"text-white text-2\">Composants m\u00e9caniques<br \/>\r\nSupports<br \/>\r\nDivers<br \/>\r\n\u2026<\/div>\n                \n                <\/div>\n\n            <\/div>\n\n        \n    <\/div>   \n\n<\/div>\n\n","protected":false},"featured_media":1084,"menu_order":2,"template":"","meta":{"_acf_changed":false},"product_cat":[52],"class_list":["post-1480","product","type-product","status-publish","has-post-thumbnail","hentry","product_cat-fil-dacier-brillant"],"acf":[],"_links":{"self":[{"href":"https:\/\/exelfil.com\/fr\/wp-json\/wp\/v2\/product\/1480","targetHints":{"allow":["GET"]}}],"collection":[{"href":"https:\/\/exelfil.com\/fr\/wp-json\/wp\/v2\/product"}],"about":[{"href":"https:\/\/exelfil.com\/fr\/wp-json\/wp\/v2\/types\/product"}],"wp:featuredmedia":[{"embeddable":true,"href":"https:\/\/exelfil.com\/fr\/wp-json\/wp\/v2\/media\/1084"}],"wp:attachment":[{"href":"https:\/\/exelfil.com\/fr\/wp-json\/wp\/v2\/media?parent=1480"}],"wp:term":[{"taxonomy":"product_cat","embeddable":true,"href":"https:\/\/exelfil.com\/fr\/wp-json\/wp\/v2\/product_cat?post=1480"}],"curies":[{"name":"wp","href":"https:\/\/api.w.org\/{rel}","templated":true}]}}