{"id":1491,"date":"2025-07-03T10:59:56","date_gmt":"2025-07-03T09:59:56","guid":{"rendered":"https:\/\/exelfil.com\/product\/acier-recuit-pick-up\/"},"modified":"2025-12-22T13:26:22","modified_gmt":"2025-12-22T12:26:22","slug":"acier-recuit-pick-up","status":"publish","type":"product","link":"https:\/\/exelfil.com\/fr\/product\/acier-recuit-pick-up\/","title":{"rendered":"Acier recuit \u2014 Pick up"},"content":{"rendered":"\n<div class=\"wp-block-group is-nowrap is-layout-flex wp-container-core-group-is-layout-6c531013 wp-block-group-is-layout-flex\">\n<div class=\"wp-block-columns mlrg-reverse-mobile is-layout-flex wp-container-core-columns-is-layout-28f84493 wp-block-columns-is-layout-flex\">\n<div class=\"wp-block-column is-layout-flow wp-block-column-is-layout-flow\" style=\"flex-basis:60%\">\n<h2 class=\"wp-block-heading\" style=\"text-transform:uppercase\">Fil recuit pour presses automatiques, pour l&#8217;emballage de papier, carton, plastique et D.O.M., avec liage automatique. <\/h2>\n\n\n\n<p>Fil \u00e9tir\u00e9 selon la norme EN-16120\/2.<\/p>\n<\/div>\n\n\n\n<div class=\"wp-block-column is-layout-flow wp-block-column-is-layout-flow\" style=\"flex-basis:20%\"><\/div>\n\n\n\n<div class=\"wp-block-column is-layout-flow wp-block-column-is-layout-flow\" style=\"flex-basis:20%\">\n<div class=\"wp-block-group is-layout-constrained wp-block-group-is-layout-constrained\">\n<figure class=\"wp-block-image size-full\"><img loading=\"lazy\" decoding=\"async\" width=\"606\" height=\"600\" src=\"https:\/\/exelfil.com\/wp-content\/uploads\/2025\/07\/PICK-UP-TRIMMED.png\" alt=\"Enl&#xE8;vement sur place\" class=\"wp-image-1620\" style=\"aspect-ratio:1;object-fit:cover\" srcset=\"https:\/\/exelfil.com\/wp-content\/uploads\/2025\/07\/PICK-UP-TRIMMED.png 606w, https:\/\/exelfil.com\/wp-content\/uploads\/2025\/07\/PICK-UP-TRIMMED-150x150.png 150w\" sizes=\"auto, (max-width: 606px) 100vw, 606px\" \/><\/figure>\n<\/div>\n<\/div>\n<\/div>\n<\/div>\n\n<div class=\"wp-block-group is-layout-constrained wp-block-group-is-layout-constrained\">\n<div style=\"height:48px\" aria-hidden=\"true\" class=\"wp-block-spacer\"><\/div>\n\n\n\n<h2 class=\"wp-block-heading has-medium-font-size\">Avantages cl\u00e9s<\/h2>\n\n\n\n<h5 class=\"wp-block-heading has-x-large-font-size\">Finition sans imperfections<\/h5>\n\n\n\n<p>Surface uniforme et propre, sans rayures ni fissures.<\/p>\n\n\n\n<h5 class=\"wp-block-heading has-x-large-font-size\">Haute fiabilit\u00e9<\/h5>\n\n\n\n<p>Id\u00e9al pour les processus de transformation tels que le pliage, le redressage et la soudure.<\/p>\n\n\n\n<h5 class=\"wp-block-heading has-x-large-font-size\">Compatibilit\u00e9 avec les rev\u00eatements<\/h5>\n\n\n\n<p>Parfait pour les rev\u00eatements de haute qualit\u00e9 tels que le chromage, le nickelage et autres processus n\u00e9cessitant une pr\u00e9cision de surface.<\/p>\n<\/div>\n\n<h2 class=\"wp-block-heading has-medium-font-size\">Sp\u00e9cifications techniques<\/h2>\n\n<div id=\"slider-block_e7b4488796b4018894ed8084c1343ecd\" class=\"slider-block overflowed  md:mb-20\">\n        \n    <div class=\"slider-carousel flex flex-wrap md:block -mx-1 md:mx-0 px-2 md:px-0\">\n    \n        \n            <div class=\"slide h-full w-1\/2 md:w-auto px-1 md:px-0 mb-5 md:mb-0\">\n\n                <div class=\"px-1\">\n                \n                    <img decoding=\"async\" class=\"image-1 w-full h-full block mb-1\" src=\"https:\/\/exelfil.com\/wp-content\/uploads\/2025\/06\/p04.svg\" alt=\"\">\n                    <div class=\"caption-1\">Emballage<\/div>\n                    <div class=\"caption-2\">Bobines de 25 kg \u00e0 50 kg<br \/>\r\n<\/div>\n                \n                <\/div>\n\n            <\/div>\n\n        \n            <div class=\"slide h-full w-1\/2 md:w-auto px-1 md:px-0 mb-5 md:mb-0\">\n\n                <div class=\"px-1\">\n                \n                    <img decoding=\"async\" class=\"image-1 w-full h-full block mb-1\" src=\"https:\/\/exelfil.com\/wp-content\/uploads\/2025\/06\/p03.svg\" alt=\"\">\n                    <div class=\"caption-1\">Diam\u00e8tres disponibles<\/div>\n                    <div class=\"caption-2\">2 &#8211; 4 mm.<\/div>\n                \n                <\/div>\n\n            <\/div>\n\n        \n            <div class=\"slide h-full w-1\/2 md:w-auto px-1 md:px-0 mb-5 md:mb-0\">\n\n                <div class=\"px-1\">\n                \n                    <img decoding=\"async\" class=\"image-1 w-full h-full block mb-1\" src=\"https:\/\/exelfil.com\/wp-content\/uploads\/2025\/06\/p02.svg\" alt=\"\">\n                    <div class=\"caption-1\">Finition<\/div>\n                    <div class=\"caption-2\">Brillant, sans oxydes.<\/div>\n                \n                <\/div>\n\n            <\/div>\n\n        \n            <div class=\"slide h-full w-1\/2 md:w-auto px-1 md:px-0 mb-5 md:mb-0\">\n\n                <div class=\"px-1\">\n                \n                    <img decoding=\"async\" class=\"image-1 w-full h-full block mb-1\" src=\"https:\/\/exelfil.com\/wp-content\/uploads\/2025\/06\/p01.svg\" alt=\"\">\n                    <div class=\"caption-1\">Mat\u00e9riau<\/div>\n                    <div class=\"caption-2\">Acier \u00e0 faible teneur en carbone de haute puret\u00e9.<br \/>\r\n<\/div>\n                \n                <\/div>\n\n            <\/div>\n\n        \n            <div class=\"slide h-full w-1\/2 md:w-auto px-1 md:px-0 mb-5 md:mb-0\">\n\n                <div class=\"px-1\">\n                \n                    <img decoding=\"async\" class=\"image-1 w-full h-full block mb-1\" src=\"https:\/\/exelfil.com\/wp-content\/uploads\/2025\/06\/p01.svg\" alt=\"\">\n                    <div class=\"caption-1\">Nous s\u00e9lectionnons des coul\u00e9es<\/div>\n                    <div class=\"caption-2\">pour offrir au client la r\u00e9sistance id\u00e9ale.<\/div>\n                \n                <\/div>\n\n            <\/div>\n\n        \n            <div class=\"slide h-full w-1\/2 md:w-auto px-1 md:px-0 mb-5 md:mb-0\">\n\n                <div class=\"px-1\">\n                \n                    <img decoding=\"async\" class=\"image-1 w-full h-full block mb-1\" src=\"https:\/\/exelfil.com\/wp-content\/uploads\/2025\/06\/p03.svg\" alt=\"\">\n                    <div class=\"caption-1\">Pr\u00e9sentation <\/div>\n                    <div class=\"caption-2\">selon les exigences du client<\/div>\n                \n                <\/div>\n\n            <\/div>\n\n        \n            <div class=\"slide h-full w-1\/2 md:w-auto px-1 md:px-0 mb-5 md:mb-0\">\n\n                <div class=\"px-1\">\n                \n                    <img decoding=\"async\" class=\"image-1 w-full h-full block mb-1\" src=\"https:\/\/exelfil.com\/wp-content\/uploads\/2025\/06\/p02.svg\" alt=\"\">\n                    <div class=\"caption-1\">Diam\u00e8tre et poids<\/div>\n                    <div class=\"caption-2\">Standard ou sur demande.<br \/>\r\n<\/div>\n                \n                <\/div>\n\n            <\/div>\n\n        \n            <div class=\"slide h-full w-1\/2 md:w-auto px-1 md:px-0 mb-5 md:mb-0\">\n\n                <div class=\"px-1\">\n                \n                    <img decoding=\"async\" class=\"image-1 w-full h-full block mb-1\" src=\"https:\/\/exelfil.com\/wp-content\/uploads\/2025\/06\/p01.svg\" alt=\"\">\n                    <div class=\"caption-1\">Disponible en<\/div>\n                    <div class=\"caption-2\">-Qualit\u00e9 sup\u00e9rieure<br \/>\r\n-Haute r\u00e9sistance C1018<\/div>\n                \n                <\/div>\n\n            <\/div>\n\n        \n    <\/div>   \n\n<\/div>\n\n","protected":false},"featured_media":1624,"menu_order":4,"template":"","meta":{"_acf_changed":false},"product_cat":[48],"class_list":["post-1491","product","type-product","status-publish","has-post-thumbnail","hentry","product_cat-fil-dacier-recuit"],"acf":[],"_links":{"self":[{"href":"https:\/\/exelfil.com\/fr\/wp-json\/wp\/v2\/product\/1491","targetHints":{"allow":["GET"]}}],"collection":[{"href":"https:\/\/exelfil.com\/fr\/wp-json\/wp\/v2\/product"}],"about":[{"href":"https:\/\/exelfil.com\/fr\/wp-json\/wp\/v2\/types\/product"}],"wp:featuredmedia":[{"embeddable":true,"href":"https:\/\/exelfil.com\/fr\/wp-json\/wp\/v2\/media\/1624"}],"wp:attachment":[{"href":"https:\/\/exelfil.com\/fr\/wp-json\/wp\/v2\/media?parent=1491"}],"wp:term":[{"taxonomy":"product_cat","embeddable":true,"href":"https:\/\/exelfil.com\/fr\/wp-json\/wp\/v2\/product_cat?post=1491"}],"curies":[{"name":"wp","href":"https:\/\/api.w.org\/{rel}","templated":true}]}}