{"id":1237,"date":"2025-06-19T16:46:16","date_gmt":"2025-06-19T15:46:16","guid":{"rendered":"https:\/\/exelfil.com\/equipa\/"},"modified":"2026-01-08T17:23:08","modified_gmt":"2026-01-08T16:23:08","slug":"equipa","status":"publish","type":"page","link":"https:\/\/exelfil.com\/pt-pt\/equipa\/","title":{"rendered":"Equipa"},"content":{"rendered":"\n<div id=\"team-hero-block_22f865828fc357991b514d714737ea6b\" class=\"team-hero-block anti-container\">\n\n    <div class=\"relative h-screen\">\n\n        \n            <img decoding=\"async\" src=\"https:\/\/exelfil.com\/wp-content\/uploads\/2025\/07\/pexels-romario-art-1238178125-22938999-1259x1920.jpg\" alt=\"\" class=\"absolute inset-0 w-full h-full object-cover\">\n\n            <div class=\"bg-linear hidden lg:block absolute inset-0 pointer-events-none z-0\"><\/div>\n\n            \n\n        \n        <div class=\"relative z-1 h-full flex items-center justify-center transition-opacity duration-500 delay-500 \">\n\n            <div class=\"max-w-4xl mx-auto px-10 flex flex-col items-center justify-center transition-opacity duration-100 delay-100\">\n\n                <h1 class=\"title mb-4 transition-top top-0 duration-1000 delay-100 text-center relative\">AS PESSOAS S\u00c3O A CHAVE DA NOSSA ORGANIZA\u00c7\u00c3O<\/h1>\n\n                <img decoding=\"async\" class=\"h-8 sm:h-10 lg:h-12 xl:h-20 3xl:h-24 transition-transform duration-[1.5s] delay-100\" src=\"https:\/\/exelfil.com\/wp-content\/themes\/exelfil\/dist\/img\/icon-smile.svg\" alt=\"an icon of a smile\" >\n\n            <\/div>\n\n        <\/div>\n\n        <div class=\"absolute z-1 bottom-0 left-0 right-0 border-t border-gray py-7 transition-opacity duration-1000 delay-500\">\n\n            <div class=\"px-3 lg:px-11 lg:max-w-sm text-mid-gray leading-tight lg:text-white lg:leading-normal\">\n\n                Atrav\u00e9s da colabora\u00e7\u00e3o e da inova\u00e7\u00e3o cont\u00ednua, garantimos as solu\u00e7\u00f5es mais eficientes para satisfazer as necessidades da ind\u00fastria. \n            <\/div>\n\n        <\/div>\n\n\n\n    <\/div>\n\n<\/div>\n\n\n<div id=\"team-intro-block_bdce107b4889b3a6dbe68111d9d2b2ec\" class=\"team-intro-block\">\n\n    <div class=\"h-screen flex items-center justify-center\">\n\n        <div class=\"max-w-6xl mx-auto px-10 flex flex-col items-center justify-center\">\n            \n            <p class=\"mb-20 lg:mb-0 lg:max-w-md lg:text-center lg:order-[3] text-mid-gray leading-tight lg:text-white lg:leading-normal\">\n\n                Por detr\u00e1s de cada pedido, cada bobina e cada decis\u00e3o, existem pessoas.<br \/>\r\n Uma equipa que trabalha com responsabilidade, experi\u00eancia e respeito pelo trabalho bem feito.<br \/>\r\n Isso \u00e9 o que sustenta a qualidade da Exel Fil.\n            <\/p>\n\n            <img decoding=\"async\" class=\"max-w-xs block mb-4\" src=\"\" alt=\"\" >\n\n            <h1 class=\"title mb-4 text-center\">ENTREGAR O ARAME DA MAIS ALTA QUALIDADE AOS NOSSOS CLIENTES<\/h1>\n\n        <\/div>\n\n    <\/div>\n\n<\/div>\n\n\n<div id=\"team-members-block_f09040329fdcdb08c0162fc250d46659\" class=\"team-members-block lg:border-t lg:border-gray pt-4\">\n\n    <div class=\"px-3 lg:px-11\">\n\n        <h3 class=\"text-2 lg:text-center\">A nossa equipa<\/h3>\n\n        <div class=\"lg:flex mt-12 lg:mt-20\">\n\n    <h2 class=\"lg:w-1\/4 pr-8 text-2 mb-2\">Respons\u00e1veis<\/h2>\n\n    <ul class=\"members-list flex flex-wrap lg:w-3\/4 -mx-1\">\n\n        \n        <li class=\"member-list-item px-1 w-1\/2 lg:w-1\/3 xl:w-1\/4 mb-10 lg:mb-12\">\n\n            <img decoding=\"async\" class=\"w-full aspect-[3\/4] object-top object-cover block mb-2\" src=\"https:\/\/exelfil.com\/wp-content\/uploads\/2025\/12\/Rebeca-Abella-Directora-General.jpg\" alt=\"\">\n\n            <h3 class=\"small leading-tight\">Rebeca Abella<\/h3>\n\n            <div class=\"small leading-tight text-gray\">\n<p>Diretora-Geral<\/p>\n\n        <\/li>\n\n\n        <li class=\"member-list-item px-1 w-1\/2 lg:w-1\/3 xl:w-1\/4 mb-10 lg:mb-12\">\n\n            <img decoding=\"async\" class=\"w-full aspect-[3\/4] object-top object-cover block mb-2\" src=\"https:\/\/exelfil.com\/wp-content\/uploads\/2025\/12\/Josep-Ma-Comas-Responsable-Produccion.jpg\" alt=\"\">\n\n            <h3 class=\"small leading-tight\">Josep M\u00aa Comas<\/h3>\n\n            <div class=\"small leading-tight text-gray\">\n<p>Respons\u00e1vel de Produ\u00e7\u00e3o<\/p>\n\n        <\/li>\n\n\n        <li class=\"member-list-item px-1 w-1\/2 lg:w-1\/3 xl:w-1\/4 mb-10 lg:mb-12\">\n\n            <img decoding=\"async\" class=\"w-full aspect-[3\/4] object-top object-cover block mb-2\" src=\"https:\/\/exelfil.com\/wp-content\/uploads\/2025\/12\/Joan-Fabregas-Responsable-Fabrica-Brillante.jpg\" alt=\"\">\n\n            <h3 class=\"small leading-tight\">Joan F\u00e1bregas<\/h3>\n\n            <div class=\"small leading-tight text-gray\">\n<p>Respons\u00e1vel F\u00e1brica Brilhante<\/p>\n\n        <\/li>\n\n\n        <li class=\"member-list-item px-1 w-1\/2 lg:w-1\/3 xl:w-1\/4 mb-10 lg:mb-12\">\n\n            <img decoding=\"async\" class=\"w-full aspect-[3\/4] object-top object-cover block mb-2\" src=\"https:\/\/exelfil.com\/wp-content\/uploads\/2025\/12\/Yaneira-Patino-Responsable-de-Calidad-y-Sostenibilidad.jpg\" alt=\"\">\n\n            <h3 class=\"small leading-tight\">Yaneira Pati\u00f1o<\/h3>\n\n            <div class=\"small leading-tight text-gray\">\n<p>Respons\u00e1vel de Qualidade e Sustentabilidade<\/p>\n\n        <\/li>\n\n\n        <li class=\"member-list-item px-1 w-1\/2 lg:w-1\/3 xl:w-1\/4 mb-10 lg:mb-12\">\n\n            <img decoding=\"async\" class=\"w-full aspect-[3\/4] object-top object-cover block mb-2\" src=\"https:\/\/exelfil.com\/wp-content\/uploads\/2025\/12\/Eduardo-Quiroga-Responsable-Comercial.jpg\" alt=\"\">\n\n            <h3 class=\"small leading-tight\">Eduardo Quiroga<\/h3>\n\n            <div class=\"small leading-tight text-gray\">\n<p>Respons\u00e1vel Comercial<\/p>\n\n        <\/li>\n\n\n        <li class=\"member-list-item px-1 w-1\/2 lg:w-1\/3 xl:w-1\/4 mb-10 lg:mb-12\">\n\n            <img decoding=\"async\" class=\"w-full aspect-[3\/4] object-top object-cover block mb-2\" src=\"https:\/\/exelfil.com\/wp-content\/uploads\/2025\/12\/Marisa-Plaza-Key-Account-Manager.jpg\" alt=\"\">\n\n            <h3 class=\"small leading-tight\">Marisa Plaza<\/h3>\n\n            <div class=\"small leading-tight text-gray\">\n<p>Key Account Manager<\/p>\n\n        <\/li>\n\n\n        <li class=\"member-list-item px-1 w-1\/2 lg:w-1\/3 xl:w-1\/4 mb-10 lg:mb-12\">\n\n            <img decoding=\"async\" class=\"w-full aspect-[3\/4] object-top object-cover block mb-2\" src=\"https:\/\/exelfil.com\/wp-content\/uploads\/2025\/12\/Josep-Aymerich-Key-Account-Manager.jpg\" alt=\"\">\n\n            <h3 class=\"small leading-tight\">Josep Aymerich<\/h3>\n\n            <div class=\"small leading-tight text-gray\">\n<p>Key Account Manager<\/p>\n\n        <\/li>\n\n\n        <li class=\"member-list-item px-1 w-1\/2 lg:w-1\/3 xl:w-1\/4 mb-10 lg:mb-12\">\n\n            <img decoding=\"async\" class=\"w-full aspect-[3\/4] object-top object-cover block mb-2\" src=\"https:\/\/exelfil.com\/wp-content\/uploads\/2025\/12\/Hasana-Ikhalfi-Responsable-Operaciones.jpg\" alt=\"\">\n\n            <h3 class=\"small leading-tight\">Hasana Ikhalfi<\/h3>\n\n            <div class=\"small leading-tight text-gray\">\n<p>Respons\u00e1vel pela Experi\u00eancia do Cliente e Compras<\/p>\n\n<p><\/p>\n\n        <\/li>\n\n\n        <li class=\"member-list-item px-1 w-1\/2 lg:w-1\/3 xl:w-1\/4 mb-10 lg:mb-12\">\n\n            <img decoding=\"async\" class=\"w-full aspect-[3\/4] object-top object-cover block mb-2\" src=\"https:\/\/exelfil.com\/wp-content\/uploads\/2025\/12\/Xavi-Rios-Responsable-de-Mantenimiento.jpg\" alt=\"\">\n\n            <h3 class=\"small leading-tight\">Xavi R\u00edos<\/h3>\n\n            <div class=\"small leading-tight text-gray\">\n<p>Respons\u00e1vel de Manuten\u00e7\u00e3o<\/p>\n\n        <\/li>\n\n\n        <li class=\"member-list-item px-1 w-1\/2 lg:w-1\/3 xl:w-1\/4 mb-10 lg:mb-12\">\n\n            <img decoding=\"async\" class=\"w-full aspect-[3\/4] object-top object-cover block mb-2\" src=\"https:\/\/exelfil.com\/wp-content\/uploads\/2025\/12\/Eva-Ortiz-Responsable-de-talento.jpg\" alt=\"\">\n\n            <h3 class=\"small leading-tight\">Eva Ortiz<\/h3>\n\n            <div class=\"small leading-tight text-gray\">\n<p>Respons\u00e1vel de Talento<\/p>\n\n<p><\/p>\n\n        <\/li>\n\n\n        <li class=\"member-list-item px-1 w-1\/2 lg:w-1\/3 xl:w-1\/4 mb-10 lg:mb-12\">\n\n            <img decoding=\"async\" class=\"w-full aspect-[3\/4] object-top object-cover block mb-2\" src=\"https:\/\/exelfil.com\/wp-content\/uploads\/2025\/12\/Joan-Farreny-Responsable-Logistica-Exportacion.jpg\" alt=\"\">\n\n            <h3 class=\"small leading-tight\">Joan Farreny<\/h3>\n\n            <div class=\"small leading-tight text-gray\">\n<p>Respons\u00e1vel Log\u00edstica Exporta\u00e7\u00e3o<\/p>\n\n        <\/li>\n\n\n        <li class=\"member-list-item px-1 w-1\/2 lg:w-1\/3 xl:w-1\/4 mb-10 lg:mb-12\">\n\n            <img decoding=\"async\" class=\"w-full aspect-[3\/4] object-top object-cover block mb-2\" src=\"https:\/\/exelfil.com\/wp-content\/uploads\/2025\/12\/Carme-Minguell-Responsable-Administracion-y-Finanzas.jpg\" alt=\"\">\n\n            <h3 class=\"small leading-tight\">Carme Minguell<\/h3>\n\n            <div class=\"small leading-tight text-gray\">\n<p>Respons\u00e1vel Administra\u00e7\u00e3o e Finan\u00e7as<\/p>\n\n        <\/li>\n\n\n        <li class=\"member-list-item px-1 w-1\/2 lg:w-1\/3 xl:w-1\/4 mb-10 lg:mb-12\">\n\n            <img decoding=\"async\" class=\"w-full aspect-[3\/4] object-top object-cover block mb-2\" src=\"https:\/\/exelfil.com\/wp-content\/uploads\/2025\/12\/Antonio-Papamanolis-Responsable-Fabrica-Recocido.jpg\" alt=\"\">\n\n            <h3 class=\"small leading-tight\">Ant\u00f3nio Papamanolis<\/h3>\n\n            <div class=\"small leading-tight text-gray\">\n<p>Respons\u00e1vel F\u00e1brica Recozimento<\/p>\n\n        <\/li>\n\n\n        <li class=\"member-list-item px-1 w-1\/2 lg:w-1\/3 xl:w-1\/4 mb-10 lg:mb-12\">\n\n            <img decoding=\"async\" class=\"w-full aspect-[3\/4] object-top object-cover block mb-2\" src=\"https:\/\/exelfil.com\/wp-content\/uploads\/2025\/12\/Antonio-Alfonso-Responsable-Logistica-Nacional.jpg\" alt=\"\">\n\n            <h3 class=\"small leading-tight\">Ant\u00f3nio Alfonso<\/h3>\n\n            <div class=\"small leading-tight text-gray\">\n<p>Respons\u00e1vel Log\u00edstica Nacional<\/p>\n\n        <\/li>\n\n\n    <\/ul>\n\n<\/div>\n\n\n\n<div class=\"lg:flex mt-12 lg:mt-20\">\n\n    <h2 class=\"lg:w-1\/4 pr-8 text-2 mb-2\">T\u00e9cnicos<\/h2>\n\n    <ul class=\"members-list flex flex-wrap lg:w-3\/4 -mx-1\">\n\n        \n        <li class=\"member-list-item px-1 w-1\/2 lg:w-1\/3 xl:w-1\/4 mb-10 lg:mb-12\">\n\n            <img decoding=\"async\" class=\"w-full aspect-[3\/4] object-top object-cover block mb-2\" src=\"https:\/\/exelfil.com\/wp-content\/uploads\/2025\/12\/Yolanda-Domenech-Tecnica-Ensayos.jpg\" alt=\"\">\n\n            <h3 class=\"small leading-tight\">Yolanda Dom\u00e8nech<\/h3>\n\n            <div class=\"small leading-tight text-gray\">\n<p>T\u00e9cnica Ensaios<\/p>\n\n        <\/li>\n\n\n        <li class=\"member-list-item px-1 w-1\/2 lg:w-1\/3 xl:w-1\/4 mb-10 lg:mb-12\">\n\n            <img decoding=\"async\" class=\"w-full aspect-[3\/4] object-top object-cover block mb-2\" src=\"https:\/\/exelfil.com\/wp-content\/uploads\/2025\/12\/Milbert-Campo-Analista.jpg\" alt=\"\">\n\n            <h3 class=\"small leading-tight\">Milbert Campo<\/h3>\n\n            <div class=\"small leading-tight text-gray\">\n<p>Analista<\/p>\n\n        <\/li>\n\n\n        <li class=\"member-list-item px-1 w-1\/2 lg:w-1\/3 xl:w-1\/4 mb-10 lg:mb-12\">\n\n            <img decoding=\"async\" class=\"w-full aspect-[3\/4] object-top object-cover block mb-2\" src=\"https:\/\/exelfil.com\/wp-content\/uploads\/2025\/12\/Laura-Caumons-Comercial.jpg\" alt=\"\">\n\n            <h3 class=\"small leading-tight\">Laura Caumons<\/h3>\n\n            <div class=\"small leading-tight text-gray\">\n<p>Comercial<\/p>\n\n        <\/li>\n\n\n        <li class=\"member-list-item px-1 w-1\/2 lg:w-1\/3 xl:w-1\/4 mb-10 lg:mb-12\">\n\n            <img decoding=\"async\" class=\"w-full aspect-[3\/4] object-top object-cover block mb-2\" src=\"https:\/\/exelfil.com\/wp-content\/uploads\/2025\/12\/Francesc-Martinez-Comercial.jpg\" alt=\"\">\n\n            <h3 class=\"small leading-tight\">Francesc Martinez<\/h3>\n\n            <div class=\"small leading-tight text-gray\">\n<p>Comercial<\/p>\n\n        <\/li>\n\n\n        <li class=\"member-list-item px-1 w-1\/2 lg:w-1\/3 xl:w-1\/4 mb-10 lg:mb-12\">\n\n            <img decoding=\"async\" class=\"w-full aspect-[3\/4] object-top object-cover block mb-2\" src=\"https:\/\/exelfil.com\/wp-content\/uploads\/2025\/12\/Fatoumata-Signate-BackOffice.jpg\" alt=\"\">\n\n            <h3 class=\"small leading-tight\">Fatoumata Signate<\/h3>\n\n            <div class=\"small leading-tight text-gray\">\n<p>Backoffice<\/p>\n\n        <\/li>\n\n\n        <li class=\"member-list-item px-1 w-1\/2 lg:w-1\/3 xl:w-1\/4 mb-10 lg:mb-12\">\n\n            <img decoding=\"async\" class=\"w-full aspect-[3\/4] object-top object-cover block mb-2\" src=\"https:\/\/exelfil.com\/wp-content\/uploads\/2025\/12\/Carles-Franquesa-Tecnico-Finanzas.jpg\" alt=\"\">\n\n            <h3 class=\"small leading-tight\">Carles Franquesa<\/h3>\n\n            <div class=\"small leading-tight text-gray\">\n<p>T\u00e9cnico de Finan\u00e7as<\/p>\n\n        <\/li>\n\n\n    <\/ul>\n\n<\/div>\n\n\n\n\n    <\/div>\n\n<\/div>","protected":false},"excerpt":{"rendered":"","protected":false},"author":1,"featured_media":0,"parent":0,"menu_order":3,"comment_status":"closed","ping_status":"closed","template":"","meta":{"_acf_changed":false,"footnotes":""},"class_list":["post-1237","page","type-page","status-publish","hentry"],"acf":[],"_links":{"self":[{"href":"https:\/\/exelfil.com\/pt-pt\/wp-json\/wp\/v2\/pages\/1237","targetHints":{"allow":["GET"]}}],"collection":[{"href":"https:\/\/exelfil.com\/pt-pt\/wp-json\/wp\/v2\/pages"}],"about":[{"href":"https:\/\/exelfil.com\/pt-pt\/wp-json\/wp\/v2\/types\/page"}],"author":[{"embeddable":true,"href":"https:\/\/exelfil.com\/pt-pt\/wp-json\/wp\/v2\/users\/1"}],"replies":[{"embeddable":true,"href":"https:\/\/exelfil.com\/pt-pt\/wp-json\/wp\/v2\/comments?post=1237"}],"version-history":[{"count":8,"href":"https:\/\/exelfil.com\/pt-pt\/wp-json\/wp\/v2\/pages\/1237\/revisions"}],"predecessor-version":[{"id":1820,"href":"https:\/\/exelfil.com\/pt-pt\/wp-json\/wp\/v2\/pages\/1237\/revisions\/1820"}],"wp:attachment":[{"href":"https:\/\/exelfil.com\/pt-pt\/wp-json\/wp\/v2\/media?parent=1237"}],"curies":[{"name":"wp","href":"https:\/\/api.w.org\/{rel}","templated":true}]}}