{"id":1245,"date":"2023-04-06T17:49:22","date_gmt":"2023-04-06T16:49:22","guid":{"rendered":"https:\/\/exelfil.com\/inicio\/"},"modified":"2025-12-22T15:58:29","modified_gmt":"2025-12-22T14:58:29","slug":"inicio","status":"publish","type":"page","link":"https:\/\/exelfil.com\/pt-pt\/","title":{"rendered":"In\u00edcio"},"content":{"rendered":"    \n<div id=\"hero-block_85a2771daed4644ded172c19cc100a46\" class=\"hero-block relative z-1\">\n\n    <div class=\"relative h-screen\">\n        \n        <div class=\"carousel h-full hero-carousel\">\n        \n            \n                <div class=\"slide h-full\">\n\n                    <div class=\"relative h-full\">\n\n                        <img decoding=\"async\" class=\"w-full h-full object-cover opacity-[30%]\" src=\"https:\/\/exelfil.com\/wp-content\/uploads\/2025\/06\/CULTURA-2-1920x1281.jpg\" alt=\"\">\n\n                        <div class=\"absolute z-0 top-[30vh] lg:top-28 left-5 right-5 lg:left-11 lg:right-11 flex lg:block flex-col justify-center\">\n\n                            <h1 class=\"mb-6 font-sans title text-center lg:text-left max-w-5xl px-4 lg:px-0\">ARAME BRILHANTE E ARAME RECOZIDO DESDE 1994<\/h1>\n\n                                                            \n                                <a class=\"hero-button self-center\" href=\"https:\/\/exelfil.com\/equipo\/\" target=\"_self\">Mais sobre n\u00f3s<\/a>\n                            \n                                                        \n                        <\/div>\n\n                    <\/div>\n\n                <\/div>\n\n            \n                <div class=\"slide h-full\">\n\n                    <div class=\"relative h-full\">\n\n                        <img decoding=\"async\" class=\"w-full h-full object-cover opacity-[30%]\" src=\"https:\/\/exelfil.com\/wp-content\/uploads\/2025\/06\/HISTORIA-2-1920x1280.jpg\" alt=\"\">\n\n                        <div class=\"absolute z-0 top-[30vh] lg:top-28 left-5 right-5 lg:left-11 lg:right-11 flex lg:block flex-col justify-center\">\n\n                            <h1 class=\"mb-6 font-sans title text-center lg:text-left max-w-5xl px-4 lg:px-0\">Um Compromisso Brilhante com o Futuro.<\/h1>\n\n                                                            \n                                <a class=\"hero-button self-center\" href=\"https:\/\/exelfil.com\/ecosystem\/sostenibilidad\/\" target=\"_self\">Mais sobre sustentabilidade<\/a>\n                            \n                                                        \n                        <\/div>\n\n                    <\/div>\n\n                <\/div>\n\n            \n                <div class=\"slide h-full\">\n\n                    <div class=\"relative h-full\">\n\n                        <img decoding=\"async\" class=\"w-full h-full object-cover opacity-[30%]\" src=\"https:\/\/exelfil.com\/wp-content\/uploads\/2025\/06\/DETALLE-PRODUCTO.png\" alt=\"\">\n\n                        <div class=\"absolute z-0 top-[30vh] lg:top-28 left-5 right-5 lg:left-11 lg:right-11 flex lg:block flex-col justify-center\">\n\n                            <h1 class=\"mb-6 font-sans title text-center lg:text-left max-w-5xl px-4 lg:px-0\">Embalagem Sustent\u00e1vel, contribuindo para a economia circular.<\/h1>\n\n                                                            \n                                <a class=\"hero-button self-center\" href=\"https:\/\/exelfil.com\/ecosystem\/logistica\/\" target=\"_self\">Mais sobre log\u00edstica<\/a>\n                            \n                                                        \n                        <\/div>\n\n                    <\/div>\n\n                <\/div>\n\n            \n        <\/div>\n\n        \n            <div class=\"lg:hidden absolute bottom-14 left-0 right-0 flex justify-center \">\n                <img decoding=\"async\" class=\"block h-20 w-auto\" src=\"https:\/\/exelfil.com\/wp-content\/uploads\/2025\/12\/ALAMBRE-DE-ACERO-doble-1280x394.png\" alt=\"\"> \n            <\/div>\n\n        \n    <\/div>\n\n    \n    <div class=\"js-home-hero-bottom lg:absolute lg:z-0 bottom-0 left-0 w-full overflow-hidden lg:border-t border-light-gray pt-6 pb-10\">\n\n        <div class=\"bg-linear hidden lg:block absolute inset-0 pointer-events-none z-0\"><\/div>\n        \n        <div class=\"px-2 5 lg:px-10\">\n\n            <div class=\"lg:flex justify-between\">\n\n                                \n                    <ul class=\"hero-text-carousel font-sans lg:w-3\/4\">\n\n                        \n                            <li class=\"lg:px-4 mb-10 lg:mb-0\">\n\n                                <h2 class=\"text-2xl mb-4 leading-tighter text-white\">Arame brilhante e recozido \u00e0 medida<\/h2>\n                                \n                                <p class=\"text-sm leading-tight text-mid-gray\"><p><b>Arame brilhante e recozido \u00e0 medida<\/b><\/p>\n<p><b><\/b><b>Servi\u00e7o personalizado para cada cliente<\/b><span style=\"font-weight: 400;\"><br \/>\n<\/span><span style=\"font-weight: 400;\">Na <\/span><b>Exel Fil<\/b><span style=\"font-weight: 400;\"> somos especialistas no <\/span><b>fabrico de arame de a\u00e7o brilhante e recozido<\/b><span style=\"font-weight: 400;\"> adaptado \u00e0s necessidades espec\u00edficas de cada ind\u00fastria.<\/span><span style=\"font-weight: 400;\"><br \/>\n<\/span><span style=\"font-weight: 400;\">Personalizamos o <\/span><b>di\u00e2metro, resist\u00eancia, alongamento, peso, acabamento e tipo de bobina<\/b><span style=\"font-weight: 400;\">, garantindo que cada produto cumpra os <\/span><b>requisitos t\u00e9cnicos e de qualidade<\/b><span style=\"font-weight: 400;\"> mais exigentes.<\/span><span style=\"font-weight: 400;\"><br \/>\n<\/span><span style=\"font-weight: 400;\">O nosso processo flex\u00edvel permite-nos oferecer um <\/span><b>arame \u00e0 medida<\/b><span style=\"font-weight: 400;\">, otimizado para o desempenho e a durabilidade em cada aplica\u00e7\u00e3o.<\/span><\/p>\n<\/p>\n\n                            <\/li>\n\n                        \n                            <li class=\"lg:px-4 mb-10 lg:mb-0\">\n\n                                <h2 class=\"text-2xl mb-4 leading-tighter text-white\">Produ\u00e7\u00e3o r\u00e1pida e eficiente<\/h2>\n                                \n                                <p class=\"text-sm leading-tight text-mid-gray\"><p><b>Entrega \u00e1gil e cont\u00ednua<\/b><\/p>\n<p><span style=\"font-weight: 400;\">Gra\u00e7as a uma <\/span><b>tecnologia avan\u00e7ada<\/b><span style=\"font-weight: 400;\"> e a um sistema de <\/span><b>produ\u00e7\u00e3o 24\/7<\/b><span style=\"font-weight: 400;\">, na Exel Fil asseguramos os <\/span><b>prazos de entrega mais competitivos<\/b><span style=\"font-weight: 400;\"> do setor.<\/span><span style=\"font-weight: 400;\"><br \/>\n<\/span><span style=\"font-weight: 400;\">A nossa experi\u00eancia e controlo integral do fabrico permitem-nos <\/span><b>responder com rapidez a qualquer urg\u00eancia de fornecimento<\/b><span style=\"font-weight: 400;\">, mantendo-nos como <\/span><b>refer\u00eancia na produ\u00e7\u00e3o de arame de a\u00e7o na Europa<\/b><span style=\"font-weight: 400;\">.<\/span><\/p>\n<\/p>\n\n                            <\/li>\n\n                        \n                            <li class=\"lg:px-4 mb-10 lg:mb-0\">\n\n                                <h2 class=\"text-2xl mb-4 leading-tighter text-white\">Garantia de qualidade<\/h2>\n                                \n                                <p class=\"text-sm leading-tight text-mid-gray\"><p><b>Ensaios certificados e controlo total<\/b><\/p>\n<p><span style=\"font-weight: 400;\">Contamos com um <\/span><b>laborat\u00f3rio pr\u00f3prio de ensaios mec\u00e2nicos<\/b><span style=\"font-weight: 400;\"> que realiza testes de <\/span><b>tra\u00e7\u00e3o e resist\u00eancia \u00e0 temperatura ambiente<\/b><span style=\"font-weight: 400;\"> em cada lote de produ\u00e7\u00e3o.<\/span><span style=\"font-weight: 400;\"><br \/>\n<\/span><span style=\"font-weight: 400;\">O nosso laborat\u00f3rio est\u00e1 em processo de acredita\u00e7\u00e3o pela <\/span><b>ENAC<\/b><span style=\"font-weight: 400;\"> segundo a norma <\/span><b>UNE-EN ISO\/IEC 17025<\/b><span style=\"font-weight: 400;\">, garantindo a <\/span><b>m\u00e1xima precis\u00e3o e rastreabilidade<\/b><span style=\"font-weight: 400;\"> nos resultados.<\/span><span style=\"font-weight: 400;\"><br \/>\n<\/span><span style=\"font-weight: 400;\">Esta metodologia permite-nos oferecer um <\/span><b>arame de a\u00e7o com qualidade certificada<\/b><span style=\"font-weight: 400;\">, cumprindo as <\/span><b>propriedades mec\u00e2nicas e requisitos t\u00e9cnicos internacionais<\/b><span style=\"font-weight: 400;\"> em todos os nossos fornecimentos.<\/span><\/p>\n<\/p>\n\n                            <\/li>\n\n                        \n                            <li class=\"lg:px-4 mb-10 lg:mb-0\">\n\n                                <h2 class=\"text-2xl mb-4 leading-tighter text-white\">Certifica\u00e7\u00f5es e compromisso com a sustentabilidade<\/h2>\n                                \n                                <p class=\"text-sm leading-tight text-mid-gray\"><p><span style=\"font-weight: 400;\">Na Exel Fil trabalhamos sob um sistema de gest\u00e3o integral certificado, que reflete o nosso compromisso com a qualidade, a seguran\u00e7a e o meio ambiente.<\/span><span style=\"font-weight: 400;\"><br \/>\n<\/span><span style=\"font-weight: 400;\">Contamos com as seguintes certifica\u00e7\u00f5es ISO:<br \/>\n<\/span><span style=\"font-weight: 400;\">ISO 9001 \u2013 Gest\u00e3o da qualidade<br \/>\n<\/span><span style=\"font-weight: 400;\">ISO 14001 \u2013 Gest\u00e3o ambiental<br \/>\n<\/span><span style=\"font-weight: 400;\">ISO 14064-1 \u2013 Pegada de carbono e gest\u00e3o de emiss\u00f5es<br \/>\n<\/span><span style=\"font-weight: 400;\">ISO 45001 \u2013 Seguran\u00e7a e sa\u00fade no trabalho<br \/>\n<\/span><span style=\"font-weight: 400;\">ISO 50001 \u2013 Efici\u00eancia energ\u00e9tica<br \/>\n<\/span><span style=\"font-weight: 400;\">Estas certifica\u00e7\u00f5es avalizam a nossa excel\u00eancia operacional e sustentabilidade industrial, garantindo aos nossos clientes produtos fi\u00e1veis, processos seguros e uma produ\u00e7\u00e3o respons\u00e1vel com o ambiente.<\/span><\/p>\n<\/p>\n\n                            <\/li>\n\n                        \n                    <\/ul>\n\n                \n                \n                    <div class=\"w-1\/4 hidden lg:flex justify-end \">\n                        <img decoding=\"async\" class=\"block h-20 lg:h-28 w-auto object-contain object-top\" src=\"https:\/\/exelfil.com\/wp-content\/uploads\/2025\/12\/ALAMBRE-DE-ACERO-doble-1280x394.png\" alt=\"\"> \n                    <\/div>\n\n                \n\n\n            <\/div>\n\n                            \n                <a class=\"hero-button hidden lg:inline-block mt-3 relative z-1\" href=\"#nf-form-1-cont\" target=\"_self\">Quero contactar<\/a>\n            \n            \n\n        <\/div>\n\n    <\/div>\n\n<\/div>\n\n\n    <div id=\"products-block_dc6f119877e2129eb0960a6db8fbbc15\" class=\"products-block lg:border-t border-gray lg:pt-4 mb-24 lg:mb-44\">\n\n            <h3 class=\"mb-10 lg:mb-16 container block-title font-sans text-white text-base lg:text-2xl\">Produtos<\/h3>\n\n        <ul class=\"products-carousel\">\n                    \n            \n<li class=\"product-list-item px-2 transition-opacity duration-300 cursor-pointer js-product-list-item\">\n\n    <div class=\"p-4 bg-dark-gray w-full lg:w-[39.5vw]\" >\n\n        <div class=\"top bg-off-black p-4 mb-16\">\n\n            <h3 class=\"text-3xl text-gray mb-6 font-sans-2 leading-tighter\">\n                \n                <span class=\"block text-white uppercase text-4xl font-sans\">Alambre de acero<\/span>\n\n                (Brillante)        \n            <\/h3>\n\n            <div class=\"flex justify-center -mb-16\">\n\n                <img decoding=\"async\" src=\"https:\/\/exelfil.com\/wp-content\/uploads\/2025\/06\/ALAMBRE-DE-ACERO-BRILLANTE-EN-BOBINA.png\" alt=\"\" class=\"h-[224px] lg:h-[310px]\">\n\n            <\/div>\n\n        <\/div>\n\n        <div class=\"px-6 lg:px-10 min-h-[160px] lg:min-h-[190px]\">\n\n            <div class=\"mb0 text-white opacity-50 font-sans-2 text-base lg:text-xl text-center leading-tight max-w-md mx-auto\"><p>Fabricado a trav\u00e9s de procesos de trefilado de precisi\u00f3n, este producto no solo destaca por su acabado luminoso y est\u00e9ticamente agradable, sino tambi\u00e9n por su durabilidad y resistencia.<\/p>\n<\/div>\n\n        <\/div>\n\n        <div class=\"flex justify-center mb-6 lg:mb-20\">\n\n            <a class=\"button red block z-0 small\" href=\"https:\/\/exelfil.com\/product_cat\/alambre-de-acero-brillante\/\">+<\/a>\n\n        <\/div>\n\n    <\/div>\n\n<\/li>\n\n\n            \n<li class=\"product-list-item px-1 transition-opacity duration-300 cursor-pointer js-product-list-item\">\n\n    <div class=\"p-4 bg-dark-gray w-full lg:w-[39.5vw]\" >\n\n        <div class=\"top bg-off-black p-4 mb-16\">\n\n            <h3 class=\"text-3xl text-gray mb-6 font-sans-2 leading-tighter\">\n                \n                <span class=\"block text-white uppercase text-4xl font-sans\">Arame de a\u00e7o<\/span>\n\n                (Recolha)        \n            <\/h3>\n\n            <div class=\"flex justify-center -mb-16\">\n\n                <img decoding=\"async\" src=\"https:\/\/exelfil.com\/wp-content\/uploads\/2025\/07\/PICK-UP-TRIMMED.png\" alt=\"Recolha\" class=\"h-[224px] lg:h-[310px]\">\n\n            <\/div>\n\n        <\/div>\n\n        <div class=\"px-6 lg:px-10 min-h-[160px] lg:min-h-[190px]\">\n\n            <p class=\"mb0 text-white opacity-50 font-sans-2 text-base lg:text-xl text-center leading-tight max-w-md mx-auto\">Arame recozido para prensas autom\u00e1ticas, para embalar papel, cart\u00e3o, pl\u00e1stico e RSU, com atado autom\u00e1tico. Arame estirado segundo a norma EN-16120\/2. <\/p>\n\n        <\/div>\n\n        <div class=\"flex justify-center mb-6 lg:mb-20\">\n\n            <a class=\"button red block z-0 small\" href=\"https:\/\/exelfil.com\/pt-pt\/product\/aco-recozido-recolha\/\">+<\/a>\n\n        <\/div>\n\n    <\/div>\n\n<\/li>\n<li class=\"product-list-item px-1 transition-opacity duration-300 cursor-pointer js-product-list-item\">\n\n    <div class=\"p-4 bg-dark-gray w-full lg:w-[39.5vw]\" >\n\n        <div class=\"top bg-off-black p-4 mb-16\">\n\n            <h3 class=\"text-3xl text-gray mb-6 font-sans-2 leading-tighter\">\n                \n                <span class=\"block text-white uppercase text-4xl font-sans\">Arame de a\u00e7o<\/span>\n\n                (Recozido)        \n            <\/h3>\n\n            <div class=\"flex justify-center -mb-16\">\n\n                <img decoding=\"async\" src=\"https:\/\/exelfil.com\/wp-content\/uploads\/2025\/06\/Home_producte2-des.png\" alt=\"\" class=\"h-[224px] lg:h-[310px]\">\n\n            <\/div>\n\n        <\/div>\n\n        <div class=\"px-6 lg:px-10 min-h-[160px] lg:min-h-[190px]\">\n\n            <p class=\"mb0 text-white opacity-50 font-sans-2 text-base lg:text-xl text-center leading-tight max-w-md mx-auto\">O arame recozido para prensas da Exelfil \u00e9 a solu\u00e7\u00e3o ideal para aplica\u00e7\u00f5es de prensagem e embalagem, oferecendo resist\u00eancia, flexibilidade e durabilidade inigual\u00e1veis.<\/p>\n\n        <\/div>\n\n        <div class=\"flex justify-center mb-6 lg:mb-20\">\n\n            <a class=\"button red block z-0 small\" href=\"https:\/\/exelfil.com\/pt-pt\/product\/aco-recozido-bobina\/\">+<\/a>\n\n        <\/div>\n\n    <\/div>\n\n<\/li>\n        <\/ul>\n\n    <\/div>\n\n\n<div id=\"applications-block_b5a2de6b05aa55246302fe5dd1d6db06\" class=\"applications-block overflowed\">\n\n        <h3 class=\"mb-10 lg:mb-16 container block-title font-sans text-white text-base lg:text-2xl\">Aplica\u00e7\u00f5es<\/h3>\n        \n    <div class=\"applications-carousel\">\n    \n        \n            <div class=\"slide h-full\">\n\n                <div class=\"px-1\">\n                \n                    <img decoding=\"async\" class=\"aspect-[3\/4] object-cover w-full h-full block mb-1 transition-opacity opacity-75 hover:opacity-100 duration-100\" src=\"https:\/\/exelfil.com\/wp-content\/uploads\/2025\/06\/WhatsApp-Image-2024-06-07-at-13.28.26.png\" alt=\"\">\n                    <div class=\"text-gray font-sans-2 text-base lg:text-xl\">Ind\u00fastria<\/div>\n                    <div class=\"text-white text-2\"><\/div>\n                \n                <\/div>\n\n            <\/div>\n\n        \n            <div class=\"slide h-full\">\n\n                <div class=\"px-1\">\n                \n                    <img decoding=\"async\" class=\"aspect-[3\/4] object-cover w-full h-full block mb-1 transition-opacity opacity-75 hover:opacity-100 duration-100\" src=\"https:\/\/exelfil.com\/wp-content\/uploads\/2025\/06\/pexels-igor-starkov-233202-1117452.png\" alt=\"\">\n                    <div class=\"text-gray font-sans-2 text-base lg:text-xl\">Constru\u00e7\u00e3o<\/div>\n                    <div class=\"text-white text-2\"><\/div>\n                \n                <\/div>\n\n            <\/div>\n\n        \n            <div class=\"slide h-full\">\n\n                <div class=\"px-1\">\n                \n                    <img decoding=\"async\" class=\"aspect-[3\/4] object-cover w-full h-full block mb-1 transition-opacity opacity-75 hover:opacity-100 duration-100\" src=\"https:\/\/exelfil.com\/wp-content\/uploads\/2025\/06\/pexels-nc-farm-bureau-mark-8428969.png\" alt=\"\">\n                    <div class=\"text-gray font-sans-2 text-base lg:text-xl\">Agricultura<\/div>\n                    <div class=\"text-white text-2\"><\/div>\n                \n                <\/div>\n\n            <\/div>\n\n        \n            <div class=\"slide h-full\">\n\n                <div class=\"px-1\">\n                \n                    <img decoding=\"async\" class=\"aspect-[3\/4] object-cover w-full h-full block mb-1 transition-opacity opacity-75 hover:opacity-100 duration-100\" src=\"https:\/\/exelfil.com\/wp-content\/uploads\/2025\/06\/pexels-apasaric-356286.png\" alt=\"\">\n                    <div class=\"text-gray font-sans-2 text-base lg:text-xl\">Arquitetura<\/div>\n                    <div class=\"text-white text-2\"><\/div>\n                \n                <\/div>\n\n            <\/div>\n\n        \n    <\/div>   \n\n<\/div>\n\n\n<div id=\"ecosistema-block_603fa47018ec3df6e3b5c34111e26814\" class=\"ecosistema-block js-home-ecosistema-block lg:border-t border-gray lg:pt-4 px-1 lg:px-11\">\n\n        <h3 class=\"mb-10 lg:mb-16 container block-title font-sans text-white text-base lg:text-2xl\">Ecossistema<\/h3>\n\n    <ul class=\"ecosystem-carousel lg-accordion lg:flex w-full\">\n\t\t\t\t\n\t\t\n<li class=\"ecosystem-item px-1 flex-basis-[10%] flex-grow-0 accordion-item h-[70vh] lg:h-[520px] transition-width duration-500  expanded\">\n\n    <div class=\"h-full accordion-content\" >\n\n        <div class=\"inner h-full\">\n\n\t\t\t<div class=\"h-full relative\">\n\n                <a class=\"absolute inset-0 h-full z-0 accordion-title flex flex-col justify-between h-full lg:p-8\" href=\"https:\/\/exelfil.com\/pt-pt\/ecosystem\/sustentabilidade\/\">\n\n                    <img decoding=\"async\" src=\"https:\/\/exelfil.com\/wp-content\/uploads\/2025\/06\/pexels-freestockpro-1227513-1280x852.jpg\" alt=\"\" class=\"absolute z-0 h-full w-full inset-0 object-cover \">\n\n                    <div class=\"black-overlay\"><\/div>\n\n                    <div class=\"relative z-1 flex flex-col h-full justify-between py-5 px-6 lg:pt-20 lg:pl-20 overflow-hidden transition-opacity duration-300 lg:opacity-0 inner-content\">\n\n                        <div class=\"top text-white mb-8\">\n\n                            <h3 class=\"mb-4 block uppercase text-4xl font-sans leading-tighter\">Sustentabilidade <\/h3>\n\n                            <p class=\"mb0 text-white opacity-75 max-w-md font-sans-2 text-base lg:text-xl leading-tight\">Entendemos que a excel\u00eancia n\u00e3o se mede apenas pela qualidade dos nossos produtos, mas tamb\u00e9m pelo nosso impacto no mundo. Por isso, a sustentabilidade \u00e9 um eixo fundamental do nosso prop\u00f3sito empresarial. <\/p>\n\n                        <\/div>\n\n                        <div class=\"flex justify-center bottom\">\n\n                            <span class=\"button red block z-0 small\">+<\/span>\n\n                        <\/div>\n\n                    <\/div> \n\n                <\/a>\n\n            <\/div>\n\n        <\/div>\n\n    <\/div>\n\n<\/li>\n<li class=\"ecosystem-item px-1 flex-basis-[10%] flex-grow-0 accordion-item h-[70vh] lg:h-[520px] transition-width duration-500 \">\n\n    <div class=\"h-full accordion-content\" >\n\n        <div class=\"inner h-full\">\n\n\t\t\t<div class=\"h-full relative\">\n\n                <a class=\"absolute inset-0 h-full z-0 accordion-title flex flex-col justify-between h-full lg:p-8\" href=\"https:\/\/exelfil.com\/pt-pt\/ecosystem\/logistica\/\">\n\n                    <img decoding=\"async\" src=\"https:\/\/exelfil.com\/wp-content\/uploads\/2025\/06\/pexels-maksgelatin-9871879-1280x959.jpg\" alt=\"\" class=\"absolute z-0 h-full w-full inset-0 object-cover \">\n\n                    <div class=\"black-overlay\"><\/div>\n\n                    <div class=\"relative z-1 flex flex-col h-full justify-between py-5 px-6 lg:pt-20 lg:pl-20 overflow-hidden transition-opacity duration-300 lg:opacity-0 inner-content\">\n\n                        <div class=\"top text-white mb-8\">\n\n                            <h3 class=\"mb-4 block uppercase text-4xl font-sans leading-tighter\">Log\u00edstica <\/h3>\n\n                            <p class=\"mb0 text-white opacity-75 max-w-md font-sans-2 text-base lg:text-xl leading-tight\">Na Exelfil, a efici\u00eancia e a excel\u00eancia unem-se para fornecer arame de alta qualidade da forma mais eficiente e sustent\u00e1vel. Assim, os nossos esfor\u00e7os na otimiza\u00e7\u00e3o de processos melhoram tanto o servi\u00e7o ao cliente como o nosso compromisso com um futuro mais sustent\u00e1vel. <\/p>\n\n                        <\/div>\n\n                        <div class=\"flex justify-center bottom\">\n\n                            <span class=\"button red block z-0 small\">+<\/span>\n\n                        <\/div>\n\n                    <\/div> \n\n                <\/a>\n\n            <\/div>\n\n        <\/div>\n\n    <\/div>\n\n<\/li>\n<li class=\"ecosystem-item px-1 flex-basis-[10%] flex-grow-0 accordion-item h-[70vh] lg:h-[520px] transition-width duration-500 \">\n\n    <div class=\"h-full accordion-content\" >\n\n        <div class=\"inner h-full\">\n\n\t\t\t<div class=\"h-full relative\">\n\n                <a class=\"absolute inset-0 h-full z-0 accordion-title flex flex-col justify-between h-full lg:p-8\" href=\"https:\/\/exelfil.com\/pt-pt\/ecosystem\/qualidade\/\">\n\n                    <img decoding=\"async\" src=\"https:\/\/exelfil.com\/wp-content\/uploads\/2025\/06\/CALIDAD-1280x720.jpg\" alt=\"\" class=\"absolute z-0 h-full w-full inset-0 object-cover \">\n\n                    <div class=\"black-overlay\"><\/div>\n\n                    <div class=\"relative z-1 flex flex-col h-full justify-between py-5 px-6 lg:pt-20 lg:pl-20 overflow-hidden transition-opacity duration-300 lg:opacity-0 inner-content\">\n\n                        <div class=\"top text-white mb-8\">\n\n                            <h3 class=\"mb-4 block uppercase text-4xl font-sans leading-tighter\">Qualidade <\/h3>\n\n                            <p class=\"mb0 text-white opacity-75 max-w-md font-sans-2 text-base lg:text-xl leading-tight\">Asseguramos a qualidade e as especifica\u00e7\u00f5es dos nossos clientes, tanto da mat\u00e9ria-prima como do nosso arame trefilado. <\/p>\n\n                        <\/div>\n\n                        <div class=\"flex justify-center bottom\">\n\n                            <span class=\"button red block z-0 small\">+<\/span>\n\n                        <\/div>\n\n                    <\/div> \n\n                <\/a>\n\n            <\/div>\n\n        <\/div>\n\n    <\/div>\n\n<\/li>\n    <\/ul>\n\n<\/div>\n\n","protected":false},"excerpt":{"rendered":"","protected":false},"author":1,"featured_media":0,"parent":0,"menu_order":0,"comment_status":"closed","ping_status":"closed","template":"","meta":{"_acf_changed":false,"footnotes":""},"class_list":["post-1245","page","type-page","status-publish","hentry"],"acf":[],"_links":{"self":[{"href":"https:\/\/exelfil.com\/pt-pt\/wp-json\/wp\/v2\/pages\/1245","targetHints":{"allow":["GET"]}}],"collection":[{"href":"https:\/\/exelfil.com\/pt-pt\/wp-json\/wp\/v2\/pages"}],"about":[{"href":"https:\/\/exelfil.com\/pt-pt\/wp-json\/wp\/v2\/types\/page"}],"author":[{"embeddable":true,"href":"https:\/\/exelfil.com\/pt-pt\/wp-json\/wp\/v2\/users\/1"}],"replies":[{"embeddable":true,"href":"https:\/\/exelfil.com\/pt-pt\/wp-json\/wp\/v2\/comments?post=1245"}],"version-history":[{"count":4,"href":"https:\/\/exelfil.com\/pt-pt\/wp-json\/wp\/v2\/pages\/1245\/revisions"}],"predecessor-version":[{"id":1755,"href":"https:\/\/exelfil.com\/pt-pt\/wp-json\/wp\/v2\/pages\/1245\/revisions\/1755"}],"wp:attachment":[{"href":"https:\/\/exelfil.com\/pt-pt\/wp-json\/wp\/v2\/media?parent=1245"}],"curies":[{"name":"wp","href":"https:\/\/api.w.org\/{rel}","templated":true}]}}