{"id":1254,"date":"2025-11-14T10:30:00","date_gmt":"2025-11-14T09:30:00","guid":{"rendered":"https:\/\/exelfil.com\/cultura\/"},"modified":"2025-12-22T12:21:32","modified_gmt":"2025-12-22T11:21:32","slug":"cultura","status":"publish","type":"page","link":"https:\/\/exelfil.com\/pt-pt\/cultura\/","title":{"rendered":"Cultura"},"content":{"rendered":"\n<div class=\"wp-block-group is-layout-constrained wp-block-group-is-layout-constrained\">\n<div class=\"wp-block-cover\" style=\"min-height:100vh;aspect-ratio:unset;\"><img loading=\"lazy\" decoding=\"async\" width=\"6000\" height=\"4004\" class=\"wp-block-cover__image-background wp-image-258 size-full\" alt=\"\" src=\"https:\/\/exelfil.com\/wp-content\/uploads\/2025\/07\/CULTURA-2.jpg\" data-object-fit=\"cover\" srcset=\"https:\/\/exelfil.com\/wp-content\/uploads\/2025\/07\/CULTURA-2.jpg 6000w, https:\/\/exelfil.com\/wp-content\/uploads\/2025\/07\/CULTURA-2-1280x854.jpg 1280w, https:\/\/exelfil.com\/wp-content\/uploads\/2025\/07\/CULTURA-2-1920x1281.jpg 1920w\" sizes=\"auto, (max-width: 6000px) 100vw, 6000px\" \/><span aria-hidden=\"true\" class=\"wp-block-cover__background has-black-background-color has-background-dim-70 has-background-dim\"><\/span><div class=\"wp-block-cover__inner-container is-layout-constrained wp-block-cover-is-layout-constrained\">\n<h2 class=\"wp-block-heading has-text-align-center has-white-color has-text-color has-link-color has-large-font-size wp-elements-e6845f5ec536d45de648778acfa4a6c7\">Cultura<\/h2>\n\n\n\n<p class=\"has-text-align-center has-white-color has-text-color has-link-color has-medium-font-size wp-elements-9c602a3d22e6e440f0748adc79eb73e4\">Trabalhamos para que clientes, <br\/>fornecedores e equipa sintam confian\u00e7a, <br\/>respeito e profissionalismo em cada passo.<\/p>\n<\/div><\/div>\n<\/div>\n\n<div style=\"height:200px\" aria-hidden=\"true\" class=\"wp-block-spacer\"><\/div>\n\n<div class=\"wp-block-columns is-layout-flex wp-container-core-columns-is-layout-28f84493 wp-block-columns-is-layout-flex\">\n<div class=\"wp-block-column is-vertically-aligned-center is-layout-flow wp-block-column-is-layout-flow\">\n<figure class=\"wp-block-image alignright size-full is-resized\"><img loading=\"lazy\" decoding=\"async\" width=\"3266\" height=\"2177\" src=\"https:\/\/exelfil.com\/wp-content\/uploads\/2025\/07\/REA8970-color.jpg\" alt=\"\" class=\"wp-image-527\" style=\"aspect-ratio:3\/2;object-fit:cover;width:500px\" srcset=\"https:\/\/exelfil.com\/wp-content\/uploads\/2025\/07\/REA8970-color.jpg 3266w, https:\/\/exelfil.com\/wp-content\/uploads\/2025\/07\/REA8970-color-1280x853.jpg 1280w, https:\/\/exelfil.com\/wp-content\/uploads\/2025\/07\/REA8970-color-1920x1280.jpg 1920w\" sizes=\"auto, (max-width: 3266px) 100vw, 3266px\" \/><\/figure>\n<\/div>\n\n\n\n<div class=\"wp-block-column is-vertically-aligned-center is-layout-flow wp-block-column-is-layout-flow\">\n<div class=\"wp-block-group is-layout-constrained wp-block-group-is-layout-constrained\">\n<p class=\"has-white-color has-text-color has-link-color has-large-font-size wp-elements-4e480b27b5e48e096b5d7e884c27a1bb\">Autenticidade, inova\u00e7\u00e3o e excel\u00eancia<\/p>\n\n\n\n<p class=\"has-gray-color has-text-color has-link-color has-large-font-size wp-elements-1c8c58eff0e95ca7598f5ac23cc6a8b1\">Na Exel Fil, acreditamos em fazer as coisas de forma honesta, simples e bem feitas. Apostamos na inova\u00e7\u00e3o constante para melhorar os nossos processos, produtos e servi\u00e7o. A excel\u00eancia n\u00e3o \u00e9 um objetivo final, \u00e9 uma forma de trabalhar todos os dias: com rigor, responsabilidade e respeito pelas pessoas e pelo que fazemos.  <br\/><\/p>\n<\/div>\n<\/div>\n<\/div>\n\n<div style=\"height:200px\" aria-hidden=\"true\" class=\"wp-block-spacer\"><\/div>\n\n<div class=\"wp-block-columns is-layout-flex wp-container-core-columns-is-layout-28f84493 wp-block-columns-is-layout-flex\">\n<div class=\"wp-block-column is-vertically-aligned-center is-layout-flow wp-block-column-is-layout-flow\">\n<div class=\"wp-block-group is-layout-constrained wp-block-group-is-layout-constrained\">\n<p class=\"has-white-color has-text-color has-link-color has-large-font-size wp-elements-b3007934fbc28ee3ac89996d61a155b3\"><strong>Prop\u00f3sito<\/strong><\/p>\n\n\n\n<p class=\"has-gray-color has-text-color has-link-color has-large-font-size wp-elements-ffc91c0476d27021a06335af2562a4bc\">Todos merecemos o melhor: produtos bem feitos, um tratamento humano e oportunidades para crescer.<br\/>O nosso prop\u00f3sito \u00e9 acrescentar valor real com solu\u00e7\u00f5es de arame honestas, eficientes e respons\u00e1veis.<br\/>Trabalhamos para que clientes, fornecedores e equipa sintam confian\u00e7a, respeito e profissionalismo em cada passo.<br\/><\/p>\n<\/div>\n<\/div>\n\n\n\n<div class=\"wp-block-column is-vertically-aligned-center is-layout-flow wp-block-column-is-layout-flow\">\n<figure class=\"wp-block-image aligncenter size-full\"><img loading=\"lazy\" decoding=\"async\" width=\"651\" height=\"526\" src=\"https:\/\/exelfil.com\/wp-content\/uploads\/2025\/11\/Imagen2.jpg\" alt=\"\" class=\"wp-image-452\"\/><\/figure>\n<\/div>\n<\/div>\n\n<div style=\"height:200px\" aria-hidden=\"true\" class=\"wp-block-spacer\"><\/div>\n\n<div class=\"wp-block-columns is-layout-flex wp-container-core-columns-is-layout-28f84493 wp-block-columns-is-layout-flex\">\n<div class=\"wp-block-column is-vertically-aligned-center is-layout-flow wp-block-column-is-layout-flow\">\n<figure class=\"wp-block-image aligncenter size-full\"><img loading=\"lazy\" decoding=\"async\" width=\"759\" height=\"421\" src=\"https:\/\/exelfil.com\/wp-content\/uploads\/2025\/11\/Imagen3.png\" alt=\"\" class=\"wp-image-453\"\/><\/figure>\n<\/div>\n\n\n\n<div class=\"wp-block-column is-vertically-aligned-center is-layout-flow wp-block-column-is-layout-flow\">\n<div class=\"wp-block-group is-layout-constrained wp-block-group-is-layout-constrained\">\n<p class=\"has-white-color has-text-color has-link-color has-large-font-size wp-elements-3b1d2fc4dcc360851bf4653a5d00dc18\"><strong><strong>Aprender, crescer e contribuir<\/strong><br\/><\/strong><\/p>\n\n\n\n<p class=\"has-gray-color has-text-color has-link-color has-large-font-size wp-elements-b90d93ff9b221b80b0af67fa4cf43108\">Na Exel Fil, valorizamos as pessoas que t\u00eam vontade de melhorar.<br\/>Aprender a cada dia, crescer como profissionais e contribuir para a equipa \u00e9 o que nos permite avan\u00e7ar como empresa.<br\/>Partilhamos conhecimento, damos oportunidades e esperamos que cada um deixe a sua marca, dando o melhor de si.<\/p>\n\n\n\n<p class=\"has-gray-color has-text-color has-link-color has-large-font-size wp-elements-23c272bd2ffdc82f5061f676c712f3f0\"><br\/><\/p>\n<\/div>\n<\/div>\n<\/div>\n\n<div style=\"height:200px\" aria-hidden=\"true\" class=\"wp-block-spacer\"><\/div>\n\n<div class=\"wp-block-columns is-layout-flex wp-container-core-columns-is-layout-28f84493 wp-block-columns-is-layout-flex\">\n<div class=\"wp-block-column is-vertically-aligned-center is-layout-flow wp-block-column-is-layout-flow\">\n<div class=\"wp-block-group is-layout-constrained wp-block-group-is-layout-constrained\">\n<p class=\"has-white-color has-text-color has-link-color has-large-font-size wp-elements-c553abffc5f59fef4cc759e270298e24\"><strong><strong><strong>Inspirar<\/strong><\/strong><\/strong><\/p>\n\n\n\n<p class=\"has-gray-color has-text-color has-link-color has-large-font-size wp-elements-355f4ba86530ca585d0aa16dccb7baf5\">Inspirar n\u00e3o \u00e9 s\u00f3 motivar, \u00e9 dar o exemplo.<br\/>Queremos que cada pessoa da Exel Fil se sinta capaz de dar ideias, iniciar mudan\u00e7as e contagiar com uma atitude positiva.<br\/>Quando algu\u00e9m se atreve a melhorar algo, inspira os outros a fazer o mesmo.<\/p>\n\n\n\n<p class=\"has-gray-color has-text-color has-link-color has-large-font-size wp-elements-b6fec442a5dce3e25448029965333878\"><\/p>\n\n\n\n<p class=\"has-gray-color has-text-color has-link-color has-large-font-size wp-elements-23c272bd2ffdc82f5061f676c712f3f0\"><br\/><\/p>\n<\/div>\n<\/div>\n\n\n\n<div class=\"wp-block-column is-vertically-aligned-center is-layout-flow wp-block-column-is-layout-flow\">\n<figure class=\"wp-block-image aligncenter size-full\"><img loading=\"lazy\" decoding=\"async\" width=\"351\" height=\"197\" src=\"https:\/\/exelfil.com\/wp-content\/uploads\/2025\/11\/Imagen4.png\" alt=\"\" class=\"wp-image-454\"\/><\/figure>\n<\/div>\n<\/div>\n\n<div style=\"height:200px\" aria-hidden=\"true\" class=\"wp-block-spacer\"><\/div>\n\n<div class=\"wp-block-columns is-layout-flex wp-container-core-columns-is-layout-28f84493 wp-block-columns-is-layout-flex\">\n<div class=\"wp-block-column is-vertically-aligned-top is-layout-flow wp-block-column-is-layout-flow\">\n<div class=\"wp-block-group is-layout-constrained wp-block-group-is-layout-constrained\">\n<p class=\"has-white-color has-text-color has-link-color wp-elements-c73c66d2573e98f691a4045c07cfa764\"><strong>Miss\u00e3o<\/strong><\/p>\n\n\n\n<p class=\"has-white-color has-text-color has-link-color has-large-font-size wp-elements-14491dfa25ad95fec02cbd15dc6c814d\"><strong><strong><strong><strong>Como alcan\u00e7amos o nosso prop\u00f3sito?<\/strong><\/strong><\/strong><\/strong><\/p>\n\n\n\n<ul class=\"wp-block-list\">\n<li class=\"has-gray-color has-text-color has-link-color has-large-font-size wp-elements-791557a5f74fda053f8f19acc6549baf\">Confiando nos nossos colegas.<\/li>\n\n\n\n<li class=\"has-gray-color has-text-color has-link-color has-large-font-size wp-elements-e24c1fccc820c4816c7d9abb38e60cc7\">Tomando sempre a decis\u00e3o mais honesta, mesmo quando \u00e9 a mais dif\u00edcil.<\/li>\n\n\n\n<li class=\"has-gray-color has-text-color has-link-color has-large-font-size wp-elements-1213b0746697bb997c1f82424a46e66e\">Aprendendo com cada experi\u00eancia com humildade e mente aberta.<\/li>\n\n\n\n<li class=\"has-gray-color has-text-color has-link-color has-large-font-size wp-elements-c0b222cd747f5daa99221846f52f5da5\">Dizendo o que pensamos, sem medo de errar, e reconhecendo os nossos erros.<\/li>\n\n\n\n<li class=\"has-gray-color has-text-color has-link-color has-large-font-size wp-elements-b12ef31693d54043114eeb398139472d\">Motivando-nos, desfrutando e entusiasmando-nos com cada tarefa do nosso trabalho.<\/li>\n<\/ul>\n\n\n\n<p class=\"has-gray-color has-text-color has-link-color has-large-font-size wp-elements-23c272bd2ffdc82f5061f676c712f3f0\"><br\/><\/p>\n<\/div>\n<\/div>\n\n\n\n<div class=\"wp-block-column is-layout-flow wp-block-column-is-layout-flow\">\n<div class=\"wp-block-group is-layout-constrained wp-block-group-is-layout-constrained\">\n<p class=\"has-white-color has-text-color has-link-color wp-elements-d40e53d6a0d5511ade901e6ef4273355\"><strong>Vis\u00e3o<\/strong><\/p>\n\n\n\n<p class=\"has-gray-color has-text-color has-link-color has-large-font-size wp-elements-9fd9fbb7cb76f8b6e1994b9338946d1f\">A Exel Fil existe para mostrar ao mundo que produzimos o melhor a\u00e7o trefilado gra\u00e7as \u00e0 nossa equipa, que a cada dia se esfor\u00e7a, aprende e se entusiasma para ser a melhor vers\u00e3o de si mesma.<\/p>\n\n\n\n<div style=\"height:100px\" aria-hidden=\"true\" class=\"wp-block-spacer\"><\/div>\n\n\n\n<figure class=\"wp-block-image size-large\"><img loading=\"lazy\" decoding=\"async\" width=\"1920\" height=\"1281\" src=\"https:\/\/exelfil.com\/wp-content\/uploads\/2025\/06\/CULTURA-2-1920x1281.jpg\" alt=\"\" class=\"wp-image-140\" srcset=\"https:\/\/exelfil.com\/wp-content\/uploads\/2025\/06\/CULTURA-2-1920x1281.jpg 1920w, https:\/\/exelfil.com\/wp-content\/uploads\/2025\/06\/CULTURA-2-1280x854.jpg 1280w\" sizes=\"auto, (max-width: 1920px) 100vw, 1920px\" \/><\/figure>\n<\/div>\n<\/div>\n<\/div>\n\n<div class=\"wp-block-group is-layout-constrained wp-container-core-group-is-layout-19e250f3 wp-block-group-is-layout-constrained\"\/>\n","protected":false},"excerpt":{"rendered":"<p>Autenticidade, inova\u00e7\u00e3o e excel\u00eancia Na Exel Fil, acreditamos em fazer as coisas de forma honesta, simples e bem feitas. Apostamos na inova\u00e7\u00e3o constante para melhorar os nossos processos, produtos e servi\u00e7o. A excel\u00eancia n\u00e3o \u00e9 um objetivo final, \u00e9 uma forma de trabalhar todos os dias: com rigor, responsabilidade e respeito pelas pessoas e pelo&nbsp; <a href=\"https:\/\/exelfil.com\/pt-pt\/cultura\/\">&hellip; Read more <i class=\"glyphicon glyphicon-arrow-right\"><\/i><\/a><\/p>\n","protected":false},"author":1,"featured_media":0,"parent":0,"menu_order":2,"comment_status":"closed","ping_status":"closed","template":"","meta":{"_acf_changed":false,"footnotes":""},"class_list":["post-1254","page","type-page","status-publish","hentry"],"acf":[],"_links":{"self":[{"href":"https:\/\/exelfil.com\/pt-pt\/wp-json\/wp\/v2\/pages\/1254","targetHints":{"allow":["GET"]}}],"collection":[{"href":"https:\/\/exelfil.com\/pt-pt\/wp-json\/wp\/v2\/pages"}],"about":[{"href":"https:\/\/exelfil.com\/pt-pt\/wp-json\/wp\/v2\/types\/page"}],"author":[{"embeddable":true,"href":"https:\/\/exelfil.com\/pt-pt\/wp-json\/wp\/v2\/users\/1"}],"replies":[{"embeddable":true,"href":"https:\/\/exelfil.com\/pt-pt\/wp-json\/wp\/v2\/comments?post=1254"}],"version-history":[{"count":3,"href":"https:\/\/exelfil.com\/pt-pt\/wp-json\/wp\/v2\/pages\/1254\/revisions"}],"predecessor-version":[{"id":1760,"href":"https:\/\/exelfil.com\/pt-pt\/wp-json\/wp\/v2\/pages\/1254\/revisions\/1760"}],"wp:attachment":[{"href":"https:\/\/exelfil.com\/pt-pt\/wp-json\/wp\/v2\/media?parent=1254"}],"curies":[{"name":"wp","href":"https:\/\/api.w.org\/{rel}","templated":true}]}}