{"id":1261,"date":"2025-06-19T16:50:53","date_gmt":"2025-06-19T15:50:53","guid":{"rendered":"https:\/\/exelfil.com\/politica-de-cookies\/"},"modified":"2025-12-17T10:29:59","modified_gmt":"2025-12-17T09:29:59","slug":"politica-de-cookies","status":"publish","type":"page","link":"https:\/\/exelfil.com\/pt-pt\/politica-de-cookies\/","title":{"rendered":"Pol\u00edtica de cookies"},"content":{"rendered":"\n<h2 class=\"wp-block-heading\">Pol\u00edtica de cookies<\/h2>\n\n<p>Em cumprimento da Lei 34\/2002, de Servi\u00e7os da Sociedade da Informa\u00e7\u00e3o e do Com\u00e9rcio Eletr\u00f3nico (LSSICE), informam-se os seguintes aspetos legais do site:<br\/> <br\/>Site: www.exelfil.com<br\/>Titular: EXEL FIL, S.A.<br\/>Morada: AVINGUDA POLIGON INDUSTRIAL S\/N \/ Apartado correos 129. 25200-CERVERA<br\/>C.I.F.: A25324690<br\/>Telefone: 973 532 212<br\/>Correio eletr\u00f3nico: exelfil@exelfil.com<br\/>Dados de registo: Inscrita no Registo Comercial de Registo Comercial de Barcelona<br\/> <br\/>A EXEL FIL, S.A. pode recolher informa\u00e7\u00f5es sobre os h\u00e1bitos de pesquisa dos utilizadores do site atrav\u00e9s de cookies ou ficheiros de registo. Os cookies n\u00e3o ser\u00e3o utilizados para recolher informa\u00e7\u00f5es de car\u00e1ter pessoal. Apenas ser\u00e3o instalados se o Utilizador permanecer e continuar a navegar na nossa p\u00e1gina web, entendendo-se que consente a sua utiliza\u00e7\u00e3o e instala\u00e7\u00e3o. A seguir, fornecemos informa\u00e7\u00f5es detalhadas sobre: o que s\u00e3o os \u00abcookies\u00bb, que tipologia utiliza este site, como podem desativ\u00e1-los no navegador e como bloquear especificamente a instala\u00e7\u00e3o de Cookies de terceiros.    <\/p>\n\n<h2 class=\"wp-block-heading\">1) O que s\u00e3o as cookies?<\/h2>\n\n<p>As cookies s\u00e3o pequenos ficheiros de texto gerados pelas p\u00e1ginas web que o Utilizador visita, as quais cont\u00eam os dados de sess\u00e3o que podem ser de utilidade mais tarde na p\u00e1gina web. Os dados permitem que a p\u00e1gina web possa manter a sua informa\u00e7\u00e3o entre as p\u00e1ginas, e tamb\u00e9m para analisar a forma de interagir com o s\u00edtio.<br\/>As cookies s\u00e3o seguras, j\u00e1 que s\u00f3 podem armazenar a informa\u00e7\u00e3o que foi colocada no seu lugar pelo navegador, a informa\u00e7\u00e3o que o Utilizador tiver introduzido no navegador ou a que se inclui na solicita\u00e7\u00e3o de p\u00e1gina. N\u00e3o podem executar c\u00f3digo e n\u00e3o se podem utilizar para aceder ao equipamento do Utilizador.<br\/>As cookies s\u00e3o essenciais para o funcionamento da Internet, aportando in\u00fameras vantagens na presta\u00e7\u00e3o de servi\u00e7os interativos, facilitando a navega\u00e7\u00e3o e usabilidade das p\u00e1ginas web. As cookies n\u00e3o podem danificar os equipamentos e que estejam ativadas ajuda a identificar e resolver os erros.<br\/>A informa\u00e7\u00e3o recolhida atrav\u00e9s das cookies pode incluir a data e hora de visitas ao S\u00edtio Web, as p\u00e1ginas visionadas, o tempo que esteve no S\u00edtio Web e os s\u00edtios visitados justo antes e depois do mesmo. No entanto, nenhuma cookie permite que esta mesma possa contactar-se com o n\u00famero de telefone do Utilizador ou com qualquer outro meio de contacto pessoal. Nenhuma cookie pode extrair informa\u00e7\u00e3o do disco r\u00edgido do Utilizador ou roubar informa\u00e7\u00e3o pessoal. A \u00fanica maneira de que a informa\u00e7\u00e3o privada do Utilizador fa\u00e7a parte do ficheiro Cookie \u00e9 que o utilizador d\u00ea pessoalmente essa informa\u00e7\u00e3o ao servidor.<br\/>As cookies que permitem identificar uma pessoa consideram-se dados pessoais. Portanto, \u00e0s mesmas ser-lhe-\u00e1 de aplica\u00e7\u00e3o a Pol\u00edtica de Privacidade anteriormente descrita. Neste sentido, para a utiliza\u00e7\u00e3o das mesmas ser\u00e1 necess\u00e1rio o consentimento do Utilizador. Este consentimento ser\u00e1 comunicado, com base numa escolha aut\u00eantica, oferecido mediante uma decis\u00e3o afirmativa e positiva, antes do tratamento inicial, remov\u00edvel e documentado.         <\/p>\n\n<h2 class=\"wp-block-heading\">2) O que s\u00e3o os scripts?<\/h2>\n\n<p>Um script \u00e9 um fragmento de c\u00f3digo de programa que se utiliza para fazer com que a nossa web funcione corretamente e de forma interativa. Este c\u00f3digo executa-se no nosso servidor ou no seu dispositivo. <\/p>\n\n<h2 class=\"wp-block-heading\">3) Tipos de cookies<\/h2>\n\n<p>A seguir, fornecemos mais informa\u00e7\u00e3o para que se entendam melhor os diferentes tipos de cookies que podem ser utilizados:<br\/><strong>Segundo titularidade<\/strong><br\/>Cookies Pr\u00f3prias: s\u00e3o aquelas que se enviam ao equipamento terminal do utilizador desde um equipamento ou dom\u00ednio gerido pelo pr\u00f3prio editor e desde o que se presta o servi\u00e7o solicitado pelo utilizador.<br\/>Cookies de terceiros: s\u00e3o aquelas que se enviam ao equipamento terminal do utilizador desde um equipamento ou dom\u00ednio que n\u00e3o \u00e9 gerido pelo editor, mas sim por outra entidade que trata os dados obtidos atrav\u00e9s das cookies.<br\/><strong>Segundo a sua finalidade<\/strong><br\/>Cookies t\u00e9cnicas (necess\u00e1rias): As cookies t\u00e9cnicas s\u00e3o aquelas imprescind\u00edveis e estritamente necess\u00e1rias para o correto funcionamento de um portal web e a utiliza\u00e7\u00e3o das diferentes op\u00e7\u00f5es e servi\u00e7os que oferece.<br\/>Por exemplo, as que servem para a manuten\u00e7\u00e3o da sess\u00e3o, a gest\u00e3o do tempo de resposta, rendimento, etc.<br\/>Cookies de prefer\u00eancias ou personaliza\u00e7\u00e3o: s\u00e3o aquelas que permitem recordar informa\u00e7\u00e3o para que o utilizador aceda ao servi\u00e7o com determinadas caracter\u00edsticas que podem diferenciar a sua experi\u00eancia da de outros utilizadores, como, por exemplo, o idioma, o n\u00famero de resultados a mostrar quando o utilizador realiza uma pesquisa, o aspeto ou conte\u00fado do servi\u00e7o em fun\u00e7\u00e3o do tipo de navegador atrav\u00e9s do qual o utilizador acede ao servi\u00e7o ou da regi\u00e3o desde a que acede ao servi\u00e7o, etc.<br\/>Cookies anal\u00edticas: s\u00e3o aquelas que permitem ao respons\u00e1vel das mesmas o seguimento e an\u00e1lise do comportamento dos utilizadores dos s\u00edtios web aos que est\u00e3o vinculadas, inclu\u00edda a quantifica\u00e7\u00e3o dos impactos dos an\u00fancios. A informa\u00e7\u00e3o recolhida mediante este tipo de cookies utiliza-se na medi\u00e7\u00e3o da atividade dos s\u00edtios web, aplica\u00e7\u00e3o ou plataforma, com o fim de introduzir melhorias em fun\u00e7\u00e3o da an\u00e1lise dos dados de uso que fazem os utilizadores do servi\u00e7o.<br\/>Cookies de publicidade comportamental: s\u00e3o aquelas que armazenam informa\u00e7\u00e3o do comportamento dos utilizadores obtida atrav\u00e9s da observa\u00e7\u00e3o continuada dos seus h\u00e1bitos de navega\u00e7\u00e3o, o que permite desenvolver um perfil espec\u00edfico para mostrar publicidade em fun\u00e7\u00e3o do mesmo. <br\/><strong>Segundo prazo<\/strong><br\/>Cookies de sess\u00e3o: s\u00e3o aquelas desenhadas para recolher e armazenar dados enquanto o utilizador acede a uma p\u00e1gina web. Costumam empregar-se para armazenar informa\u00e7\u00e3o que s\u00f3 interessa conservar para a presta\u00e7\u00e3o do servi\u00e7o solicitado pelo utilizador numa s\u00f3 ocasi\u00e3o (por exemplo, uma lista de produtos adquiridos) e desaparecem ao terminar a sess\u00e3o<br\/>Cookies persistentes: s\u00e3o aquelas nas que os dados continuam armazenados no terminal e podem ser acedidos e tratados durante um per\u00edodo definido pelo respons\u00e1vel da cookie, e que pode ir de uns minutos a v\u00e1rios anos. <br\/><strong>Cookies pr\u00f3prias<\/strong><br\/>S\u00e3o aqueles cookies que s\u00e3o enviados para o computador ou dispositivo do Utilizador e geridos exclusivamente pela EXEL FIL, S.A. para o melhor funcionamento do Site Web. A informa\u00e7\u00e3o que se recolhe \u00e9 utilizada para melhorar a qualidade do Site Web e o seu Conte\u00fado e a sua experi\u00eancia como Utilizador. Estes cookies permitem reconhecer o Utilizador como visitante recorrente do Site Web e adaptar o conte\u00fado para lhe oferecer conte\u00fados que se ajustem \u00e0s suas prefer\u00eancias.<br\/>__hssc<br\/>Finalidade: Anal\u00edtica<br\/>Descri\u00e7\u00e3o: Este cookie \u00e9 utilizado pelo HubSpot para rastrear sess\u00f5es. Determina se o HubSpot deve incrementar o n\u00famero de sess\u00e3o e as marcas de tempo no cookie __hstc.<br\/>Dura\u00e7\u00e3o: 30 minutos<br\/> <br\/>__hssrc<br\/>Finalidade: Anal\u00edtica<br\/>Descri\u00e7\u00e3o: Cada vez que o HubSpot altera o cookie de sess\u00e3o, este cookie tamb\u00e9m \u00e9 estabelecido. \u00c9 usado para determinar se o visitante reiniciou o seu navegador. Se este cookie n\u00e3o existir quando se gerem os cookies, assume-se que \u00e9 uma nova sess\u00e3o.<br\/>Dura\u00e7\u00e3o: Sess\u00e3o (\u00e9 eliminado quando se fecha o navegador)<br\/> <br\/>__hstc<br\/>Finalidade: Anal\u00edtica<br\/>Descri\u00e7\u00e3o: O cookie principal de seguimento de visitantes do HubSpot. Cont\u00e9m o dom\u00ednio, o utk (ver cookie hubspotutk), marca de tempo inicial (primeira visita), \u00faltima marca de tempo (\u00faltima visita), marca de tempo atual (esta visita) e o n\u00famero de sess\u00e3o (incrementa para cada sess\u00e3o posterior).<br\/>Dura\u00e7\u00e3o: 13 meses<br\/> <br\/>_ga<br\/>Finalidade: Anal\u00edtica<br\/>Descri\u00e7\u00e3o: Este cookie \u00e9 instalado pelo Google Analytics. \u00c9 utilizado para calcular dados de visitantes, sess\u00f5es, campanhas e rastrear o uso do site para o relat\u00f3rio de an\u00e1lise do site. O cookie armazena informa\u00e7\u00f5es de maneira an\u00f3nima e atribui um n\u00famero gerado aleatoriamente para identificar visitantes \u00fanicos.<br\/>Dura\u00e7\u00e3o: 2 anos<br\/> <br\/>_ga_6PT5W0BWYS<br\/>Finalidade: Anal\u00edtica<br\/>Descri\u00e7\u00e3o: Este \u00e9 um cookie espec\u00edfico do Google Analytics para a propriedade espec\u00edfica, utilizado para distinguir os utilizadores e sess\u00f5es no site.<br\/>Dura\u00e7\u00e3o: 2 anos<br\/> <br\/>_gcl_au<br\/>Finalidade: Marketing<br\/>Descri\u00e7\u00e3o: Este cookie \u00e9 utilizado pelo Google AdSense para experimentar com a efici\u00eancia publicit\u00e1ria nos sites web que usam os seus servi\u00e7os.<br\/>Dura\u00e7\u00e3o: 3 meses<br\/> <br\/>hubspotutk<br\/>Finalidade: Anal\u00edtica<br\/>Descri\u00e7\u00e3o: Este cookie \u00e9 utilizado para fazer um seguimento da identidade de um visitante. Este cookie \u00e9 passado para o HubSpot quando se envia um formul\u00e1rio e \u00e9 utilizado ao eliminar a duplica\u00e7\u00e3o de contactos.<br\/>Dura\u00e7\u00e3o: 13 meses<br\/> <br\/>pll_language<br\/>Finalidade: Funcional<br\/>Descri\u00e7\u00e3o: Este cookie \u00e9 utilizado pelo Polylang para recordar o idioma selecionado pelo utilizador quando regressa ao site web, e tamb\u00e9m para obter a informa\u00e7\u00e3o do idioma quando n\u00e3o est\u00e1 dispon\u00edvel de outra maneira.<br\/>Dura\u00e7\u00e3o: 1 ano         <br\/><strong>Cookies de terceiros<\/strong><br\/>O s\u00edtio web n\u00e3o gera cookies de terceiros.<br\/><strong>Cookies de redes sociais<\/strong><br\/>A EXEL FIL, S.A. incorpora plugins de redes sociais, que permitem aceder \u00e0s mesmas a partir do S\u00edtio Web. Por esta raz\u00e3o, as cookies de redes sociais podem armazenar-se no navegador do Utilizador. Os titulares de ditas redes sociais disp\u00f5em das suas pr\u00f3prias pol\u00edticas de prote\u00e7\u00e3o de dados e de cookies, sendo eles mesmos, em cada caso, respons\u00e1veis dos seus pr\u00f3prios ficheiros e das suas pr\u00f3prias pr\u00e1ticas de privacidade. O Utilizador deve referir-se \u00e0s mesmas para se informar acerca de ditas cookies e, no seu caso, do tratamento dos seus dados pessoais. Unicamente a t\u00edtulo informativo indicam-se a seguir os enlaces nos que se podem consultar ditas pol\u00edticas de privacidade e\/ou de cookies:<br\/>Instagram: https:\/\/privacycenter.instagram.com\/policy\/?entry_point=ig_help_center_data_policy_redirect<br\/>Linkedin: https:\/\/www.linkedin.com\/legal\/privacy-policy    <\/p>\n\n<h2 class=\"wp-block-heading\">4) Respons\u00e1vel pelo tratamento das cookies<\/h2>\n\n<p>O titular do site e respons\u00e1vel pelo tratamento dos cookies aqui utilizados, assim como os seus dados de contacto, s\u00e3o acess\u00edveis no Aviso Legal desta p\u00e1gina. Al\u00e9m disso, podem existir cookies de terceiros distintos do titular deste site, como se explica posteriormente.  <\/p>\n\n<h2 class=\"wp-block-heading\">5) Legitima\u00e7\u00e3o para o uso de cookies<\/h2>\n\n<p>No caso das cookies t\u00e9cnicas, ou seja, aquelas que resultam imprescind\u00edveis para navegar por esta web e receber o servi\u00e7o oferecido atrav\u00e9s dela, a base legal do seu uso \u00e9 o acordo atrav\u00e9s do qual voc\u00ea decide utilizar esta p\u00e1gina web e utilizar os seus servi\u00e7os.<br\/>A base legal do uso do resto de cookies \u00e9 o consentimento do utilizador, que se lhe solicita no momento de aceder a esta web, podendo revog\u00e1-lo em qualquer momento. A retirada de dito consentimento n\u00e3o afetar\u00e1 a possibilidade de navegar por esta web e utilizar os seus servi\u00e7os, mas os tratamentos de dados efetuados com anterioridade n\u00e3o perder\u00e3o a sua licitude pelo facto de que o consentimento se tenha revogado. <br\/> <\/p>\n\n<h2 class=\"wp-block-heading\">6) Consentimento<\/h2>\n\n<p>O utilizador ter\u00e1 que aceitar de maneira expl\u00edcita e ativa o uso das cookies antes anunciadas, pelos per\u00edodos assinalados anteriormente e nas condi\u00e7\u00f5es contidas na presente Pol\u00edtica de Cookies.<br\/> <\/p>\n\n<h2 class=\"wp-block-heading\">7) Retirada do consentimento<\/h2>\n\n<p>O utilizador poder\u00e1 retirar em qualquer momento o seu consentimento relacionado com esta Pol\u00edtica de Cookies, por isso ter\u00e1 de eliminar as cookies armazenadas no seu equipamento utilizando as defini\u00e7\u00f5es e configura\u00e7\u00f5es do seu navegador de internet.<br\/> <\/p>\n\n<h2 class=\"wp-block-heading\">8) Direitos do interessado<\/h2>\n\n<p>A maioria das cookies recolhem informa\u00e7\u00e3o an\u00f3nima, que n\u00e3o permite obter a identidade do utilizador, ainda que alguns dos c\u00f3digos que se incluem servem para singularizar ou individualizar o navegador do seu dispositivo utilizado, podendo ser de aplica\u00e7\u00e3o a normativa em mat\u00e9ria de prote\u00e7\u00e3o de dados pessoais. Por isso, informamos de que a informa\u00e7\u00e3o que se obt\u00e9m por meio das cookies, ser\u00e1 tratada com as finalidades indicadas na presente Pol\u00edtica de Cookies. Al\u00e9m disso, esta informa\u00e7\u00e3o tamb\u00e9m ser\u00e1 tratada por aquelas empresas que proveem cookies com as finalidades indicadas nas suas respetivas pol\u00edticas de privacidade.  <br\/>N\u00e3o obstante, tendo em conta que estes c\u00f3digos n\u00e3o permitem a identifica\u00e7\u00e3o do Utilizador, n\u00e3o ser\u00e3o aplic\u00e1veis os direitos de acesso, retifica\u00e7\u00e3o, supress\u00e3o, oposi\u00e7\u00e3o, limita\u00e7\u00e3o e portabilidade reconhecidos na normativa de prote\u00e7\u00e3o de dados, salvo que o Utilizador seja capaz de aportar informa\u00e7\u00e3o adicional que permita vincular a sua identidade com os c\u00f3digos identificativos das suas cookies.<br\/>Em caso de considerar vulnerado o seu direito \u00e0 prote\u00e7\u00e3o de dados, o utilizador poder\u00e1 interpor uma reclama\u00e7\u00e3o ante a Ag\u00eancia Espanhola de Prote\u00e7\u00e3o de Dados (www.aepd.es) ou ante o nosso Delegado de Prote\u00e7\u00e3o de Dados\/ respons\u00e1vel de prote\u00e7\u00e3o de dados no seguinte e-mail exelfil@exelfil.com.<br\/>Por outro lado, informamos que alguns dos nossos fornecedores, s\u00f3cios e colaboradores podem estar localizados nos Estados Unidos ou outros pa\u00edses cuja legisla\u00e7\u00e3o n\u00e3o oferece um n\u00edvel de prote\u00e7\u00e3o de dados equivalente ao europeu. Ao consentir o uso de cookies e a partilha de dados, consente a transfer\u00eancia dos seus dados pessoais. <br\/> <\/p>\n\n<h2 class=\"wp-block-heading\">9) Gest\u00e3o de cookies: garantias complementares<\/h2>\n\n<p>Todos os navegadores de Internet permitem limitar o comportamento de um cookie ou desativar os cookies dentro da configura\u00e7\u00e3o ou das op\u00e7\u00f5es do navegador. Os passos para o fazer s\u00e3o diferentes para cada navegador, podendo encontrar-se instru\u00e7\u00f5es no menu de ajuda de cada navegador.<br\/>Muitos navegadores permitem ativar um modo privado mediante o qual os cookies s\u00e3o apagados sempre ap\u00f3s a visita. Dependendo de cada navegador, este modo privado pode ter diferentes nomes. A seguir, pode encontrar-se uma lista dos navegadores mais comuns com um link para a configura\u00e7\u00e3o de cookies e os diferentes nomes deste \u00abmodo privado\u00bb:<br\/>\u2013 Internet Explorer: http:\/\/windows.microsoft.com\/es-xl\/internet-explorer\/delete-manage-cookies#ie=ie-11<br\/>\u2013 FireFox: https:\/\/support.mozilla.org\/es\/kb\/Borrarcookies<br\/>\u2013 Chrome: https:\/\/support.google.com\/chrome\/answer\/95647?hl=es<br\/>\u2013 Safari: http:\/\/www.apple.com\/legal\/privacy\/es\/cookies\/<br\/>\u2013 Opera: https:\/\/help.opera.com\/en\/latest\/security-and-privacy\/<br\/>\u2013 Safari para iOS (dispositivos iPhone e iPad): http:\/\/help.opera.com\/Linux\/10.50\/en\/cookies.html<br\/>\u2013 Chrome para Android: https:\/\/support.google.com\/chrome\/answer\/2392971?hl=es<br\/>\u2013 Windows Phone: http:\/\/www.windowsphone.com\/es-es\/how-to\/wp7\/web\/changing-privacy-and-other-browser-<br\/> <br\/>Para obter mais informa\u00e7\u00f5es sobre a elimina\u00e7\u00e3o, desativa\u00e7\u00e3o ou bloqueio de cookies, tamb\u00e9m pode visitar: http:\/\/www.aboutcookies.org\/Default.aspx?page=2<br\/>Caso se desativem os cookies, n\u00e3o poderemos manter as suas prefer\u00eancias e algumas funcionalidades do Site Web poder\u00e3o ficar inoperacionais, n\u00e3o podendo oferecer-lhe servi\u00e7os personalizados.   <br\/> <\/p>\n\n<h2 class=\"wp-block-heading\">10) Atualiza\u00e7\u00e3o da pol\u00edtica de cookies<\/h2>\n\n<p>Este s\u00edtio web pode modificar esta Pol\u00edtica sobre Cookies, por isso recomendamos-lhe rever esta pol\u00edtica cada vez que aceda ao nosso s\u00edtio web para estar adequadamente informado sobre o uso que fazemos das cookies.<\/p>\n","protected":false},"excerpt":{"rendered":"<p>Pol\u00edtica de cookies Em cumprimento da Lei 34\/2002, de Servi\u00e7os da Sociedade da Informa\u00e7\u00e3o e do Com\u00e9rcio Eletr\u00f3nico (LSSICE), informam-se os seguintes aspetos legais do site: Site: www.exelfil.comTitular: EXEL FIL, S.A.Morada: AVINGUDA POLIGON INDUSTRIAL S\/N \/ Apartado correos 129. 25200-CERVERAC.I.F.: A25324690Telefone: 973 532 212Correio eletr\u00f3nico: exelfil@exelfil.comDados de registo: Inscrita no Registo Comercial de Registo Comercial&nbsp; <a href=\"https:\/\/exelfil.com\/pt-pt\/politica-de-cookies\/\">&hellip; Read more <i class=\"glyphicon glyphicon-arrow-right\"><\/i><\/a><\/p>\n","protected":false},"author":1,"featured_media":0,"parent":0,"menu_order":99,"comment_status":"closed","ping_status":"closed","template":"","meta":{"_acf_changed":false,"footnotes":""},"class_list":["post-1261","page","type-page","status-publish","hentry"],"acf":[],"_links":{"self":[{"href":"https:\/\/exelfil.com\/pt-pt\/wp-json\/wp\/v2\/pages\/1261","targetHints":{"allow":["GET"]}}],"collection":[{"href":"https:\/\/exelfil.com\/pt-pt\/wp-json\/wp\/v2\/pages"}],"about":[{"href":"https:\/\/exelfil.com\/pt-pt\/wp-json\/wp\/v2\/types\/page"}],"author":[{"embeddable":true,"href":"https:\/\/exelfil.com\/pt-pt\/wp-json\/wp\/v2\/users\/1"}],"replies":[{"embeddable":true,"href":"https:\/\/exelfil.com\/pt-pt\/wp-json\/wp\/v2\/comments?post=1261"}],"version-history":[{"count":2,"href":"https:\/\/exelfil.com\/pt-pt\/wp-json\/wp\/v2\/pages\/1261\/revisions"}],"predecessor-version":[{"id":1541,"href":"https:\/\/exelfil.com\/pt-pt\/wp-json\/wp\/v2\/pages\/1261\/revisions\/1541"}],"wp:attachment":[{"href":"https:\/\/exelfil.com\/pt-pt\/wp-json\/wp\/v2\/media?parent=1261"}],"curies":[{"name":"wp","href":"https:\/\/api.w.org\/{rel}","templated":true}]}}