{"id":1315,"date":"2025-11-17T09:52:41","date_gmt":"2025-11-17T08:52:41","guid":{"rendered":"https:\/\/exelfil.com\/politica-de-qualidade\/"},"modified":"2025-12-17T10:28:36","modified_gmt":"2025-12-17T09:28:36","slug":"politica-de-qualidade","status":"publish","type":"page","link":"https:\/\/exelfil.com\/pt-pt\/politica-de-qualidade\/","title":{"rendered":"Pol\u00edtica de qualidade"},"content":{"rendered":"\n<h2 class=\"wp-block-heading\">Pol\u00edtica de qualidade<\/h2>\n\n<p>A EXEL FIL, S.A., tem como objetivo a melhoria cont\u00ednua da qualidade e desempenho dos seus produtos, que satisfa\u00e7am as expectativas de cada cliente, garantindo assim a sua confian\u00e7a e o sucesso a longo prazo da empresa.<br\/>A Miss\u00e3o da EXEL FIL \u00e9 construir valor a cada dia para que os clientes, a nossa equipa e os acionistas possam desenvolver todo o seu potencial.<\/p>\n\n<p>A nossa Vis\u00e3o \u00e9 conseguir a confian\u00e7a dos nossos clientes, o que nos torna melhores.<\/p>\n\n<p>Por isso, estabelece, declara e assume os seguintes princ\u00edpios:<br\/>1. A qualidade final do produto \u00e9 o resultado das a\u00e7\u00f5es planeadas e sistem\u00e1ticas de preven\u00e7\u00e3o, corre\u00e7\u00e3o e melhoria cont\u00ednua durante todo o ciclo produtivo, com a vontade e motiva\u00e7\u00e3o de todos os departamentos.<\/p>\n\n<p>2. As exig\u00eancias contratuais s\u00e3o o \u00fanico crit\u00e9rio para estabelecer o padr\u00e3o de qualidade dos nossos produtos.<\/p>\n\n<p>3. Os requisitos de qualidade, as exig\u00eancias contratuais e os requisitos legais devem ser corretamente especificados de forma objetiva nas fichas dos clientes e em cada uma das encomendas. Esta documenta\u00e7\u00e3o ser\u00e1 inclu\u00edda em todas as Ordens de Fabrico desse cliente para poder garantir as suas exig\u00eancias.<\/p>\n\n<p>4. A qualidade \u00e9 uma causa comum a todas as \u00e1reas da Empresa. Cada uma das \u00e1reas deve assumir que \u00e9 cliente e fornecedor de outros departamentos e pessoas da Empresa.<\/p>\n\n<p>5. Absoluta honestidade com os clientes, perseveran\u00e7a e rigor.<\/p>\n\n<h2 class=\"wp-block-heading\">Pol\u00edticas ISO \u2013 Exel Fil<\/h2>\n\n<p><a href=\"http:\/\/exelfil.com\/wp-content\/uploads\/2025\/07\/Politica-integrada-de-gestion-ambiental-y-reduccio-de-emisiones-de-gases-de-efecto-invernadero-1.pdf\"><span style=\"text-decoration: underline;\">Pol\u00edtica integrada de gest\u00e3o ambiental e redu\u00e7\u00e3o de emiss\u00f5es de gases de efeito estufa<\/span><\/a><\/p>\n\n<p><a href=\"http:\/\/exelfil.com\/wp-content\/uploads\/2025\/07\/Politica-integrada-de-gestion-de-la-energia.pdf\"><span style=\"text-decoration: underline;\">Pol\u00edtica integrada de gest\u00e3o da energia<\/span><\/a><\/p>\n\n<p><a href=\"http:\/\/exelfil.com\/wp-content\/uploads\/2025\/07\/Politica-integrada-de-gestion-de-la-calidad-y-el-medio-ambiente-1.pdf\"><span style=\"text-decoration: underline;\">Pol\u00edtica integrada de gest\u00e3o da qualidade e do ambiente<\/span><\/a><\/p>\n\n<p><a href=\"http:\/\/exelfil.com\/wp-content\/uploads\/2025\/07\/Politica-integrada-de-gestion-de-la-calidad-y-el-medio-ambiente-1.pdf\"><span style=\"text-decoration: underline;\">Pol\u00edtica integrada de gest\u00e3o da qualidade e do ambiente<\/span><\/a><\/p>\n\n<p><\/p>\n","protected":false},"excerpt":{"rendered":"<p>Pol\u00edtica de qualidade A EXEL FIL, S.A., tem como objetivo a melhoria cont\u00ednua da qualidade e desempenho dos seus produtos, que satisfa\u00e7am as expectativas de cada cliente, garantindo assim a sua confian\u00e7a e o sucesso a longo prazo da empresa.A Miss\u00e3o da EXEL FIL \u00e9 construir valor a cada dia para que os clientes, a&nbsp; <a href=\"https:\/\/exelfil.com\/pt-pt\/politica-de-qualidade\/\">&hellip; Read more <i class=\"glyphicon glyphicon-arrow-right\"><\/i><\/a><\/p>\n","protected":false},"author":1,"featured_media":0,"parent":0,"menu_order":99,"comment_status":"closed","ping_status":"closed","template":"","meta":{"_acf_changed":false,"footnotes":""},"class_list":["post-1315","page","type-page","status-publish","hentry"],"acf":[],"_links":{"self":[{"href":"https:\/\/exelfil.com\/pt-pt\/wp-json\/wp\/v2\/pages\/1315","targetHints":{"allow":["GET"]}}],"collection":[{"href":"https:\/\/exelfil.com\/pt-pt\/wp-json\/wp\/v2\/pages"}],"about":[{"href":"https:\/\/exelfil.com\/pt-pt\/wp-json\/wp\/v2\/types\/page"}],"author":[{"embeddable":true,"href":"https:\/\/exelfil.com\/pt-pt\/wp-json\/wp\/v2\/users\/1"}],"replies":[{"embeddable":true,"href":"https:\/\/exelfil.com\/pt-pt\/wp-json\/wp\/v2\/comments?post=1315"}],"version-history":[{"count":2,"href":"https:\/\/exelfil.com\/pt-pt\/wp-json\/wp\/v2\/pages\/1315\/revisions"}],"predecessor-version":[{"id":1534,"href":"https:\/\/exelfil.com\/pt-pt\/wp-json\/wp\/v2\/pages\/1315\/revisions\/1534"}],"wp:attachment":[{"href":"https:\/\/exelfil.com\/pt-pt\/wp-json\/wp\/v2\/media?parent=1315"}],"curies":[{"name":"wp","href":"https:\/\/api.w.org\/{rel}","templated":true}]}}