{"id":1490,"date":"2025-07-03T10:59:56","date_gmt":"2025-07-03T09:59:56","guid":{"rendered":"https:\/\/exelfil.com\/product\/aco-recozido-recolha\/"},"modified":"2025-12-18T16:19:26","modified_gmt":"2025-12-18T15:19:26","slug":"aco-recozido-recolha","status":"publish","type":"product","link":"https:\/\/exelfil.com\/pt-pt\/product\/aco-recozido-recolha\/","title":{"rendered":"A\u00e7o recozido \u2014 Recolha"},"content":{"rendered":"\n<div class=\"wp-block-group is-nowrap is-layout-flex wp-container-core-group-is-layout-6c531013 wp-block-group-is-layout-flex\">\n<div class=\"wp-block-columns mlrg-reverse-mobile is-layout-flex wp-container-core-columns-is-layout-28f84493 wp-block-columns-is-layout-flex\">\n<div class=\"wp-block-column is-layout-flow wp-block-column-is-layout-flow\" style=\"flex-basis:60%\">\n<h2 class=\"wp-block-heading\" style=\"text-transform:uppercase\">Arame recozido para prensas autom\u00e1ticas, para embalar papel, cart\u00e3o, pl\u00e1stico e RSU, com atado autom\u00e1tico. <\/h2>\n\n\n\n<p>Arame estirado segundo a norma EN-16120\/2.<\/p>\n<\/div>\n\n\n\n<div class=\"wp-block-column is-layout-flow wp-block-column-is-layout-flow\" style=\"flex-basis:20%\"><\/div>\n\n\n\n<div class=\"wp-block-column is-layout-flow wp-block-column-is-layout-flow\" style=\"flex-basis:20%\">\n<div class=\"wp-block-group is-layout-constrained wp-block-group-is-layout-constrained\">\n<figure class=\"wp-block-image size-full\"><img loading=\"lazy\" decoding=\"async\" width=\"606\" height=\"600\" src=\"https:\/\/exelfil.com\/wp-content\/uploads\/2025\/07\/PICK-UP-TRIMMED.png\" alt=\"Recolha\" class=\"wp-image-1620\" style=\"aspect-ratio:1;object-fit:cover\" srcset=\"https:\/\/exelfil.com\/wp-content\/uploads\/2025\/07\/PICK-UP-TRIMMED.png 606w, https:\/\/exelfil.com\/wp-content\/uploads\/2025\/07\/PICK-UP-TRIMMED-150x150.png 150w\" sizes=\"auto, (max-width: 606px) 100vw, 606px\" \/><\/figure>\n<\/div>\n<\/div>\n<\/div>\n<\/div>\n\n<div class=\"wp-block-group is-layout-constrained wp-block-group-is-layout-constrained\">\n<div style=\"height:48px\" aria-hidden=\"true\" class=\"wp-block-spacer\"><\/div>\n\n\n\n<h2 class=\"wp-block-heading has-medium-font-size\">Benef\u00edcios Chave<\/h2>\n\n\n\n<h5 class=\"wp-block-heading has-x-large-font-size\">Acabamento sem imperfei\u00e7\u00f5es<\/h5>\n\n\n\n<p>Superf\u00edcie uniforme e limpa, sem arranh\u00f5es nem fissuras.<\/p>\n\n\n\n<h5 class=\"wp-block-heading has-x-large-font-size\">Alta fiabilidade<\/h5>\n\n\n\n<p>Ideal para processos de transforma\u00e7\u00e3o como dobragem, endireitamento e soldadura.<\/p>\n\n\n\n<h5 class=\"wp-block-heading has-x-large-font-size\">Compatibilidade com revestimentos<\/h5>\n\n\n\n<p>Perfeito para revestimentos de alta qualidade como cromagem, niquelagem e outros processos que requeiram precis\u00e3o na superf\u00edcie.<\/p>\n<\/div>\n\n<h2 class=\"wp-block-heading has-medium-font-size\">Especifica\u00e7\u00f5es t\u00e9cnicas<\/h2>\n\n<div id=\"slider-block_34cf7b7e743a5c8cae88fa72d1ea7e47\" class=\"slider-block overflowed  md:mb-20\">\n        \n    <div class=\"slider-carousel flex flex-wrap md:block -mx-1 md:mx-0 px-2 md:px-0\">\n    \n        \n            <div class=\"slide h-full w-1\/2 md:w-auto px-1 md:px-0 mb-5 md:mb-0\">\n\n                <div class=\"px-1\">\n                \n                    <img decoding=\"async\" class=\"image-1 w-full h-full block mb-1\" src=\"https:\/\/exelfil.com\/wp-content\/uploads\/2025\/06\/p04.svg\" alt=\"\">\n                    <div class=\"caption-1\">Embalagem<\/div>\n                    <div class=\"caption-2\">Bobinas de 25 kg a 50 kg<br \/>\r\n<\/div>\n                \n                <\/div>\n\n            <\/div>\n\n        \n            <div class=\"slide h-full w-1\/2 md:w-auto px-1 md:px-0 mb-5 md:mb-0\">\n\n                <div class=\"px-1\">\n                \n                    <img decoding=\"async\" class=\"image-1 w-full h-full block mb-1\" src=\"https:\/\/exelfil.com\/wp-content\/uploads\/2025\/06\/p03.svg\" alt=\"\">\n                    <div class=\"caption-1\">Di\u00e2metros dispon\u00edveis<\/div>\n                    <div class=\"caption-2\">2 &#8211; 4 mm.<\/div>\n                \n                <\/div>\n\n            <\/div>\n\n        \n            <div class=\"slide h-full w-1\/2 md:w-auto px-1 md:px-0 mb-5 md:mb-0\">\n\n                <div class=\"px-1\">\n                \n                    <img decoding=\"async\" class=\"image-1 w-full h-full block mb-1\" src=\"https:\/\/exelfil.com\/wp-content\/uploads\/2025\/06\/p02.svg\" alt=\"\">\n                    <div class=\"caption-1\">Acabamento<\/div>\n                    <div class=\"caption-2\">Brilhante, livre de \u00f3xidos.<\/div>\n                \n                <\/div>\n\n            <\/div>\n\n        \n            <div class=\"slide h-full w-1\/2 md:w-auto px-1 md:px-0 mb-5 md:mb-0\">\n\n                <div class=\"px-1\">\n                \n                    <img decoding=\"async\" class=\"image-1 w-full h-full block mb-1\" src=\"https:\/\/exelfil.com\/wp-content\/uploads\/2025\/06\/p01.svg\" alt=\"\">\n                    <div class=\"caption-1\">Material<\/div>\n                    <div class=\"caption-2\">A\u00e7o de baixo carbono de alta pureza.<br \/>\r\n<\/div>\n                \n                <\/div>\n\n            <\/div>\n\n        \n            <div class=\"slide h-full w-1\/2 md:w-auto px-1 md:px-0 mb-5 md:mb-0\">\n\n                <div class=\"px-1\">\n                \n                    <img decoding=\"async\" class=\"image-1 w-full h-full block mb-1\" src=\"https:\/\/exelfil.com\/wp-content\/uploads\/2025\/06\/p01.svg\" alt=\"\">\n                    <div class=\"caption-1\">Selecionamos coladas<\/div>\n                    <div class=\"caption-2\">para oferecer ao cliente a resist\u00eancia ideal.<\/div>\n                \n                <\/div>\n\n            <\/div>\n\n        \n            <div class=\"slide h-full w-1\/2 md:w-auto px-1 md:px-0 mb-5 md:mb-0\">\n\n                <div class=\"px-1\">\n                \n                    <img decoding=\"async\" class=\"image-1 w-full h-full block mb-1\" src=\"https:\/\/exelfil.com\/wp-content\/uploads\/2025\/06\/p03.svg\" alt=\"\">\n                    <div class=\"caption-1\">Apresenta\u00e7\u00e3o  <\/div>\n                    <div class=\"caption-2\">segundo os requisitos do cliente<\/div>\n                \n                <\/div>\n\n            <\/div>\n\n        \n            <div class=\"slide h-full w-1\/2 md:w-auto px-1 md:px-0 mb-5 md:mb-0\">\n\n                <div class=\"px-1\">\n                \n                    <img decoding=\"async\" class=\"image-1 w-full h-full block mb-1\" src=\"https:\/\/exelfil.com\/wp-content\/uploads\/2025\/06\/p02.svg\" alt=\"\">\n                    <div class=\"caption-1\">Di\u00e2metro e peso<\/div>\n                    <div class=\"caption-2\">Padr\u00e3o ou sob pedido.<br \/>\r\n<\/div>\n                \n                <\/div>\n\n            <\/div>\n\n        \n            <div class=\"slide h-full w-1\/2 md:w-auto px-1 md:px-0 mb-5 md:mb-0\">\n\n                <div class=\"px-1\">\n                \n                    <img decoding=\"async\" class=\"image-1 w-full h-full block mb-1\" src=\"https:\/\/exelfil.com\/wp-content\/uploads\/2025\/06\/p01.svg\" alt=\"\">\n                    <div class=\"caption-1\">Dispon\u00edvel em<\/div>\n                    <div class=\"caption-2\">-Qualidade superior<br \/>\r\n-Alta resist\u00eancia C1018<\/div>\n                \n                <\/div>\n\n            <\/div>\n\n        \n    <\/div>   \n\n<\/div>\n\n","protected":false},"featured_media":1625,"menu_order":4,"template":"","meta":{"_acf_changed":false},"product_cat":[49],"class_list":["post-1490","product","type-product","status-publish","has-post-thumbnail","hentry","product_cat-arame-de-aco-recozido"],"acf":[],"_links":{"self":[{"href":"https:\/\/exelfil.com\/pt-pt\/wp-json\/wp\/v2\/product\/1490","targetHints":{"allow":["GET"]}}],"collection":[{"href":"https:\/\/exelfil.com\/pt-pt\/wp-json\/wp\/v2\/product"}],"about":[{"href":"https:\/\/exelfil.com\/pt-pt\/wp-json\/wp\/v2\/types\/product"}],"wp:featuredmedia":[{"embeddable":true,"href":"https:\/\/exelfil.com\/pt-pt\/wp-json\/wp\/v2\/media\/1625"}],"wp:attachment":[{"href":"https:\/\/exelfil.com\/pt-pt\/wp-json\/wp\/v2\/media?parent=1490"}],"wp:term":[{"taxonomy":"product_cat","embeddable":true,"href":"https:\/\/exelfil.com\/pt-pt\/wp-json\/wp\/v2\/product_cat?post=1490"}],"curies":[{"name":"wp","href":"https:\/\/api.w.org\/{rel}","templated":true}]}}