{"id":1499,"date":"2025-06-19T16:20:38","date_gmt":"2025-06-19T15:20:38","guid":{"rendered":"https:\/\/exelfil.com\/product\/aco-recozido-bobina\/"},"modified":"2025-12-16T09:51:44","modified_gmt":"2025-12-16T08:51:44","slug":"aco-recozido-bobina","status":"publish","type":"product","link":"https:\/\/exelfil.com\/pt-pt\/product\/aco-recozido-bobina\/","title":{"rendered":"A\u00e7o recozido &#8211; Bobina"},"content":{"rendered":"\n<div class=\"wp-block-group is-nowrap is-layout-flex wp-container-core-group-is-layout-6c531013 wp-block-group-is-layout-flex\">\n<div class=\"wp-block-columns mlrg-reverse-mobile is-layout-flex wp-container-core-columns-is-layout-28f84493 wp-block-columns-is-layout-flex\">\n<div class=\"wp-block-column is-layout-flow wp-block-column-is-layout-flow\" style=\"flex-basis:60%\">\n<h2 class=\"wp-block-heading\" style=\"text-transform:uppercase\">Arame recozido para prensas autom\u00e1ticas, para embalar papel, cart\u00e3o, pl\u00e1stico e res\u00edduos s\u00f3lidos urbanos com atado autom\u00e1tico.<\/h2>\n\n\n\n<div class=\"wp-block-columns is-layout-flex wp-container-core-columns-is-layout-28f84493 wp-block-columns-is-layout-flex\">\n<div class=\"wp-block-column is-layout-flow wp-block-column-is-layout-flow\" style=\"flex-basis:60%\">\n<p>Arame de a\u00e7o recozido trefilado estirado segundo a norma EN-16120\/2. <\/p>\n<\/div>\n\n\n\n<div class=\"wp-block-column is-layout-flow wp-block-column-is-layout-flow\" style=\"flex-basis:40%\"><\/div>\n<\/div>\n<\/div>\n\n\n\n<div class=\"wp-block-column is-layout-flow wp-block-column-is-layout-flow\" style=\"flex-basis:20%\"><\/div>\n\n\n\n<div class=\"wp-block-column is-layout-flow wp-block-column-is-layout-flow\" style=\"flex-basis:20%\">\n<div class=\"wp-block-group is-layout-constrained wp-block-group-is-layout-constrained\">\n<figure class=\"wp-block-image size-full\"><img loading=\"lazy\" decoding=\"async\" width=\"600\" height=\"582\" src=\"https:\/\/exelfil.com\/wp-content\/uploads\/2025\/06\/Home_producte2-des.png\" alt=\"\" class=\"wp-image-532\"\/><\/figure>\n<\/div>\n<\/div>\n<\/div>\n<\/div>\n\n<div class=\"wp-block-group is-layout-constrained wp-block-group-is-layout-constrained\">\n<div style=\"height:48px\" aria-hidden=\"true\" class=\"wp-block-spacer\"><\/div>\n\n\n\n<h2 class=\"wp-block-heading has-medium-font-size\">Benef\u00edcios Chave<\/h2>\n\n\n\n<h5 class=\"wp-block-heading has-x-large-font-size\">Acabamento sem imperfei\u00e7\u00f5es<\/h5>\n\n\n\n<p>Superf\u00edcie uniforme e limpa, sem arranh\u00f5es nem fissuras.<\/p>\n\n\n\n<h5 class=\"wp-block-heading has-x-large-font-size\">Alta fiabilidade<\/h5>\n\n\n\n<p>Ideal para processos de transforma\u00e7\u00e3o como dobragem, endireitamento e soldadura.<\/p>\n\n\n\n<h5 class=\"wp-block-heading has-x-large-font-size\">Compatibilidade com revestimentos<\/h5>\n\n\n\n<p>Perfeito para revestimentos de alta qualidade como cromagem, niquelagem e outros processos que requeiram precis\u00e3o na superf\u00edcie.<\/p>\n<\/div>\n\n<h2 class=\"wp-block-heading has-medium-font-size\">Especifica\u00e7\u00f5es t\u00e9cnicas<\/h2>\n\n<div id=\"slider-block_17115efbe17d675add470da42e1e8c41\" class=\"slider-block overflowed  md:mb-20\">\n        \n    <div class=\"slider-carousel flex flex-wrap md:block -mx-1 md:mx-0 px-2 md:px-0\">\n    \n        \n            <div class=\"slide h-full w-1\/2 md:w-auto px-1 md:px-0 mb-5 md:mb-0\">\n\n                <div class=\"px-1\">\n                \n                    <img decoding=\"async\" class=\"image-1 w-full h-full block mb-1\" src=\"https:\/\/exelfil.com\/wp-content\/uploads\/2025\/06\/p04.svg\" alt=\"\">\n                    <div class=\"caption-1\">Embalagem<\/div>\n                    <div class=\"caption-2\">Bobinas de<br \/>\r\n500 &#8211; 1.500 kg<\/div>\n                \n                <\/div>\n\n            <\/div>\n\n        \n            <div class=\"slide h-full w-1\/2 md:w-auto px-1 md:px-0 mb-5 md:mb-0\">\n\n                <div class=\"px-1\">\n                \n                    <img decoding=\"async\" class=\"image-1 w-full h-full block mb-1\" src=\"https:\/\/exelfil.com\/wp-content\/uploads\/2025\/06\/p03.svg\" alt=\"\">\n                    <div class=\"caption-1\">Di\u00e2metros dispon\u00edveis<\/div>\n                    <div class=\"caption-2\">2 &#8211; 7 mm.<\/div>\n                \n                <\/div>\n\n            <\/div>\n\n        \n            <div class=\"slide h-full w-1\/2 md:w-auto px-1 md:px-0 mb-5 md:mb-0\">\n\n                <div class=\"px-1\">\n                \n                    <img decoding=\"async\" class=\"image-1 w-full h-full block mb-1\" src=\"https:\/\/exelfil.com\/wp-content\/uploads\/2025\/06\/p04.svg\" alt=\"\">\n                    <div class=\"caption-1\">Material<\/div>\n                    <div class=\"caption-2\">A\u00e7o de baixo carbono de alta pureza<\/div>\n                \n                <\/div>\n\n            <\/div>\n\n        \n            <div class=\"slide h-full w-1\/2 md:w-auto px-1 md:px-0 mb-5 md:mb-0\">\n\n                <div class=\"px-1\">\n                \n                    <img decoding=\"async\" class=\"image-1 w-full h-full block mb-1\" src=\"https:\/\/exelfil.com\/wp-content\/uploads\/2025\/06\/p01.svg\" alt=\"\">\n                    <div class=\"caption-1\">Selecionamos coladas<\/div>\n                    <div class=\"caption-2\">para oferecer ao cliente a resist\u00eancia ideal.<\/div>\n                \n                <\/div>\n\n            <\/div>\n\n        \n            <div class=\"slide h-full w-1\/2 md:w-auto px-1 md:px-0 mb-5 md:mb-0\">\n\n                <div class=\"px-1\">\n                \n                    <img decoding=\"async\" class=\"image-1 w-full h-full block mb-1\" src=\"https:\/\/exelfil.com\/wp-content\/uploads\/2025\/06\/p03.svg\" alt=\"\">\n                    <div class=\"caption-1\">Apresenta\u00e7\u00e3o  <\/div>\n                    <div class=\"caption-2\">segundo os requisitos do cliente<\/div>\n                \n                <\/div>\n\n            <\/div>\n\n        \n            <div class=\"slide h-full w-1\/2 md:w-auto px-1 md:px-0 mb-5 md:mb-0\">\n\n                <div class=\"px-1\">\n                \n                    <img decoding=\"async\" class=\"image-1 w-full h-full block mb-1\" src=\"https:\/\/exelfil.com\/wp-content\/uploads\/2025\/06\/p02.svg\" alt=\"\">\n                    <div class=\"caption-1\">Di\u00e2metro e peso<\/div>\n                    <div class=\"caption-2\">Padr\u00e3o ou sob pedido.<br \/>\r\n<\/div>\n                \n                <\/div>\n\n            <\/div>\n\n        \n            <div class=\"slide h-full w-1\/2 md:w-auto px-1 md:px-0 mb-5 md:mb-0\">\n\n                <div class=\"px-1\">\n                \n                    <img decoding=\"async\" class=\"image-1 w-full h-full block mb-1\" src=\"https:\/\/exelfil.com\/wp-content\/uploads\/2025\/06\/p02.svg\" alt=\"\">\n                    <div class=\"caption-1\">Dispon\u00edvel em<\/div>\n                    <div class=\"caption-2\">-Qualidade superior<br \/>\r\n-Alta resist\u00eancia C1018<\/div>\n                \n                <\/div>\n\n            <\/div>\n\n        \n    <\/div>   \n\n<\/div>\n\n\n<div style=\"height:48px\" aria-hidden=\"true\" class=\"wp-block-spacer\"><\/div>\n\n<h2 class=\"wp-block-heading has-medium-font-size\">Aplica\u00e7\u00f5es<\/h2>\n\n<div id=\"applications-block_9713caa81b648bdd0b45c1bd164659c6\" class=\"applications-block overflowed\">\n\n            \n    <div class=\"applications-carousel\">\n    \n        \n            <div class=\"slide h-full\">\n\n                <div class=\"px-1\">\n                \n                    <img decoding=\"async\" class=\"aspect-[3\/4] object-cover w-full h-full block mb-1 transition-opacity opacity-75 hover:opacity-100 duration-100\" src=\"https:\/\/exelfil.com\/wp-content\/uploads\/2025\/06\/exelfil_4668.jpg\" alt=\"\">\n                    <div class=\"text-gray font-sans-2 text-base lg:text-xl\">Reciclagem<\/div>\n                    <div class=\"text-white text-2\">Armaduras<br \/>\r\nSuportes<br \/>\r\nAncoragens<br \/>\r\n\u2026<\/div>\n                \n                <\/div>\n\n            <\/div>\n\n        \n            <div class=\"slide h-full\">\n\n                <div class=\"px-1\">\n                \n                    <img decoding=\"async\" class=\"aspect-[3\/4] object-cover w-full h-full block mb-1 transition-opacity opacity-75 hover:opacity-100 duration-100\" src=\"https:\/\/exelfil.com\/wp-content\/uploads\/2025\/07\/REA8850-color-1920x1260.jpg\" alt=\"\">\n                    <div class=\"text-gray font-sans-2 text-base lg:text-xl\">Cart\u00e3o<\/div>\n                    <div class=\"text-white text-2\"><\/div>\n                \n                <\/div>\n\n            <\/div>\n\n        \n            <div class=\"slide h-full\">\n\n                <div class=\"px-1\">\n                \n                    <img decoding=\"async\" class=\"aspect-[3\/4] object-cover w-full h-full block mb-1 transition-opacity opacity-75 hover:opacity-100 duration-100\" src=\"https:\/\/exelfil.com\/wp-content\/uploads\/2025\/06\/pexels-nc-farm-bureau-mark-8428969.png\" alt=\"\">\n                    <div class=\"text-gray font-sans-2 text-base lg:text-xl\">Agricultura<\/div>\n                    <div class=\"text-white text-2\">Componentes mec\u00e2nicos<br \/>\r\nSuportes<br \/>\r\nV\u00e1rios<br \/>\r\n\u2026<\/div>\n                \n                <\/div>\n\n            <\/div>\n\n        \n            <div class=\"slide h-full\">\n\n                <div class=\"px-1\">\n                \n                    <img decoding=\"async\" class=\"aspect-[3\/4] object-cover w-full h-full block mb-1 transition-opacity opacity-75 hover:opacity-100 duration-100\" src=\"https:\/\/exelfil.com\/wp-content\/uploads\/2025\/06\/REA8699-color-1280x1920.jpg\" alt=\"\">\n                    <div class=\"text-gray font-sans-2 text-base lg:text-xl\">Res\u00edduos s\u00f3lidos urbanos,<\/div>\n                    <div class=\"text-white text-2\">Armaduras<br \/>\r\nSuportes<br \/>\r\nAncoragens<br \/>\r\n\u2026<\/div>\n                \n                <\/div>\n\n            <\/div>\n\n        \n            <div class=\"slide h-full\">\n\n                <div class=\"px-1\">\n                \n                    <img decoding=\"async\" class=\"aspect-[3\/4] object-cover w-full h-full block mb-1 transition-opacity opacity-75 hover:opacity-100 duration-100\" src=\"https:\/\/exelfil.com\/wp-content\/uploads\/2025\/06\/exelfil_4701.jpg\" alt=\"\">\n                    <div class=\"text-gray font-sans-2 text-base lg:text-xl\">Pl\u00e1stico<\/div>\n                    <div class=\"text-white text-2\">Veda\u00e7\u00f5es<br \/>\r\nTutores de plantas<br \/>\r\nEstruturas de suporte<br \/>\r\n\u2026<\/div>\n                \n                <\/div>\n\n            <\/div>\n\n        \n    <\/div>   \n\n<\/div>\n\n","protected":false},"featured_media":1054,"menu_order":3,"template":"","meta":{"_acf_changed":false},"product_cat":[49],"class_list":["post-1499","product","type-product","status-publish","has-post-thumbnail","hentry","product_cat-arame-de-aco-recozido"],"acf":[],"_links":{"self":[{"href":"https:\/\/exelfil.com\/pt-pt\/wp-json\/wp\/v2\/product\/1499","targetHints":{"allow":["GET"]}}],"collection":[{"href":"https:\/\/exelfil.com\/pt-pt\/wp-json\/wp\/v2\/product"}],"about":[{"href":"https:\/\/exelfil.com\/pt-pt\/wp-json\/wp\/v2\/types\/product"}],"wp:featuredmedia":[{"embeddable":true,"href":"https:\/\/exelfil.com\/pt-pt\/wp-json\/wp\/v2\/media\/1054"}],"wp:attachment":[{"href":"https:\/\/exelfil.com\/pt-pt\/wp-json\/wp\/v2\/media?parent=1499"}],"wp:term":[{"taxonomy":"product_cat","embeddable":true,"href":"https:\/\/exelfil.com\/pt-pt\/wp-json\/wp\/v2\/product_cat?post=1499"}],"curies":[{"name":"wp","href":"https:\/\/api.w.org\/{rel}","templated":true}]}}